{"id":22579,"date":"2025-06-18T09:46:01","date_gmt":"2025-06-18T09:46:01","guid":{"rendered":"https:\/\/oroel.com\/producto\/softshell-ferme-haute-visibilite\/"},"modified":"2025-06-18T09:46:01","modified_gmt":"2025-06-18T09:46:01","slug":"softshell-ferme-haute-visibilite","status":"publish","type":"product","link":"https:\/\/oroel.com\/fr\/producto\/softshell-ferme-haute-visibilite\/","title":{"rendered":"Softshell ferm\u00e9 haute visibilit\u00e9"},"content":{"rendered":"<p>Cette veste Shoftshell ferm\u00e9e \u00e0 manches longues offre une grande visibilit\u00e9 et est utilis\u00e9e comme manteau, mais avec l\u2019intention de continuer \u00e0 porter des v\u00eatements r\u00e9fl\u00e9chissants et de pr\u00e9venir les risques professionnels d\u00e9coulant d\u2019environnements peu \u00e9clair\u00e9s ou peu visibles. Ses poignets et sa taille sont enti\u00e8rement r\u00e9glables et il dispose de deux bandes r\u00e9fl\u00e9chissantes discontinues. <\/p>\n<p>Il dispose \u00e9galement d\u2019une fermeture \u00e9clair centrale visible en noir et de deux poches sur le devant et sur les c\u00f4t\u00e9s, de sorte que l\u2019ouverture de celles-ci sera verticale.<\/p>\n<p>Il garantit une visibilit\u00e9 maximale et est compos\u00e9 de 85&nbsp;% de polyester et de 15&nbsp;% de polyur\u00e9thane. Ce v\u00eatement associe le jaune et le bleu fonc\u00e9, des couleurs qui sont entrecoup\u00e9es par les deux bandes r\u00e9fl\u00e9chissantes. <\/p>\n<h3>Softshell ferm\u00e9 haute visibilit\u00e9 D194916F7 \u2013 Normes ST<\/h3>\n<p><strong>EN ISO 20471 :<\/strong> ce certificat international garantit que le v\u00eatement garantit une visibilit\u00e9 maximale pour le porteur dans des environnements \u00e0 haut risque.<\/p>\n<p><strong>EN14058 :<\/strong> Cette norme \u00e9tablit les exigences pour ces v\u00eatements simples qui prot\u00e8gent notre corps contre les environnements froids.<\/p>\n","protected":false},"excerpt":{"rendered":"<p>Poignets et taille r\u00e9glables. R\u00e9fl\u00e9chissant discontinu.<br \/>\nComposition : 85&nbsp;% polyester &#8211; 15&nbsp;% polyur\u00e9thane, 300 g\/m\u00b2 <\/p>\n","protected":false},"featured_media":20355,"comment_status":"closed","ping_status":"closed","template":"","meta":{"_acf_changed":false},"product_brand":[],"product_cat":[189,188,146,176],"product_tag":[],"class_list":{"0":"post-22579","1":"product","2":"type-product","3":"status-publish","4":"has-post-thumbnail","6":"product_cat-softshell-a-v-fr","7":"product_cat-softshell-de-travail","8":"product_cat-vetements-de-travail-industriels","9":"product_cat-vetements-haute-visibilite","10":"resize-featured-image","11":"sales-flash-overlay","12":"woocommerce-text-align-center","13":"woocommerce-image-align-center","14":"do-quantity-buttons","16":"first","17":"instock","18":"shipping-taxable","19":"product-type-simple"},"acf":[],"_links":{"self":[{"href":"https:\/\/oroel.com\/fr\/wp-json\/wp\/v2\/product\/22579","targetHints":{"allow":["GET"]}}],"collection":[{"href":"https:\/\/oroel.com\/fr\/wp-json\/wp\/v2\/product"}],"about":[{"href":"https:\/\/oroel.com\/fr\/wp-json\/wp\/v2\/types\/product"}],"replies":[{"embeddable":true,"href":"https:\/\/oroel.com\/fr\/wp-json\/wp\/v2\/comments?post=22579"}],"wp:featuredmedia":[{"embeddable":true,"href":"https:\/\/oroel.com\/fr\/wp-json\/wp\/v2\/media\/20355"}],"wp:attachment":[{"href":"https:\/\/oroel.com\/fr\/wp-json\/wp\/v2\/media?parent=22579"}],"wp:term":[{"taxonomy":"product_brand","embeddable":true,"href":"https:\/\/oroel.com\/fr\/wp-json\/wp\/v2\/product_brand?post=22579"},{"taxonomy":"product_cat","embeddable":true,"href":"https:\/\/oroel.com\/fr\/wp-json\/wp\/v2\/product_cat?post=22579"},{"taxonomy":"product_tag","embeddable":true,"href":"https:\/\/oroel.com\/fr\/wp-json\/wp\/v2\/product_tag?post=22579"}],"curies":[{"name":"wp","href":"https:\/\/api.w.org\/{rel}","templated":true}]}}