{"id":22575,"date":"2025-06-18T09:46:01","date_gmt":"2025-06-18T09:46:01","guid":{"rendered":"https:\/\/oroel.com\/producto\/polo-reflechissant-a-manches-courtes-avec-col-cotele\/"},"modified":"2025-06-18T09:46:01","modified_gmt":"2025-06-18T09:46:01","slug":"polo-reflechissant-a-manches-courtes-avec-col-cotele","status":"publish","type":"product","link":"https:\/\/oroel.com\/fr\/producto\/polo-reflechissant-a-manches-courtes-avec-col-cotele\/","title":{"rendered":"Polo r\u00e9fl\u00e9chissant \u00e0 manches courtes avec col c\u00f4tel\u00e9"},"content":{"rendered":"<p>Ce v\u00eatement r\u00e9fl\u00e9chissant \u00e0 manches courtes et haute visibilit\u00e9 est dot\u00e9 d\u2019un col c\u00f4tel\u00e9 noir et offre au travailleur un maximum de confort pendant la saison estivale ou dans les environnements aux temp\u00e9ratures chaudes.<\/p>\n<p>Il a des boutons centraux sur le devant sup\u00e9rieur du polo et une poche en haut \u00e0 gauche qui sert \u00e0 transporter des objets pas trop lourds.<\/p>\n<p>Ce produit garantit une visibilit\u00e9 maximale du travailleur de jour comme de nuit, dans toutes les conditions de visibilit\u00e9, en pr\u00e9sentant diff\u00e9rentes bandes r\u00e9fl\u00e9chissantes le long du corps et des bras.<\/p>\n<p>Sa composition est 100&nbsp;% polyester et le v\u00eatement est enti\u00e8rement jaune, \u00e0 l\u2019exception de quelques d\u00e9tails qu\u2019il pr\u00e9sente en bleu marine.<\/p>\n<h3>Normes pour le polo r\u00e9fl\u00e9chissant \u00e0 manches courtes \u00e0 col c\u00f4tel\u00e9 G280826L7-ST<\/h3>\n<p><strong>EN ISO 20471 :<\/strong> cette norme garantit que le v\u00eatement garantit une visibilit\u00e9 maximale pour le porteur dans les environnements \u00e0 haut risque.<\/p>\n","protected":false},"excerpt":{"rendered":"<p>Col c\u00f4tel\u00e9. R\u00e9fl\u00e9chissant discontinu.<br \/>\nComposition : 100&nbsp;% polyester Ag+, 180 g\/m\u00b2 <\/p>\n","protected":false},"featured_media":938,"comment_status":"closed","ping_status":"closed","template":"","meta":{"_acf_changed":false},"product_brand":[],"product_cat":[180,146,176],"product_tag":[],"class_list":{"0":"post-22575","1":"product","2":"type-product","3":"status-publish","4":"has-post-thumbnail","6":"product_cat-polos-a-v-fr","7":"product_cat-vetements-de-travail-industriels","8":"product_cat-vetements-haute-visibilite","9":"resize-featured-image","10":"sales-flash-overlay","11":"woocommerce-text-align-center","12":"woocommerce-image-align-center","13":"do-quantity-buttons","15":"first","16":"instock","17":"shipping-taxable","18":"product-type-simple"},"acf":[],"_links":{"self":[{"href":"https:\/\/oroel.com\/fr\/wp-json\/wp\/v2\/product\/22575","targetHints":{"allow":["GET"]}}],"collection":[{"href":"https:\/\/oroel.com\/fr\/wp-json\/wp\/v2\/product"}],"about":[{"href":"https:\/\/oroel.com\/fr\/wp-json\/wp\/v2\/types\/product"}],"replies":[{"embeddable":true,"href":"https:\/\/oroel.com\/fr\/wp-json\/wp\/v2\/comments?post=22575"}],"wp:featuredmedia":[{"embeddable":true,"href":"https:\/\/oroel.com\/fr\/wp-json\/wp\/v2\/media\/938"}],"wp:attachment":[{"href":"https:\/\/oroel.com\/fr\/wp-json\/wp\/v2\/media?parent=22575"}],"wp:term":[{"taxonomy":"product_brand","embeddable":true,"href":"https:\/\/oroel.com\/fr\/wp-json\/wp\/v2\/product_brand?post=22575"},{"taxonomy":"product_cat","embeddable":true,"href":"https:\/\/oroel.com\/fr\/wp-json\/wp\/v2\/product_cat?post=22575"},{"taxonomy":"product_tag","embeddable":true,"href":"https:\/\/oroel.com\/fr\/wp-json\/wp\/v2\/product_tag?post=22575"}],"curies":[{"name":"wp","href":"https:\/\/api.w.org\/{rel}","templated":true}]}}