{"id":22570,"date":"2025-06-18T09:46:01","date_gmt":"2025-06-18T09:46:01","guid":{"rendered":"https:\/\/oroel.com\/producto\/polo-a-manches-courtes-avec-reflechissant-discontinu\/"},"modified":"2025-06-18T09:46:01","modified_gmt":"2025-06-18T09:46:01","slug":"polo-a-manches-courtes-avec-reflechissant-discontinu","status":"publish","type":"product","link":"https:\/\/oroel.com\/fr\/producto\/polo-a-manches-courtes-avec-reflechissant-discontinu\/","title":{"rendered":"Polo \u00e0 manches courtes avec r\u00e9fl\u00e9chissant discontinu"},"content":{"rendered":"<p>Ce polo \u00e0 manches courtes avec visibilit\u00e9 r\u00e9fl\u00e9chissante, \u00e0 parts \u00e9gales bleu marine et jaune, apporte un confort au travailleur dans des environnements aux temp\u00e9ratures agr\u00e9ables.<\/p>\n<p>Il a des boutons centraux sur le dessus et \u00e0 l\u2019avant qui vous permettent de l\u2019enfiler et de l\u2019enlever tr\u00e8s confortablement et facilement. Ce v\u00eatement est fabriqu\u00e9 en r\u00e9fl\u00e9chissant discontinu, garantissant une visibilit\u00e9 maximale lors des occasions sombres avec tr\u00e8s peu de lumi\u00e8re. <\/p>\n<p>Sa composition est 100&nbsp;% polyester et gr\u00e2ce aux couleurs et aux bandes r\u00e9fl\u00e9chissantes, il r\u00e9duit le risque d\u2019accident surtout si vous travaillez \u00e0 proximit\u00e9 de v\u00e9hicules en mouvement ou dans des espaces peu \u00e9clair\u00e9s et peu visibles.<\/p>\n<h3>Normes pour le polo \u00e0 manches courtes avec G220923F7 r\u00e9fl\u00e9chissant discontinu \u2013 ST<\/h3>\n<p><strong>EN ISO 20471 :<\/strong> cette norme garantit que le v\u00eatement garantit une visibilit\u00e9 maximale pour le porteur dans les environnements \u00e0 haut risque.<\/p>\n","protected":false},"excerpt":{"rendered":"<p>Col en tissu principal. R\u00e9fl\u00e9chissant discontinu.<br \/>\nComposition : 100&nbsp;% polyester Ag+, 180 g\/m\u00b2 <\/p>\n","protected":false},"featured_media":945,"comment_status":"closed","ping_status":"closed","template":"","meta":{"_acf_changed":false},"product_brand":[],"product_cat":[180,146,176],"product_tag":[],"class_list":{"0":"post-22570","1":"product","2":"type-product","3":"status-publish","4":"has-post-thumbnail","6":"product_cat-polos-a-v-fr","7":"product_cat-vetements-de-travail-industriels","8":"product_cat-vetements-haute-visibilite","9":"resize-featured-image","10":"sales-flash-overlay","11":"woocommerce-text-align-center","12":"woocommerce-image-align-center","13":"do-quantity-buttons","15":"first","16":"instock","17":"shipping-taxable","18":"product-type-simple"},"acf":[],"_links":{"self":[{"href":"https:\/\/oroel.com\/fr\/wp-json\/wp\/v2\/product\/22570","targetHints":{"allow":["GET"]}}],"collection":[{"href":"https:\/\/oroel.com\/fr\/wp-json\/wp\/v2\/product"}],"about":[{"href":"https:\/\/oroel.com\/fr\/wp-json\/wp\/v2\/types\/product"}],"replies":[{"embeddable":true,"href":"https:\/\/oroel.com\/fr\/wp-json\/wp\/v2\/comments?post=22570"}],"wp:featuredmedia":[{"embeddable":true,"href":"https:\/\/oroel.com\/fr\/wp-json\/wp\/v2\/media\/945"}],"wp:attachment":[{"href":"https:\/\/oroel.com\/fr\/wp-json\/wp\/v2\/media?parent=22570"}],"wp:term":[{"taxonomy":"product_brand","embeddable":true,"href":"https:\/\/oroel.com\/fr\/wp-json\/wp\/v2\/product_brand?post=22570"},{"taxonomy":"product_cat","embeddable":true,"href":"https:\/\/oroel.com\/fr\/wp-json\/wp\/v2\/product_cat?post=22570"},{"taxonomy":"product_tag","embeddable":true,"href":"https:\/\/oroel.com\/fr\/wp-json\/wp\/v2\/product_tag?post=22570"}],"curies":[{"name":"wp","href":"https:\/\/api.w.org\/{rel}","templated":true}]}}