{"id":22565,"date":"2025-06-18T09:46:01","date_gmt":"2025-06-18T09:46:01","guid":{"rendered":"https:\/\/oroel.com\/producto\/gilet-reflechissant-discontinu-avec-fermeture-eclair\/"},"modified":"2025-06-18T09:46:01","modified_gmt":"2025-06-18T09:46:01","slug":"gilet-reflechissant-discontinu-avec-fermeture-eclair","status":"publish","type":"product","link":"https:\/\/oroel.com\/fr\/producto\/gilet-reflechissant-discontinu-avec-fermeture-eclair\/","title":{"rendered":"Gilet r\u00e9fl\u00e9chissant discontinu avec fermeture \u00e9clair"},"content":{"rendered":"<p>Ce gilet haute visibilit\u00e9 avec r\u00e9fl\u00e9chissant discontinu est un v\u00eatement qui garantit une protection optimale \u00e0 tous les travailleurs qui op\u00e8rent dans des environnements o\u00f9 la visibilit\u00e9 est cruciale.<\/p>\n<p>Les v\u00eatements haute visibilit\u00e9 comme ce gilet <strong>garantissent que vous pouvez \u00eatre vu<\/strong> de jour comme de nuit, et dans tout type d\u2019environnement dans des conditions de visibilit\u00e9 extr\u00eames.<\/p>\n<p>Il est dot\u00e9 d\u2019une <strong>fermeture \u00e9clair \u00e0 l\u2019avant<\/strong> qui en fait un v\u00eatement tr\u00e8s rapide et facile \u00e0 enfiler. En ce qui concerne sa composition, ce gilet a \u00e9t\u00e9 fabriqu\u00e9 avec 100&nbsp;% polyester. Il est bleu marine et jaune, et comporte deux bandes r\u00e9fl\u00e9chissantes discontinues qui l\u2019entourent compl\u00e8tement.  <\/p>\n<h3>Normes pour le gilet r\u00e9fl\u00e9chissant discontinu \u00e0 fermeture \u00e9clair L017174F7 \u2013 ST<\/h3>\n<p><strong>EN ISO 20471 :<\/strong> cette norme est charg\u00e9e d\u2019\u00e9tablir les obligations de protection \u00e0 haute visibilit\u00e9 auxquelles le v\u00eatement doit se conformer pour assurer la signalisation visuelle correcte du porteur.<\/p>\n","protected":false},"excerpt":{"rendered":"<p>R\u00e9fl\u00e9chissant discontinu.<br \/>\nComposition : 100&nbsp;% polyester, 135 g\/m\u00b2<\/p>\n","protected":false},"featured_media":949,"comment_status":"closed","ping_status":"closed","template":"","meta":{"_acf_changed":false},"product_brand":[],"product_cat":[177,146,176],"product_tag":[],"class_list":{"0":"post-22565","1":"product","2":"type-product","3":"status-publish","4":"has-post-thumbnail","6":"product_cat-gilets-a-v","7":"product_cat-vetements-de-travail-industriels","8":"product_cat-vetements-haute-visibilite","9":"resize-featured-image","10":"sales-flash-overlay","11":"woocommerce-text-align-center","12":"woocommerce-image-align-center","13":"do-quantity-buttons","15":"first","16":"instock","17":"shipping-taxable","18":"product-type-simple"},"acf":[],"_links":{"self":[{"href":"https:\/\/oroel.com\/fr\/wp-json\/wp\/v2\/product\/22565","targetHints":{"allow":["GET"]}}],"collection":[{"href":"https:\/\/oroel.com\/fr\/wp-json\/wp\/v2\/product"}],"about":[{"href":"https:\/\/oroel.com\/fr\/wp-json\/wp\/v2\/types\/product"}],"replies":[{"embeddable":true,"href":"https:\/\/oroel.com\/fr\/wp-json\/wp\/v2\/comments?post=22565"}],"wp:featuredmedia":[{"embeddable":true,"href":"https:\/\/oroel.com\/fr\/wp-json\/wp\/v2\/media\/949"}],"wp:attachment":[{"href":"https:\/\/oroel.com\/fr\/wp-json\/wp\/v2\/media?parent=22565"}],"wp:term":[{"taxonomy":"product_brand","embeddable":true,"href":"https:\/\/oroel.com\/fr\/wp-json\/wp\/v2\/product_brand?post=22565"},{"taxonomy":"product_cat","embeddable":true,"href":"https:\/\/oroel.com\/fr\/wp-json\/wp\/v2\/product_cat?post=22565"},{"taxonomy":"product_tag","embeddable":true,"href":"https:\/\/oroel.com\/fr\/wp-json\/wp\/v2\/product_tag?post=22565"}],"curies":[{"name":"wp","href":"https:\/\/api.w.org\/{rel}","templated":true}]}}