{"id":22564,"date":"2025-06-18T09:46:01","date_gmt":"2025-06-18T09:46:01","guid":{"rendered":"https:\/\/oroel.com\/producto\/ensemble-impermeable-reflechissant-jaune\/"},"modified":"2025-06-18T09:46:01","modified_gmt":"2025-06-18T09:46:01","slug":"ensemble-impermeable-reflechissant-jaune","status":"publish","type":"product","link":"https:\/\/oroel.com\/fr\/producto\/ensemble-impermeable-reflechissant-jaune\/","title":{"rendered":"Ensemble imperm\u00e9able r\u00e9fl\u00e9chissant jaune"},"content":{"rendered":"<p>Cet ensemble se compose de deux pi\u00e8ces, une veste et un pantalon. Les deux sont en jaune et ont des bandes r\u00e9fl\u00e9chissantes. <\/p>\n<p>Le v\u00eatement sup\u00e9rieur couvre tout le cou de la personne qui le porte. En plus des boutons, il dispose d\u2019une fermeture \u00e9clair pour offrir plus de confort. <\/p>\n<p>Le pantalon est ajustable \u00e0 la taille et au bas gr\u00e2ce \u00e0 son soufflet, ce qui garantit qu\u2019il s\u2019adapte parfaitement au corps de l\u2019individu.<\/p>\n<p>La veste pr\u00e9sente une composition de polyester de 88 % et 12 % de polyur\u00e9thane dans ses deux couches principales. Cependant, la couche de doublure est enti\u00e8rement compos\u00e9e de polyester. <\/p>\n<p>Les v\u00eatements sont tous deux jaunes avec deux bandes r\u00e9fl\u00e9chissantes sur chacun d\u2019eux. Cela garantit une plus grande s\u00e9curit\u00e9 et r\u00e9duit le risque d\u2019accidents du travail. Son tissu est totalement imperm\u00e9able pour apporter une plus grande praticit\u00e9 \u00e0 l\u2019ensemble.  <\/p>\n<h3>Normes de X801810F7 Assemblage imperm\u00e9able r\u00e9fl\u00e9chissant jaune \u2013 ST<\/h3>\n<p><strong>EN ISO 20471:20471 :<\/strong> Ce certificat garantit que le v\u00eatement a un niveau minimum de mat\u00e9riau fluorescent, ce qui le rend adapt\u00e9 \u00e0 une utilisation dans de mauvaises conditions de visibilit\u00e9.<\/p>\n<p><strong>EN ISO 343 :<\/strong> Certificat europ\u00e9en indiquant que le produit pr\u00e9sente des caract\u00e9ristiques d\u2019\u00e9tanch\u00e9it\u00e9 et de r\u00e9sistance \u00e0 la vapeur d\u2019eau.<\/p>\n","protected":false},"excerpt":{"rendered":"<p>Veste ferm\u00e9e par fermeture \u00e9clair et boutons-pression. Pantalon ajustable \u00e0 la taille et au bas avec soufflet. R\u00e9fl\u00e9chissant discontinu.<br \/>\nComposition&nbsp;: Veste principale 2 couches&nbsp;: 88&nbsp;% polyester &#8211; 12&nbsp;% polyur\u00e9thane, 180 g\/m\u00b2<br \/>\nDoublure de la veste&nbsp;: 100&nbsp;% polyester, 50 g\/m\u00b2 Pantalon principal 3 couches&nbsp;: 88&nbsp;% polyester &#8211; 12&nbsp;% polyur\u00e9thane, 250 g\/m\u00b2  <\/p>\n","protected":false},"featured_media":20347,"comment_status":"closed","ping_status":"closed","template":"","meta":{"_acf_changed":false},"product_brand":[],"product_cat":[191,146,176],"product_tag":[],"class_list":{"0":"post-22564","1":"product","2":"type-product","3":"status-publish","4":"has-post-thumbnail","6":"product_cat-televiseurs-a-v","7":"product_cat-vetements-de-travail-industriels","8":"product_cat-vetements-haute-visibilite","9":"resize-featured-image","10":"sales-flash-overlay","11":"woocommerce-text-align-center","12":"woocommerce-image-align-center","13":"do-quantity-buttons","15":"first","16":"instock","17":"shipping-taxable","18":"product-type-simple"},"acf":[],"_links":{"self":[{"href":"https:\/\/oroel.com\/fr\/wp-json\/wp\/v2\/product\/22564","targetHints":{"allow":["GET"]}}],"collection":[{"href":"https:\/\/oroel.com\/fr\/wp-json\/wp\/v2\/product"}],"about":[{"href":"https:\/\/oroel.com\/fr\/wp-json\/wp\/v2\/types\/product"}],"replies":[{"embeddable":true,"href":"https:\/\/oroel.com\/fr\/wp-json\/wp\/v2\/comments?post=22564"}],"wp:featuredmedia":[{"embeddable":true,"href":"https:\/\/oroel.com\/fr\/wp-json\/wp\/v2\/media\/20347"}],"wp:attachment":[{"href":"https:\/\/oroel.com\/fr\/wp-json\/wp\/v2\/media?parent=22564"}],"wp:term":[{"taxonomy":"product_brand","embeddable":true,"href":"https:\/\/oroel.com\/fr\/wp-json\/wp\/v2\/product_brand?post=22564"},{"taxonomy":"product_cat","embeddable":true,"href":"https:\/\/oroel.com\/fr\/wp-json\/wp\/v2\/product_cat?post=22564"},{"taxonomy":"product_tag","embeddable":true,"href":"https:\/\/oroel.com\/fr\/wp-json\/wp\/v2\/product_tag?post=22564"}],"curies":[{"name":"wp","href":"https:\/\/api.w.org\/{rel}","templated":true}]}}