{"id":22563,"date":"2025-06-18T09:46:01","date_gmt":"2025-06-18T09:46:01","guid":{"rendered":"https:\/\/oroel.com\/producto\/gilet-rembourre-haute-visibilite\/"},"modified":"2025-06-18T09:46:01","modified_gmt":"2025-06-18T09:46:01","slug":"gilet-rembourre-haute-visibilite","status":"publish","type":"product","link":"https:\/\/oroel.com\/fr\/producto\/gilet-rembourre-haute-visibilite\/","title":{"rendered":"Gilet rembourr\u00e9 haute visibilit\u00e9"},"content":{"rendered":"<p>Ce gilet rembourr\u00e9 haute visibilit\u00e9 est compos\u00e9 de mat\u00e9riaux qui en font ce que l\u2019on appelle un gilet r\u00e9fl\u00e9chissant discontinu. De plus, il contient trois couches de sorte que, bien qu\u2019il ne couvre pas les bras, il fournit de la chaleur \u00e0 l\u2019employ\u00e9 et le retient. <\/p>\n<p>Sa composition est \u00e0 base de 65&nbsp;% de polyester et 35&nbsp;% de coton. Ses couches isolantes et thermiques sont cependant compos\u00e9es \u00e0 100&nbsp;% de polyester. <\/p>\n<p>Que ce soit dans des zones de mauvaise visibilit\u00e9, dans des environnements de travail froids ou dans des situations qui combinent les deux caract\u00e9ristiques, ce v\u00eatement assure la s\u00e9curit\u00e9 de l\u2019employ\u00e9 et r\u00e9duit les risques professionnels auxquels il est expos\u00e9.<\/p>\n<h3>Gilet rembourr\u00e9 haute visibilit\u00e9 L008805F7 \u2013 Normes ST<\/h3>\n<p><strong>EN ISO 20471 :<\/strong> Ce certificat international garantit que les v\u00eatements de travail sont visibles la nuit, le jour et quel que soit l\u2019angle sous lequel ils sont plac\u00e9s.<\/p>\n<p><strong>EN 14058 :<\/strong> \u00e9tant un v\u00eatement d\u2019ext\u00e9rieur, ce certificat garantit qu\u2019il est pr\u00e9par\u00e9 pour la protection du corps dans des environnements froids. Un environnement froid est la combinaison de l\u2019humidit\u00e9 et de temp\u00e9ratures aussi basses que -5 degr\u00e9s. <\/p>\n","protected":false},"excerpt":{"rendered":"<p>R\u00e9fl\u00e9chissant discontinu.<br \/>\nComposition&nbsp;: Mati\u00e8re principale&nbsp;: 65&nbsp;% polyester &#8211; 35&nbsp;% coton, 240 g\/m2<br \/>\nIsolation thermique&nbsp;: 100&nbsp;% polyester, 100 g\/m\u00b2<br \/>\nDoublure&nbsp;: 100&nbsp;% polyester, 50 g\/m\u00b2<\/p>\n","protected":false},"featured_media":20351,"comment_status":"closed","ping_status":"closed","template":"","meta":{"_acf_changed":false},"product_brand":[],"product_cat":[177,146,176],"product_tag":[],"class_list":{"0":"post-22563","1":"product","2":"type-product","3":"status-publish","4":"has-post-thumbnail","6":"product_cat-gilets-a-v","7":"product_cat-vetements-de-travail-industriels","8":"product_cat-vetements-haute-visibilite","9":"resize-featured-image","10":"sales-flash-overlay","11":"woocommerce-text-align-center","12":"woocommerce-image-align-center","13":"do-quantity-buttons","15":"first","16":"instock","17":"shipping-taxable","18":"product-type-simple"},"acf":[],"_links":{"self":[{"href":"https:\/\/oroel.com\/fr\/wp-json\/wp\/v2\/product\/22563","targetHints":{"allow":["GET"]}}],"collection":[{"href":"https:\/\/oroel.com\/fr\/wp-json\/wp\/v2\/product"}],"about":[{"href":"https:\/\/oroel.com\/fr\/wp-json\/wp\/v2\/types\/product"}],"replies":[{"embeddable":true,"href":"https:\/\/oroel.com\/fr\/wp-json\/wp\/v2\/comments?post=22563"}],"wp:featuredmedia":[{"embeddable":true,"href":"https:\/\/oroel.com\/fr\/wp-json\/wp\/v2\/media\/20351"}],"wp:attachment":[{"href":"https:\/\/oroel.com\/fr\/wp-json\/wp\/v2\/media?parent=22563"}],"wp:term":[{"taxonomy":"product_brand","embeddable":true,"href":"https:\/\/oroel.com\/fr\/wp-json\/wp\/v2\/product_brand?post=22563"},{"taxonomy":"product_cat","embeddable":true,"href":"https:\/\/oroel.com\/fr\/wp-json\/wp\/v2\/product_cat?post=22563"},{"taxonomy":"product_tag","embeddable":true,"href":"https:\/\/oroel.com\/fr\/wp-json\/wp\/v2\/product_tag?post=22563"}],"curies":[{"name":"wp","href":"https:\/\/api.w.org\/{rel}","templated":true}]}}