{"id":22560,"date":"2025-06-18T09:46:01","date_gmt":"2025-06-18T09:46:01","guid":{"rendered":"https:\/\/oroel.com\/producto\/softshell-multi-poches-avec-fermeture-eclair-orange\/"},"modified":"2025-06-18T09:46:01","modified_gmt":"2025-06-18T09:46:01","slug":"softshell-multi-poches-avec-fermeture-eclair-orange","status":"publish","type":"product","link":"https:\/\/oroel.com\/fr\/producto\/softshell-multi-poches-avec-fermeture-eclair-orange\/","title":{"rendered":"Softshell multi-poches avec fermeture \u00e9clair orange"},"content":{"rendered":"<p>Cette veste vous sera utile \u00e0 de nombreuses occasions en raison de la grande visibilit\u00e9 qu\u2019offre cette coquille shoft \u00e0 manches longues gr\u00e2ce \u00e0 ses bandes r\u00e9fl\u00e9chissantes. Ses poignets et sa taille sont enti\u00e8rement r\u00e9glables, ce qui offre un grand confort et une grande commodit\u00e9 au travailleur qui le porte. <\/p>\n<p>Il est dot\u00e9 d\u2019une fermeture \u00e9clair centrale visible en noir et de trois poches \u00e0 l\u2019avant, une en haut et deux poches plus grandes en bas, plus pr\u00e9cis\u00e9ment sur les c\u00f4t\u00e9s gauche et droit du v\u00eatement. Il est multi-poches et, pour cette raison, nous pouvons trouver la quatri\u00e8me poche sur la manche gauche situ\u00e9e en position horizontale. <\/p>\n<p>Ce softshell multi-poches est compos\u00e9 de 87&nbsp;% de polyester et de 13&nbsp;% de polyur\u00e9thane. Son grammage de 330 g\/m\u00b2 est frappant, ce qui permet \u00e0 la veste de mieux rester au chaud et au chaud dans les environnements froids. Il est noir et orange avec d\u2019\u00e9paisses bandes r\u00e9fl\u00e9chissantes, ce qui contribue sans aucun doute \u00e0 assurer la visibilit\u00e9 du travailleur, \u00e9vitant ainsi d\u2019\u00e9ventuels accidents du travail.  <\/p>\n<h3>Softshell multipoches standard avec fermeture \u00e9clair orange D229417B8 \u2013 ST<\/h3>\n<p><strong>EN ISO 20471 :<\/strong> ce certificat international garantit que le v\u00eatement ou le v\u00eatement de travail est visible aussi bien la nuit que le jour depuis n\u2019importe quel angle o\u00f9 se trouve le travailleur qui le porte.<\/p>\n","protected":false},"excerpt":{"rendered":"<p>Noir et orange avec r\u00e9flecteur. Poignets et taille r\u00e9glables.<br \/>\nComposition : 87&nbsp;% polyester &#8211; 13&nbsp;% polyur\u00e9thane, 330 g\/m\u00b2 <\/p>\n","protected":false},"featured_media":936,"comment_status":"closed","ping_status":"closed","template":"","meta":{"_acf_changed":false},"product_brand":[],"product_cat":[189,188,146,176],"product_tag":[],"class_list":{"0":"post-22560","1":"product","2":"type-product","3":"status-publish","4":"has-post-thumbnail","6":"product_cat-softshell-a-v-fr","7":"product_cat-softshell-de-travail","8":"product_cat-vetements-de-travail-industriels","9":"product_cat-vetements-haute-visibilite","10":"resize-featured-image","11":"sales-flash-overlay","12":"woocommerce-text-align-center","13":"woocommerce-image-align-center","14":"do-quantity-buttons","16":"first","17":"instock","18":"shipping-taxable","19":"product-type-simple"},"acf":[],"_links":{"self":[{"href":"https:\/\/oroel.com\/fr\/wp-json\/wp\/v2\/product\/22560","targetHints":{"allow":["GET"]}}],"collection":[{"href":"https:\/\/oroel.com\/fr\/wp-json\/wp\/v2\/product"}],"about":[{"href":"https:\/\/oroel.com\/fr\/wp-json\/wp\/v2\/types\/product"}],"replies":[{"embeddable":true,"href":"https:\/\/oroel.com\/fr\/wp-json\/wp\/v2\/comments?post=22560"}],"wp:featuredmedia":[{"embeddable":true,"href":"https:\/\/oroel.com\/fr\/wp-json\/wp\/v2\/media\/936"}],"wp:attachment":[{"href":"https:\/\/oroel.com\/fr\/wp-json\/wp\/v2\/media?parent=22560"}],"wp:term":[{"taxonomy":"product_brand","embeddable":true,"href":"https:\/\/oroel.com\/fr\/wp-json\/wp\/v2\/product_brand?post=22560"},{"taxonomy":"product_cat","embeddable":true,"href":"https:\/\/oroel.com\/fr\/wp-json\/wp\/v2\/product_cat?post=22560"},{"taxonomy":"product_tag","embeddable":true,"href":"https:\/\/oroel.com\/fr\/wp-json\/wp\/v2\/product_tag?post=22560"}],"curies":[{"name":"wp","href":"https:\/\/api.w.org\/{rel}","templated":true}]}}