{"id":22555,"date":"2025-06-18T09:46:01","date_gmt":"2025-06-18T09:46:01","guid":{"rendered":"https:\/\/oroel.com\/producto\/polo-a-manches-courtes-orange-et-reflechissant\/"},"modified":"2025-06-18T09:46:01","modified_gmt":"2025-06-18T09:46:01","slug":"polo-a-manches-courtes-orange-et-reflechissant","status":"publish","type":"product","link":"https:\/\/oroel.com\/fr\/producto\/polo-a-manches-courtes-orange-et-reflechissant\/","title":{"rendered":"Polo \u00e0 manches courtes orange et r\u00e9fl\u00e9chissant"},"content":{"rendered":"<p>Ce polo haute visibilit\u00e9 est un v\u00eatement id\u00e9al pour assurer la s\u00e9curit\u00e9 de l\u2019utilisateur pendant qu\u2019il travaille, en offrant toujours un maximum de confort et de s\u00e9curit\u00e9.<\/p>\n<p>Son tissu est 100&nbsp;% polyester. Ce polo orange \u00e0 manches courtes a des d\u00e9tails bleu marine et surtout plusieurs bandes r\u00e9fl\u00e9chissantes qui en font un v\u00eatement de protection haute visibilit\u00e9, car il garantit le signal correct de toute personne qui le porte dans des environnements peu \u00e9clair\u00e9s. <\/p>\n<p>Il est compos\u00e9 d\u2019un col c\u00f4tel\u00e9 orange et de trois boutons en haut devant. De plus, il comprend une poche sup\u00e9rieure sans fermeture qui vous permet de transporter des objets l\u00e9gers. <\/p>\n<h3>Polo \u00e0 manches courtes orange et r\u00e9fl\u00e9chissant G288621F8<\/h3>\n<p><strong>EN ISO 20471 :<\/strong> cette norme internationale jette les bases sur lesquelles les v\u00eatements \u00e0 haute visibilit\u00e9 sont r\u00e9glement\u00e9s afin de garantir une signalisation correcte du travailleur.<\/p>\n","protected":false},"excerpt":{"rendered":"<p>Col c\u00f4tel\u00e9. Passepoil r\u00e9fl\u00e9chissant sur les empi\u00e8cements.<br \/>\nComposition : 100&nbsp;% polyester Ag+ , 160 g\/m\u00b2 <\/p>\n","protected":false},"featured_media":933,"comment_status":"closed","ping_status":"closed","template":"","meta":{"_acf_changed":false},"product_brand":[],"product_cat":[180,146,176],"product_tag":[],"class_list":{"0":"post-22555","1":"product","2":"type-product","3":"status-publish","4":"has-post-thumbnail","6":"product_cat-polos-a-v-fr","7":"product_cat-vetements-de-travail-industriels","8":"product_cat-vetements-haute-visibilite","9":"resize-featured-image","10":"sales-flash-overlay","11":"woocommerce-text-align-center","12":"woocommerce-image-align-center","13":"do-quantity-buttons","15":"first","16":"instock","17":"shipping-taxable","18":"product-type-simple"},"acf":[],"_links":{"self":[{"href":"https:\/\/oroel.com\/fr\/wp-json\/wp\/v2\/product\/22555","targetHints":{"allow":["GET"]}}],"collection":[{"href":"https:\/\/oroel.com\/fr\/wp-json\/wp\/v2\/product"}],"about":[{"href":"https:\/\/oroel.com\/fr\/wp-json\/wp\/v2\/types\/product"}],"replies":[{"embeddable":true,"href":"https:\/\/oroel.com\/fr\/wp-json\/wp\/v2\/comments?post=22555"}],"wp:featuredmedia":[{"embeddable":true,"href":"https:\/\/oroel.com\/fr\/wp-json\/wp\/v2\/media\/933"}],"wp:attachment":[{"href":"https:\/\/oroel.com\/fr\/wp-json\/wp\/v2\/media?parent=22555"}],"wp:term":[{"taxonomy":"product_brand","embeddable":true,"href":"https:\/\/oroel.com\/fr\/wp-json\/wp\/v2\/product_brand?post=22555"},{"taxonomy":"product_cat","embeddable":true,"href":"https:\/\/oroel.com\/fr\/wp-json\/wp\/v2\/product_cat?post=22555"},{"taxonomy":"product_tag","embeddable":true,"href":"https:\/\/oroel.com\/fr\/wp-json\/wp\/v2\/product_tag?post=22555"}],"curies":[{"name":"wp","href":"https:\/\/api.w.org\/{rel}","templated":true}]}}