{"id":22554,"date":"2025-06-18T09:46:01","date_gmt":"2025-06-18T09:46:01","guid":{"rendered":"https:\/\/oroel.com\/producto\/sweat-shirt-ferme-haute-visibilite\/"},"modified":"2025-06-18T09:46:01","modified_gmt":"2025-06-18T09:46:01","slug":"sweat-shirt-ferme-haute-visibilite","status":"publish","type":"product","link":"https:\/\/oroel.com\/fr\/producto\/sweat-shirt-ferme-haute-visibilite\/","title":{"rendered":"Sweat-shirt ferm\u00e9 haute visibilit\u00e9"},"content":{"rendered":"<p>Dans les situations de travail o\u00f9 les conditions sont sombres ou o\u00f9 vous travaillez avec des v\u00e9hicules lourds ou des charges, il est d\u2019une importance vitale que les employ\u00e9s soient bien prot\u00e9g\u00e9s avec des v\u00eatements \u00e0 haute visibilit\u00e9, qui leur offrent un maximum de s\u00e9curit\u00e9 et de confort dans toutes les t\u00e2ches \u00e0 effectuer.<\/p>\n<p>Ce sweat-shirt ferm\u00e9 haute visibilit\u00e9 et dot\u00e9 de r\u00e9flexions discontinues couvre l\u2019ensemble du tronc et les quatre membres du travailleur. Il est compos\u00e9 respectivement de 65&nbsp;% et 35&nbsp;% de polyester et de coton. De plus, son poids est de 240g\/m\u00b2. Il se ferme \u00e0 l\u2019aide d\u2019une fermeture \u00e9clair qui va de la taille au cou.   <\/p>\n<p>Ce type de v\u00eatement est le plus adapt\u00e9 aux travaux d\u2019entrep\u00f4t, de livraison ou de contr\u00f4le dans les parkings, car ils sont souvent expos\u00e9s au risque d\u2019accident en raison de leur mauvaise vision, notamment dans des conditions m\u00e9t\u00e9orologiques d\u00e9favorables ou la nuit.<\/p>\n<h3>Plong\u00e9e ferm\u00e9e haute visibilit\u00e9 A011805F7 \u2013 Normes ST<\/h3>\n<p><strong>EN ISO 20471 :<\/strong> Ce certificat international garantit que les v\u00eatements de travail sont visibles aussi bien la nuit que le jour et sous n\u2019importe quel angle.<\/p>\n","protected":false},"excerpt":{"rendered":"<p>R\u00e9fl\u00e9chissant discontinu. Composition : 65&nbsp;% polyester &#8211; 35&nbsp;% coton, 240 g\/m\u00b2 <\/p>\n","protected":false},"featured_media":20337,"comment_status":"closed","ping_status":"closed","template":"","meta":{"_acf_changed":false},"product_brand":[],"product_cat":[193,146,176],"product_tag":[],"class_list":{"0":"post-22554","1":"product","2":"type-product","3":"status-publish","4":"has-post-thumbnail","6":"product_cat-divers-a-v","7":"product_cat-vetements-de-travail-industriels","8":"product_cat-vetements-haute-visibilite","9":"resize-featured-image","10":"sales-flash-overlay","11":"woocommerce-text-align-center","12":"woocommerce-image-align-center","13":"do-quantity-buttons","15":"first","16":"instock","17":"shipping-taxable","18":"product-type-simple"},"acf":[],"_links":{"self":[{"href":"https:\/\/oroel.com\/fr\/wp-json\/wp\/v2\/product\/22554","targetHints":{"allow":["GET"]}}],"collection":[{"href":"https:\/\/oroel.com\/fr\/wp-json\/wp\/v2\/product"}],"about":[{"href":"https:\/\/oroel.com\/fr\/wp-json\/wp\/v2\/types\/product"}],"replies":[{"embeddable":true,"href":"https:\/\/oroel.com\/fr\/wp-json\/wp\/v2\/comments?post=22554"}],"wp:featuredmedia":[{"embeddable":true,"href":"https:\/\/oroel.com\/fr\/wp-json\/wp\/v2\/media\/20337"}],"wp:attachment":[{"href":"https:\/\/oroel.com\/fr\/wp-json\/wp\/v2\/media?parent=22554"}],"wp:term":[{"taxonomy":"product_brand","embeddable":true,"href":"https:\/\/oroel.com\/fr\/wp-json\/wp\/v2\/product_brand?post=22554"},{"taxonomy":"product_cat","embeddable":true,"href":"https:\/\/oroel.com\/fr\/wp-json\/wp\/v2\/product_cat?post=22554"},{"taxonomy":"product_tag","embeddable":true,"href":"https:\/\/oroel.com\/fr\/wp-json\/wp\/v2\/product_tag?post=22554"}],"curies":[{"name":"wp","href":"https:\/\/api.w.org\/{rel}","templated":true}]}}