{"id":22552,"date":"2025-06-18T09:46:01","date_gmt":"2025-06-18T09:46:01","guid":{"rendered":"https:\/\/oroel.com\/producto\/ensemble-impermeable-orange-reflechissant\/"},"modified":"2025-06-18T09:46:01","modified_gmt":"2025-06-18T09:46:01","slug":"ensemble-impermeable-orange-reflechissant","status":"publish","type":"product","link":"https:\/\/oroel.com\/fr\/producto\/ensemble-impermeable-orange-reflechissant\/","title":{"rendered":"Ensemble imperm\u00e9able orange r\u00e9fl\u00e9chissant"},"content":{"rendered":"<p>Cet ensemble orange et bleu marine avec des bandes r\u00e9fl\u00e9chissantes rend l\u2019individu visible dans diverses conditions de lumi\u00e8re et sous tous les angles.<\/p>\n<p>Il se compose de deux pi\u00e8ces, une veste et un pantalon assorti. Il a des poches sur le devant du v\u00eatement sup\u00e9rieur ainsi qu\u2019une fermeture \u00e0 glissi\u00e8re scell\u00e9e avec des boutons. Une autre pi\u00e8ce tr\u00e8s fonctionnelle est le capot, tr\u00e8s utile dans les situations o\u00f9 vous souhaitez \u00e9galement effectuer une signalisation de t\u00eate.  <\/p>\n<p>Le pantalon est r\u00e9glable \u00e0 la fois \u00e0 la taille et au bas pour assurer le confort du travailleur et le maximum de s\u00e9curit\u00e9 possible. La composition est 100&nbsp;% polyester avec du polyur\u00e9thane \u00e0 la fois dans la couche principale et la couche de doublure. <\/p>\n<p>On retrouve \u00e9galement deux bandes r\u00e9fl\u00e9chissantes en haut et deux autres en bas. Les zones de tissu les plus proches des chevilles, des poignets et des hanches sont bleu marine tandis que le reste du tissu est orange. <\/p>\n<p>Le tissu est totalement imperm\u00e9able, ce qui signifie que les v\u00eatements peuvent \u00e9galement \u00eatre utilis\u00e9s dans des conditions m\u00e9t\u00e9orologiques d\u00e9favorables.<\/p>\n<h3>Normes de l\u2019ensemble imperm\u00e9able X027175B8 orange r\u00e9fl\u00e9chissant \u2013 ST<\/h3>\n<p><strong>EN ISO 20471 :<\/strong> Cette norme de s\u00e9curit\u00e9 internationale certifie que le v\u00eatement est adapt\u00e9 \u00e0 une utilisation dans des situations o\u00f9 une bonne visibilit\u00e9 de l\u2019employ\u00e9 est n\u00e9cessaire.<\/p>\n<p><strong>EN 343 :<\/strong> Norme europ\u00e9enne de protection qui effectue une \u00e9valuation des propri\u00e9t\u00e9s essentielles d\u2019imperm\u00e9abilit\u00e9 \u00e0 l\u2019eau et de r\u00e9sistance \u00e0 la vapeur d\u2019eau.<\/p>\n","protected":false},"excerpt":{"rendered":"<p>Veste ferm\u00e9e par fermeture \u00e9clair et boutons-pression. Pantalon ajustable \u00e0 la taille et \u00e0 l\u2019ourlet.<br \/>\nComposition&nbsp;: Mati\u00e8re principale&nbsp;: 100&nbsp;% polyester avec polyur\u00e9thane, 160 g\/m\u00b2<br \/>\nDoublure&nbsp;: 100&nbsp;% polyester, 50 g\/m\u00b2 <\/p>\n","protected":false},"featured_media":932,"comment_status":"closed","ping_status":"closed","template":"","meta":{"_acf_changed":false},"product_brand":[],"product_cat":[191,146,176],"product_tag":[],"class_list":{"0":"post-22552","1":"product","2":"type-product","3":"status-publish","4":"has-post-thumbnail","6":"product_cat-televiseurs-a-v","7":"product_cat-vetements-de-travail-industriels","8":"product_cat-vetements-haute-visibilite","9":"resize-featured-image","10":"sales-flash-overlay","11":"woocommerce-text-align-center","12":"woocommerce-image-align-center","13":"do-quantity-buttons","15":"first","16":"instock","17":"shipping-taxable","18":"product-type-simple"},"acf":[],"_links":{"self":[{"href":"https:\/\/oroel.com\/fr\/wp-json\/wp\/v2\/product\/22552","targetHints":{"allow":["GET"]}}],"collection":[{"href":"https:\/\/oroel.com\/fr\/wp-json\/wp\/v2\/product"}],"about":[{"href":"https:\/\/oroel.com\/fr\/wp-json\/wp\/v2\/types\/product"}],"replies":[{"embeddable":true,"href":"https:\/\/oroel.com\/fr\/wp-json\/wp\/v2\/comments?post=22552"}],"wp:featuredmedia":[{"embeddable":true,"href":"https:\/\/oroel.com\/fr\/wp-json\/wp\/v2\/media\/932"}],"wp:attachment":[{"href":"https:\/\/oroel.com\/fr\/wp-json\/wp\/v2\/media?parent=22552"}],"wp:term":[{"taxonomy":"product_brand","embeddable":true,"href":"https:\/\/oroel.com\/fr\/wp-json\/wp\/v2\/product_brand?post=22552"},{"taxonomy":"product_cat","embeddable":true,"href":"https:\/\/oroel.com\/fr\/wp-json\/wp\/v2\/product_cat?post=22552"},{"taxonomy":"product_tag","embeddable":true,"href":"https:\/\/oroel.com\/fr\/wp-json\/wp\/v2\/product_tag?post=22552"}],"curies":[{"name":"wp","href":"https:\/\/api.w.org\/{rel}","templated":true}]}}