{"id":22551,"date":"2025-06-18T09:46:02","date_gmt":"2025-06-18T09:46:02","guid":{"rendered":"https:\/\/oroel.com\/producto\/caban-impermeable-haute-visibilite\/"},"modified":"2025-06-18T09:46:02","modified_gmt":"2025-06-18T09:46:02","slug":"caban-impermeable-haute-visibilite","status":"publish","type":"product","link":"https:\/\/oroel.com\/fr\/producto\/caban-impermeable-haute-visibilite\/","title":{"rendered":"Caban imperm\u00e9able haute visibilit\u00e9"},"content":{"rendered":"<p>Ce gilet imperm\u00e9able haute visibilit\u00e9 en jaune avec des d\u00e9tails bleu marine offre au travailleur un maximum de confort, de s\u00e9curit\u00e9 et de visibilit\u00e9.<\/p>\n<p>Il dispose d\u2019une<strong> fermeture \u00e9clair centrale cach\u00e9e<\/strong> avec des boutons et <strong>de trois poches<\/strong> sur le devant, une sur le dessus et deux poches plus grandes sur le bas, plus pr\u00e9cis\u00e9ment sur les c\u00f4t\u00e9s du v\u00eatement.<\/p>\n<p>Pour assurer <strong>une visibilit\u00e9 maximale<\/strong> de jour comme de nuit, et dans toutes les conditions de visibilit\u00e9, il dispose de plusieurs bandes r\u00e9fl\u00e9chissantes.<\/p>\n<p>En ce qui concerne sa composition principale, ce gilet a \u00e9t\u00e9 fabriqu\u00e9 avec 100&nbsp;% de polyester avec du polyur\u00e9thane, et 100&nbsp;% de polyester \u00e0 la fois dans sa zone d\u2019isolation thermique et dans la doublure qu\u2019il contient \u00e0 l\u2019int\u00e9rieur, cette derni\u00e8re avec un poids inf\u00e9rieur.<\/p>\n<p>Les poignets et les \u00e9paulettes, les rabats des poches et le bas du v\u00eatement ont des d\u00e9tails bleu marine. Le reste du v\u00eatement est jaune. <\/p>\n<p>Son <strong>tissu enti\u00e8rement imperm\u00e9able<\/strong> garantit que le porteur est toujours au sec et ne ressent pas froid, dans des conditions venteuses, pluvieuses ou humides. De plus, il dispose d\u2019un capot r\u00e9tractable qui est cach\u00e9 et peut \u00eatre utilis\u00e9 si n\u00e9cessaire. <\/p>\n<h3>Manteau imperm\u00e9able haute visibilit\u00e9 H094175G7-ST<\/h3>\n<p><strong>EN ISO 20471 :<\/strong> Cette norme sp\u00e9cifie les exigences auxquelles les v\u00eatements de travail doivent r\u00e9pondre afin d\u2019assurer une visibilit\u00e9 maximale de l\u2019utilisateur dans les environnements \u00e0 haut risque.<\/p>\n<p><strong>EN 343 :<\/strong> Norme europ\u00e9enne de protection qui effectue une \u00e9valuation des propri\u00e9t\u00e9s essentielles d\u2019imperm\u00e9abilit\u00e9 \u00e0 l\u2019eau et de r\u00e9sistance \u00e0 la vapeur d\u2019eau.<\/p>\n<p><strong>EN 14058 :<\/strong> cette norme \u00e9tablit les exigences et les m\u00e9thodes d\u2019essai pour ces v\u00eatements simples qui prot\u00e8gent notre corps des environnements froids.<\/p>\n","protected":false},"excerpt":{"rendered":"<p>Capuche r\u00e9tractable.<br \/>\nComposition&nbsp;: Mati\u00e8re principale&nbsp;: 100&nbsp;% polyester avec polyur\u00e9thane, 160 g\/m\u00b2<br \/>\nIsolation thermique&nbsp;: 100&nbsp;% polyester, 100 g\/m\u00b2<br \/>\nDoublure&nbsp;: 100&nbsp;% polyester, 50 g\/m\u00b2<\/p>\n","protected":false},"featured_media":20331,"comment_status":"closed","ping_status":"closed","template":"","meta":{"_acf_changed":false},"product_brand":[],"product_cat":[190,146,176],"product_tag":[],"class_list":{"0":"post-22551","1":"product","2":"type-product","3":"status-publish","4":"has-post-thumbnail","6":"product_cat-parkas-a-v-fr","7":"product_cat-vetements-de-travail-industriels","8":"product_cat-vetements-haute-visibilite","9":"resize-featured-image","10":"sales-flash-overlay","11":"woocommerce-text-align-center","12":"woocommerce-image-align-center","13":"do-quantity-buttons","15":"first","16":"instock","17":"shipping-taxable","18":"product-type-simple"},"acf":[],"_links":{"self":[{"href":"https:\/\/oroel.com\/fr\/wp-json\/wp\/v2\/product\/22551","targetHints":{"allow":["GET"]}}],"collection":[{"href":"https:\/\/oroel.com\/fr\/wp-json\/wp\/v2\/product"}],"about":[{"href":"https:\/\/oroel.com\/fr\/wp-json\/wp\/v2\/types\/product"}],"replies":[{"embeddable":true,"href":"https:\/\/oroel.com\/fr\/wp-json\/wp\/v2\/comments?post=22551"}],"wp:featuredmedia":[{"embeddable":true,"href":"https:\/\/oroel.com\/fr\/wp-json\/wp\/v2\/media\/20331"}],"wp:attachment":[{"href":"https:\/\/oroel.com\/fr\/wp-json\/wp\/v2\/media?parent=22551"}],"wp:term":[{"taxonomy":"product_brand","embeddable":true,"href":"https:\/\/oroel.com\/fr\/wp-json\/wp\/v2\/product_brand?post=22551"},{"taxonomy":"product_cat","embeddable":true,"href":"https:\/\/oroel.com\/fr\/wp-json\/wp\/v2\/product_cat?post=22551"},{"taxonomy":"product_tag","embeddable":true,"href":"https:\/\/oroel.com\/fr\/wp-json\/wp\/v2\/product_tag?post=22551"}],"curies":[{"name":"wp","href":"https:\/\/api.w.org\/{rel}","templated":true}]}}