{"id":22550,"date":"2025-06-18T09:46:02","date_gmt":"2025-06-18T09:46:02","guid":{"rendered":"https:\/\/oroel.com\/producto\/softshell-multi-poches-reflechissant\/"},"modified":"2025-06-18T09:46:02","modified_gmt":"2025-06-18T09:46:02","slug":"softshell-multi-poches-reflechissant","status":"publish","type":"product","link":"https:\/\/oroel.com\/fr\/producto\/softshell-multi-poches-reflechissant\/","title":{"rendered":"Softshell multi-poches r\u00e9fl\u00e9chissant"},"content":{"rendered":"<p>Ce softshell multi-poches r\u00e9fl\u00e9chissant est un v\u00eatement jaune haute visibilit\u00e9. Il a des d\u00e9tails sombres tels que les poignets ou la zone des hanches et des poches avant qui se ferment par une fermeture \u00e9clair, obtenant ainsi une plus grande s\u00e9curit\u00e9 lors du rangement des affaires. <\/p>\n<p>De plus, il couvre compl\u00e8tement le cou et dispose de deux bandes r\u00e9fl\u00e9chissantes sur le tronc et les bras.<\/p>\n<p>Sa composition est compos\u00e9e de 87&nbsp;% de polyester et de 13&nbsp;% de polyur\u00e9thane qui assurent une r\u00e9tention personnelle de la chaleur car il a un poids de 330 g\/m\u00b2.<\/p>\n<p>Afin de s\u2019adapter \u00e0 chacun, les poignets et la taille sont r\u00e9glables.<\/p>\n<p>L\u2019objectif principal de ce v\u00eatement est de prot\u00e9ger l\u2019individu qui le porte de la mani\u00e8re la plus l\u00e9g\u00e8re possible car il est similaire \u00e0 un caban, mais plus fin malgr\u00e9 le fait qu\u2019il comporte au moins trois couches \u00e0 l\u2019int\u00e9rieur.<\/p>\n<h3>Normes de la D229417G7 Shoftshell multi-poches r\u00e9fl\u00e9chissante \u2013 ST<\/h3>\n<p><strong>EN ISO 20471 :<\/strong> ce certificat international garantit que les v\u00eatements de travail sont visibles de jour comme de nuit, quel que soit l\u2019angle sous lequel nous nous trouvons.<\/p>\n","protected":false},"excerpt":{"rendered":"<p>Poignets et taille r\u00e9glables. Couleur noire et jaune avec r\u00e9flecteur sur le corps et les bras.<br \/>\nComposition : 87&nbsp;% polyester &#8211; 13&nbsp;% polyur\u00e9thane, 330 g\/m\u00b2 <\/p>\n","protected":false},"featured_media":20333,"comment_status":"closed","ping_status":"closed","template":"","meta":{"_acf_changed":false},"product_brand":[],"product_cat":[189,188,146,176],"product_tag":[],"class_list":{"0":"post-22550","1":"product","2":"type-product","3":"status-publish","4":"has-post-thumbnail","6":"product_cat-softshell-a-v-fr","7":"product_cat-softshell-de-travail","8":"product_cat-vetements-de-travail-industriels","9":"product_cat-vetements-haute-visibilite","10":"resize-featured-image","11":"sales-flash-overlay","12":"woocommerce-text-align-center","13":"woocommerce-image-align-center","14":"do-quantity-buttons","16":"first","17":"instock","18":"shipping-taxable","19":"product-type-simple"},"acf":[],"_links":{"self":[{"href":"https:\/\/oroel.com\/fr\/wp-json\/wp\/v2\/product\/22550","targetHints":{"allow":["GET"]}}],"collection":[{"href":"https:\/\/oroel.com\/fr\/wp-json\/wp\/v2\/product"}],"about":[{"href":"https:\/\/oroel.com\/fr\/wp-json\/wp\/v2\/types\/product"}],"replies":[{"embeddable":true,"href":"https:\/\/oroel.com\/fr\/wp-json\/wp\/v2\/comments?post=22550"}],"wp:featuredmedia":[{"embeddable":true,"href":"https:\/\/oroel.com\/fr\/wp-json\/wp\/v2\/media\/20333"}],"wp:attachment":[{"href":"https:\/\/oroel.com\/fr\/wp-json\/wp\/v2\/media?parent=22550"}],"wp:term":[{"taxonomy":"product_brand","embeddable":true,"href":"https:\/\/oroel.com\/fr\/wp-json\/wp\/v2\/product_brand?post=22550"},{"taxonomy":"product_cat","embeddable":true,"href":"https:\/\/oroel.com\/fr\/wp-json\/wp\/v2\/product_cat?post=22550"},{"taxonomy":"product_tag","embeddable":true,"href":"https:\/\/oroel.com\/fr\/wp-json\/wp\/v2\/product_tag?post=22550"}],"curies":[{"name":"wp","href":"https:\/\/api.w.org\/{rel}","templated":true}]}}