{"id":22546,"date":"2025-06-18T09:46:02","date_gmt":"2025-06-18T09:46:02","guid":{"rendered":"https:\/\/oroel.com\/producto\/pull-polaire-haute-visibilite\/"},"modified":"2025-06-18T09:46:02","modified_gmt":"2025-06-18T09:46:02","slug":"pull-polaire-haute-visibilite","status":"publish","type":"product","link":"https:\/\/oroel.com\/fr\/producto\/pull-polaire-haute-visibilite\/","title":{"rendered":"Pull polaire haute visibilit\u00e9"},"content":{"rendered":"<p>Ce pull polaire haute visibilit\u00e9 aux couleurs jaune et bleu offre au travailleur confort et s\u00e9curit\u00e9 au travail. Il est dot\u00e9 d\u2019une fermeture \u00e9clair qui permet de couvrir le cou pour les situations froides. <\/p>\n<p>Pour assurer la chaleur du porteur tout en offrant une visibilit\u00e9 maximale, il dispose de deux bandes r\u00e9fl\u00e9chissantes situ\u00e9es au centre du v\u00eatement qui s\u2019\u00e9tendent jusqu\u2019aux extr\u00e9mit\u00e9s.<\/p>\n<p>Le jersey polaire est enti\u00e8rement compos\u00e9 de polyester et son grammage est de 140g\/m\u00b2. Sa texture dans les parties bleues de la doublure est douce et confortable pour garantir que l\u2019individu, en plus d\u2019\u00eatre prot\u00e9g\u00e9, est au chaud et \u00e0 l\u2019aise. <\/p>\n<p>Ce v\u00eatement est id\u00e9al pour les situations de travail o\u00f9 la temp\u00e9rature est basse. Ainsi, l\u2019employ\u00e9 peut combiner ce v\u00eatement avec un caban, en s\u2019assurant que, si le v\u00eatement ext\u00e9rieur doit \u00eatre retir\u00e9, il aura toujours un v\u00eatement en dessous qui r\u00e9pond \u00e0 toutes les normes de s\u00e9curit\u00e9. <\/p>\n<h3>Normes du jersey polaire haute visibilit\u00e9 G290933B7<\/h3>\n<p><strong>EN ISO 20471 :<\/strong> Cette norme de s\u00e9curit\u00e9 internationale certifie que le v\u00eatement est adapt\u00e9 \u00e0 une utilisation dans des situations o\u00f9 une bonne visibilit\u00e9 de l\u2019employ\u00e9 est n\u00e9cessaire.<\/p>\n","protected":false},"excerpt":{"rendered":"<p>Composition : 100&nbsp;% polyester, 140 g\/m\u00b2<\/p>\n","protected":false},"featured_media":20339,"comment_status":"closed","ping_status":"closed","template":"","meta":{"_acf_changed":false},"product_brand":[],"product_cat":[184,146,176],"product_tag":[],"class_list":{"0":"post-22546","1":"product","2":"type-product","3":"status-publish","4":"has-post-thumbnail","6":"product_cat-polares-a-v-fr","7":"product_cat-vetements-de-travail-industriels","8":"product_cat-vetements-haute-visibilite","9":"resize-featured-image","10":"sales-flash-overlay","11":"woocommerce-text-align-center","12":"woocommerce-image-align-center","13":"do-quantity-buttons","15":"first","16":"instock","17":"shipping-taxable","18":"product-type-simple"},"acf":[],"_links":{"self":[{"href":"https:\/\/oroel.com\/fr\/wp-json\/wp\/v2\/product\/22546","targetHints":{"allow":["GET"]}}],"collection":[{"href":"https:\/\/oroel.com\/fr\/wp-json\/wp\/v2\/product"}],"about":[{"href":"https:\/\/oroel.com\/fr\/wp-json\/wp\/v2\/types\/product"}],"replies":[{"embeddable":true,"href":"https:\/\/oroel.com\/fr\/wp-json\/wp\/v2\/comments?post=22546"}],"wp:featuredmedia":[{"embeddable":true,"href":"https:\/\/oroel.com\/fr\/wp-json\/wp\/v2\/media\/20339"}],"wp:attachment":[{"href":"https:\/\/oroel.com\/fr\/wp-json\/wp\/v2\/media?parent=22546"}],"wp:term":[{"taxonomy":"product_brand","embeddable":true,"href":"https:\/\/oroel.com\/fr\/wp-json\/wp\/v2\/product_brand?post=22546"},{"taxonomy":"product_cat","embeddable":true,"href":"https:\/\/oroel.com\/fr\/wp-json\/wp\/v2\/product_cat?post=22546"},{"taxonomy":"product_tag","embeddable":true,"href":"https:\/\/oroel.com\/fr\/wp-json\/wp\/v2\/product_tag?post=22546"}],"curies":[{"name":"wp","href":"https:\/\/api.w.org\/{rel}","templated":true}]}}