{"id":22545,"date":"2025-06-18T09:46:02","date_gmt":"2025-06-18T09:46:02","guid":{"rendered":"https:\/\/oroel.com\/producto\/pantalon-reflechissant-a-poches-multiples-avec-genoux-profiles\/"},"modified":"2025-06-18T09:46:02","modified_gmt":"2025-06-18T09:46:02","slug":"pantalon-reflechissant-a-poches-multiples-avec-genoux-profiles","status":"publish","type":"product","link":"https:\/\/oroel.com\/fr\/producto\/pantalon-reflechissant-a-poches-multiples-avec-genoux-profiles\/","title":{"rendered":"Pantalon r\u00e9fl\u00e9chissant \u00e0 poches multiples avec genoux profil\u00e9s"},"content":{"rendered":"<p>Ce pantalon bleu marine et jaune est un v\u00eatement de s\u00e9curit\u00e9 de travail, plus pr\u00e9cis\u00e9ment, un v\u00eatement \u00e0 haute visibilit\u00e9. Gr\u00e2ce \u00e0 eux, le collaborateur peut effectuer son travail confortablement tout en \u00e9tant prot\u00e9g\u00e9 des diff\u00e9rents risques d\u00e9coulant d\u2019un mauvais \u00e9clairage. <\/p>\n<p>La composition du pantalon est de 65&nbsp;% polyester et 35&nbsp;% coton. De plus, son poids est de 240g\/m\u00b2. <\/p>\n<p>Le v\u00eatement dispose de deux poches lat\u00e9rales jaunes en plus des poches arri\u00e8re qui assurent un grand confort. On peut \u00e9galement voir deux frises r\u00e9fl\u00e9chissantes discontinues sur chacune des jambes au bas des genoux. <\/p>\n<p>Ses genoux galb\u00e9s permettent au travailleur d\u2019adapter la longueur du pantalon de protection en fonction de la situation m\u00e9t\u00e9orologique, ou en fonction de l\u2019endroit o\u00f9 le travail est effectu\u00e9 gr\u00e2ce \u00e0 la fermeture \u00e9clair \u00e0 hauteur des genoux.<\/p>\n<h3>Normes pour les pantalons multipoches r\u00e9fl\u00e9chissants et les genoux ajust\u00e9s E396805F7-ST<\/h3>\n<p><strong>EN ISO 20471 :<\/strong> Cette norme de s\u00e9curit\u00e9 internationale certifie que le v\u00eatement est adapt\u00e9 \u00e0 une utilisation dans des situations o\u00f9 une bonne visibilit\u00e9 de l\u2019employ\u00e9 est n\u00e9cessaire.<\/p>\n","protected":false},"excerpt":{"rendered":"<p>Genoux fa\u00e7onn\u00e9s. R\u00e9fl\u00e9chissant discontinu.<br \/>\nComposition : 65&nbsp;% polyester &#8211; 35&nbsp;% coton, 240 g\/m\u00b2 <\/p>\n","protected":false},"featured_media":20345,"comment_status":"closed","ping_status":"closed","template":"","meta":{"_acf_changed":false},"product_brand":[],"product_cat":[182,141,146,176],"product_tag":[],"class_list":{"0":"post-22545","1":"product","2":"type-product","3":"status-publish","4":"has-post-thumbnail","6":"product_cat-pantalon-a-v-vetements-haute-visibilite","7":"product_cat-pantalons-de-travail","8":"product_cat-vetements-de-travail-industriels","9":"product_cat-vetements-haute-visibilite","10":"resize-featured-image","11":"sales-flash-overlay","12":"woocommerce-text-align-center","13":"woocommerce-image-align-center","14":"do-quantity-buttons","16":"first","17":"instock","18":"shipping-taxable","19":"product-type-simple"},"acf":[],"_links":{"self":[{"href":"https:\/\/oroel.com\/fr\/wp-json\/wp\/v2\/product\/22545","targetHints":{"allow":["GET"]}}],"collection":[{"href":"https:\/\/oroel.com\/fr\/wp-json\/wp\/v2\/product"}],"about":[{"href":"https:\/\/oroel.com\/fr\/wp-json\/wp\/v2\/types\/product"}],"replies":[{"embeddable":true,"href":"https:\/\/oroel.com\/fr\/wp-json\/wp\/v2\/comments?post=22545"}],"wp:featuredmedia":[{"embeddable":true,"href":"https:\/\/oroel.com\/fr\/wp-json\/wp\/v2\/media\/20345"}],"wp:attachment":[{"href":"https:\/\/oroel.com\/fr\/wp-json\/wp\/v2\/media?parent=22545"}],"wp:term":[{"taxonomy":"product_brand","embeddable":true,"href":"https:\/\/oroel.com\/fr\/wp-json\/wp\/v2\/product_brand?post=22545"},{"taxonomy":"product_cat","embeddable":true,"href":"https:\/\/oroel.com\/fr\/wp-json\/wp\/v2\/product_cat?post=22545"},{"taxonomy":"product_tag","embeddable":true,"href":"https:\/\/oroel.com\/fr\/wp-json\/wp\/v2\/product_tag?post=22545"}],"curies":[{"name":"wp","href":"https:\/\/api.w.org\/{rel}","templated":true}]}}