{"id":22542,"date":"2025-06-18T09:46:02","date_gmt":"2025-06-18T09:46:02","guid":{"rendered":"https:\/\/oroel.com\/producto\/pantalon-multipoches-renforce-haute-visibilite\/"},"modified":"2025-06-18T09:46:02","modified_gmt":"2025-06-18T09:46:02","slug":"pantalon-multipoches-renforce-haute-visibilite","status":"publish","type":"product","link":"https:\/\/oroel.com\/fr\/producto\/pantalon-multipoches-renforce-haute-visibilite\/","title":{"rendered":"Pantalon multipoches renforc\u00e9 haute visibilit\u00e9"},"content":{"rendered":"<p>Le pantalon multi-poches haute visibilit\u00e9 est bleu marine avec des accents jaunes et, bien s\u00fbr, des bandes r\u00e9fl\u00e9chissantes qui offrent un haut niveau de s\u00e9curit\u00e9.<\/p>\n<p>Ils sont longs et leur taille est ajustable pour s\u2019adapter \u00e0 toutes les tailles et formes. De plus, il dispose de deux poches lat\u00e9rales et de deux poches arri\u00e8re, ce qui est tr\u00e8s utile pour l\u2019employ\u00e9. <\/p>\n<p>Pour assurer une bonne visibilit\u00e9, les bandes jaunes et les deux bandes r\u00e9fl\u00e9chissantes sur chaque jambe indiquent l\u2019emplacement de l\u2019individu m\u00eame dans de mauvaises conditions d\u2019\u00e9clairage.<\/p>\n<p>Sa composition est \u00e0 base de 65&nbsp;% de coton et 35&nbsp;% de polyester pour assurer cet \u00e9quilibre entre s\u00e9curit\u00e9 et confort. Le poids du mat\u00e9riau est de 240g\/m\u00b2. <\/p>\n<p>Pour assurer la visibilit\u00e9 de l\u2019individu et, par cons\u00e9quent, sa s\u00e9curit\u00e9, il est recommand\u00e9 d\u2019utiliser ce v\u00eatement accompagn\u00e9 d\u2019une tige pr\u00e9sentant des caract\u00e9ristiques similaires en termes de visibilit\u00e9 de ses tissus.<\/p>\n<h3>Normes de l\u2019E392018G7 Pantalon Multi-Poches Renforc\u00e9 Haute Visibilit\u00e9 \u2013 ST<\/h3>\n<p><strong>EN ISO 20471 :<\/strong> Cette norme de s\u00e9curit\u00e9 internationale certifie que le v\u00eatement est adapt\u00e9 \u00e0 une utilisation dans des situations o\u00f9 une bonne visibilit\u00e9 de l\u2019employ\u00e9 est n\u00e9cessaire.<\/p>\n","protected":false},"excerpt":{"rendered":"<p>Taille ajustable.<br \/>\nComposition : 65&nbsp;% coton &#8211; 35&nbsp;% polyester, 240 g\/m\u00b2<\/p>\n","protected":false},"featured_media":20329,"comment_status":"closed","ping_status":"closed","template":"","meta":{"_acf_changed":false},"product_brand":[],"product_cat":[182,141,146,176],"product_tag":[],"class_list":{"0":"post-22542","1":"product","2":"type-product","3":"status-publish","4":"has-post-thumbnail","6":"product_cat-pantalon-a-v-vetements-haute-visibilite","7":"product_cat-pantalons-de-travail","8":"product_cat-vetements-de-travail-industriels","9":"product_cat-vetements-haute-visibilite","10":"resize-featured-image","11":"sales-flash-overlay","12":"woocommerce-text-align-center","13":"woocommerce-image-align-center","14":"do-quantity-buttons","16":"first","17":"instock","18":"shipping-taxable","19":"product-type-simple"},"acf":[],"_links":{"self":[{"href":"https:\/\/oroel.com\/fr\/wp-json\/wp\/v2\/product\/22542","targetHints":{"allow":["GET"]}}],"collection":[{"href":"https:\/\/oroel.com\/fr\/wp-json\/wp\/v2\/product"}],"about":[{"href":"https:\/\/oroel.com\/fr\/wp-json\/wp\/v2\/types\/product"}],"replies":[{"embeddable":true,"href":"https:\/\/oroel.com\/fr\/wp-json\/wp\/v2\/comments?post=22542"}],"wp:featuredmedia":[{"embeddable":true,"href":"https:\/\/oroel.com\/fr\/wp-json\/wp\/v2\/media\/20329"}],"wp:attachment":[{"href":"https:\/\/oroel.com\/fr\/wp-json\/wp\/v2\/media?parent=22542"}],"wp:term":[{"taxonomy":"product_brand","embeddable":true,"href":"https:\/\/oroel.com\/fr\/wp-json\/wp\/v2\/product_brand?post=22542"},{"taxonomy":"product_cat","embeddable":true,"href":"https:\/\/oroel.com\/fr\/wp-json\/wp\/v2\/product_cat?post=22542"},{"taxonomy":"product_tag","embeddable":true,"href":"https:\/\/oroel.com\/fr\/wp-json\/wp\/v2\/product_tag?post=22542"}],"curies":[{"name":"wp","href":"https:\/\/api.w.org\/{rel}","templated":true}]}}