{"id":22537,"date":"2025-06-18T09:46:02","date_gmt":"2025-06-18T09:46:02","guid":{"rendered":"https:\/\/oroel.com\/producto\/polo-reflechissant-a-manches-longues-avec-col-cotele\/"},"modified":"2025-06-18T09:46:02","modified_gmt":"2025-06-18T09:46:02","slug":"polo-reflechissant-a-manches-longues-avec-col-cotele","status":"publish","type":"product","link":"https:\/\/oroel.com\/fr\/producto\/polo-reflechissant-a-manches-longues-avec-col-cotele\/","title":{"rendered":"Polo r\u00e9fl\u00e9chissant \u00e0 manches longues avec col c\u00f4tel\u00e9"},"content":{"rendered":"<p>Ce polo jaune \u00e0 manches longues, haute visibilit\u00e9, dot\u00e9 d\u2019un col et de poignets c\u00f4tel\u00e9s bleu marine, offre au travailleur un maximum de confort, de s\u00e9curit\u00e9 et de visibilit\u00e9. Il est dot\u00e9 de boutons centraux en haut \u00e0 l\u2019avant du polo et d\u2019une poche en haut \u00e0 gauche, ce qui vous permet de transporter tout ce dont vous avez besoin pour accomplir vos t\u00e2ches. <\/p>\n<p>Ce produit garantit une visibilit\u00e9 maximale de jour comme de nuit et dans toutes les conditions m\u00e9t\u00e9orologiques, gr\u00e2ce aux deux bandes r\u00e9fl\u00e9chissantes qu\u2019il int\u00e8gre le long du corps et des bras.<\/p>\n<p>Sa composition est 100&nbsp;% polyester dans tout son grammage. Le v\u00eatement est presque enti\u00e8rement jaune. <\/p>\n<h3>Normes pour le polo \u00e0 manches longues r\u00e9fl\u00e9chissant \u00e0 col c\u00f4tel\u00e9 G279826F7 &#8211; ST<\/h3>\n<p><strong>EN ISO 20471 :<\/strong> cette norme garantit que le v\u00eatement de protection garantit une visibilit\u00e9 maximale pour le porteur dans les environnements \u00e0 haut risque.<\/p>\n","protected":false},"excerpt":{"rendered":"<p>Col et poignets c\u00f4tel\u00e9s. R\u00e9fl\u00e9chissant discontinu.<br \/>\nComposition : 100&nbsp;% polyester Ag+, 180 g\/m\u00b2 <\/p>\n","protected":false},"featured_media":937,"comment_status":"closed","ping_status":"closed","template":"","meta":{"_acf_changed":false},"product_brand":[],"product_cat":[180,146,176],"product_tag":[],"class_list":{"0":"post-22537","1":"product","2":"type-product","3":"status-publish","4":"has-post-thumbnail","6":"product_cat-polos-a-v-fr","7":"product_cat-vetements-de-travail-industriels","8":"product_cat-vetements-haute-visibilite","9":"resize-featured-image","10":"sales-flash-overlay","11":"woocommerce-text-align-center","12":"woocommerce-image-align-center","13":"do-quantity-buttons","15":"first","16":"instock","17":"shipping-taxable","18":"product-type-simple"},"acf":[],"_links":{"self":[{"href":"https:\/\/oroel.com\/fr\/wp-json\/wp\/v2\/product\/22537","targetHints":{"allow":["GET"]}}],"collection":[{"href":"https:\/\/oroel.com\/fr\/wp-json\/wp\/v2\/product"}],"about":[{"href":"https:\/\/oroel.com\/fr\/wp-json\/wp\/v2\/types\/product"}],"replies":[{"embeddable":true,"href":"https:\/\/oroel.com\/fr\/wp-json\/wp\/v2\/comments?post=22537"}],"wp:featuredmedia":[{"embeddable":true,"href":"https:\/\/oroel.com\/fr\/wp-json\/wp\/v2\/media\/937"}],"wp:attachment":[{"href":"https:\/\/oroel.com\/fr\/wp-json\/wp\/v2\/media?parent=22537"}],"wp:term":[{"taxonomy":"product_brand","embeddable":true,"href":"https:\/\/oroel.com\/fr\/wp-json\/wp\/v2\/product_brand?post=22537"},{"taxonomy":"product_cat","embeddable":true,"href":"https:\/\/oroel.com\/fr\/wp-json\/wp\/v2\/product_cat?post=22537"},{"taxonomy":"product_tag","embeddable":true,"href":"https:\/\/oroel.com\/fr\/wp-json\/wp\/v2\/product_tag?post=22537"}],"curies":[{"name":"wp","href":"https:\/\/api.w.org\/{rel}","templated":true}]}}