{"id":22535,"date":"2025-06-18T09:46:02","date_gmt":"2025-06-18T09:46:02","guid":{"rendered":"https:\/\/oroel.com\/producto\/gilet-zippe-haute-visibilite\/"},"modified":"2025-06-18T09:46:02","modified_gmt":"2025-06-18T09:46:02","slug":"gilet-zippe-haute-visibilite","status":"publish","type":"product","link":"https:\/\/oroel.com\/fr\/producto\/gilet-zippe-haute-visibilite\/","title":{"rendered":"Gilet zipp\u00e9 haute visibilit\u00e9"},"content":{"rendered":"<p>Ce gilet haute visibilit\u00e9 \u00e0 fermeture \u00e9clair a \u00e9t\u00e9 con\u00e7u pour assurer le signal correct du porteur dans des environnements avec tout type de lumi\u00e8re, de jour comme de nuit.<\/p>\n<p>Il est jaune et bleu marine et comprend deux bandes r\u00e9tror\u00e9fl\u00e9chissantes qui en font un v\u00eatement \u00e0 haute visibilit\u00e9, conforme \u00e0 la r\u00e9glementation en vigueur.<\/p>\n<p>De plus, il dispose de deux petites poches des deux c\u00f4t\u00e9s du haut du gilet, ainsi que de deux poches plus grandes sur le bas du devant. Sa fermeture \u00e9clair \u00e0 l\u2019avant en fait un v\u00eatement qui offre un grand confort aux travailleurs, ce qui le rend rapide et facile \u00e0 enfiler et \u00e0 enlever. <\/p>\n<p>En ce qui concerne sa composition, ce gilet haute visibilit\u00e9 avec fermeture \u00e9clair a \u00e9t\u00e9 compos\u00e9 de 65&nbsp;% de coton et 35&nbsp;% de polyester.<\/p>\n<h3>Gilet \u00e0 fermeture \u00e9clair haute visibilit\u00e9 Normes L059018G7 \u2013 ST<\/h3>\n<p><strong>EN ISO 20471 :<\/strong> Cette norme internationale pour les v\u00eatements \u00e0 haute visibilit\u00e9 d\u00e9finit les exigences pour tous les v\u00eatements visibles pour les travailleurs travaillant dans des environnements et des zones dangereux.<\/p>\n","protected":false},"excerpt":{"rendered":"<p>Composition : 65&nbsp;% coton &#8211; 35&nbsp;% polyester, 240 g\/m\u00b2<\/p>\n","protected":false},"featured_media":20335,"comment_status":"closed","ping_status":"closed","template":"","meta":{"_acf_changed":false},"product_brand":[],"product_cat":[177,146,176],"product_tag":[],"class_list":{"0":"post-22535","1":"product","2":"type-product","3":"status-publish","4":"has-post-thumbnail","6":"product_cat-gilets-a-v","7":"product_cat-vetements-de-travail-industriels","8":"product_cat-vetements-haute-visibilite","9":"resize-featured-image","10":"sales-flash-overlay","11":"woocommerce-text-align-center","12":"woocommerce-image-align-center","13":"do-quantity-buttons","15":"first","16":"instock","17":"shipping-taxable","18":"product-type-simple"},"acf":[],"_links":{"self":[{"href":"https:\/\/oroel.com\/fr\/wp-json\/wp\/v2\/product\/22535","targetHints":{"allow":["GET"]}}],"collection":[{"href":"https:\/\/oroel.com\/fr\/wp-json\/wp\/v2\/product"}],"about":[{"href":"https:\/\/oroel.com\/fr\/wp-json\/wp\/v2\/types\/product"}],"replies":[{"embeddable":true,"href":"https:\/\/oroel.com\/fr\/wp-json\/wp\/v2\/comments?post=22535"}],"wp:featuredmedia":[{"embeddable":true,"href":"https:\/\/oroel.com\/fr\/wp-json\/wp\/v2\/media\/20335"}],"wp:attachment":[{"href":"https:\/\/oroel.com\/fr\/wp-json\/wp\/v2\/media?parent=22535"}],"wp:term":[{"taxonomy":"product_brand","embeddable":true,"href":"https:\/\/oroel.com\/fr\/wp-json\/wp\/v2\/product_brand?post=22535"},{"taxonomy":"product_cat","embeddable":true,"href":"https:\/\/oroel.com\/fr\/wp-json\/wp\/v2\/product_cat?post=22535"},{"taxonomy":"product_tag","embeddable":true,"href":"https:\/\/oroel.com\/fr\/wp-json\/wp\/v2\/product_tag?post=22535"}],"curies":[{"name":"wp","href":"https:\/\/api.w.org\/{rel}","templated":true}]}}