{"id":22523,"date":"2025-06-18T09:46:21","date_gmt":"2025-06-18T09:46:21","guid":{"rendered":"https:\/\/oroel.com\/producto\/pantalon-multipoches-avec-fermeture-eclair-et-bouton-marron\/"},"modified":"2025-06-18T09:46:21","modified_gmt":"2025-06-18T09:46:21","slug":"pantalon-multipoches-avec-fermeture-eclair-et-bouton-marron","status":"publish","type":"product","link":"https:\/\/oroel.com\/fr\/producto\/pantalon-multipoches-avec-fermeture-eclair-et-bouton-marron\/","title":{"rendered":"Pantalon multipoches avec fermeture \u00e9clair et bouton marron"},"content":{"rendered":"","protected":false},"excerpt":{"rendered":"<p>Genoux fa\u00e7onn\u00e9s.<br \/>\nComposition : 56&nbsp;% m-aramide &#8211; 36&nbsp;% viscose FR &#8211; 6&nbsp;% p-aramide &#8211; 2&nbsp;% antistatique, 225 g\/m\u00b2<\/p>\n","protected":false},"featured_media":995,"comment_status":"closed","ping_status":"closed","template":"","meta":{"_acf_changed":false},"product_brand":[],"product_cat":[168,141,154,146],"product_tag":[],"class_list":{"0":"post-22523","1":"product","2":"type-product","3":"status-publish","4":"has-post-thumbnail","6":"product_cat-pantalons-de-pompier","7":"product_cat-pantalons-de-travail","8":"product_cat-vetements-de-pompier","9":"product_cat-vetements-de-travail-industriels","10":"resize-featured-image","11":"sales-flash-overlay","12":"woocommerce-text-align-center","13":"woocommerce-image-align-center","14":"do-quantity-buttons","16":"first","17":"instock","18":"shipping-taxable","19":"product-type-simple"},"acf":[],"_links":{"self":[{"href":"https:\/\/oroel.com\/fr\/wp-json\/wp\/v2\/product\/22523","targetHints":{"allow":["GET"]}}],"collection":[{"href":"https:\/\/oroel.com\/fr\/wp-json\/wp\/v2\/product"}],"about":[{"href":"https:\/\/oroel.com\/fr\/wp-json\/wp\/v2\/types\/product"}],"replies":[{"embeddable":true,"href":"https:\/\/oroel.com\/fr\/wp-json\/wp\/v2\/comments?post=22523"}],"wp:featuredmedia":[{"embeddable":true,"href":"https:\/\/oroel.com\/fr\/wp-json\/wp\/v2\/media\/995"}],"wp:attachment":[{"href":"https:\/\/oroel.com\/fr\/wp-json\/wp\/v2\/media?parent=22523"}],"wp:term":[{"taxonomy":"product_brand","embeddable":true,"href":"https:\/\/oroel.com\/fr\/wp-json\/wp\/v2\/product_brand?post=22523"},{"taxonomy":"product_cat","embeddable":true,"href":"https:\/\/oroel.com\/fr\/wp-json\/wp\/v2\/product_cat?post=22523"},{"taxonomy":"product_tag","embeddable":true,"href":"https:\/\/oroel.com\/fr\/wp-json\/wp\/v2\/product_tag?post=22523"}],"curies":[{"name":"wp","href":"https:\/\/api.w.org\/{rel}","templated":true}]}}