{"id":22480,"date":"2025-06-18T09:46:21","date_gmt":"2025-06-18T09:46:21","guid":{"rendered":"https:\/\/oroel.com\/producto\/combinaison-fermee-haute-visibilite-pour-pompier-forestier\/"},"modified":"2025-06-18T09:46:21","modified_gmt":"2025-06-18T09:46:21","slug":"combinaison-fermee-haute-visibilite-pour-pompier-forestier","status":"publish","type":"product","link":"https:\/\/oroel.com\/fr\/producto\/combinaison-fermee-haute-visibilite-pour-pompier-forestier\/","title":{"rendered":"Combinaison ferm\u00e9e haute visibilit\u00e9 pour pompier forestier"},"content":{"rendered":"","protected":false},"excerpt":{"rendered":"<p>Gousset avec fermeture \u00e9clair sur les jambes.<br \/>\nAvec fermeture \u00e9clair et velcro<br \/>\nComposition : 65&nbsp;% viscose FR &#8211; 30&nbsp;% m-aramide &#8211; 5&nbsp;% p-aramide, 270 g\/m\u00b2<\/p>\n","protected":false},"featured_media":20383,"comment_status":"closed","ping_status":"closed","template":"","meta":{"_acf_changed":false},"product_brand":[],"product_cat":[155,154,146],"product_tag":[],"class_list":{"0":"post-22480","1":"product","2":"type-product","3":"status-publish","4":"has-post-thumbnail","6":"product_cat-plongeurs-pompiers","7":"product_cat-vetements-de-pompier","8":"product_cat-vetements-de-travail-industriels","9":"resize-featured-image","10":"sales-flash-overlay","11":"woocommerce-text-align-center","12":"woocommerce-image-align-center","13":"do-quantity-buttons","15":"first","16":"instock","17":"shipping-taxable","18":"product-type-simple"},"acf":[],"_links":{"self":[{"href":"https:\/\/oroel.com\/fr\/wp-json\/wp\/v2\/product\/22480","targetHints":{"allow":["GET"]}}],"collection":[{"href":"https:\/\/oroel.com\/fr\/wp-json\/wp\/v2\/product"}],"about":[{"href":"https:\/\/oroel.com\/fr\/wp-json\/wp\/v2\/types\/product"}],"replies":[{"embeddable":true,"href":"https:\/\/oroel.com\/fr\/wp-json\/wp\/v2\/comments?post=22480"}],"wp:featuredmedia":[{"embeddable":true,"href":"https:\/\/oroel.com\/fr\/wp-json\/wp\/v2\/media\/20383"}],"wp:attachment":[{"href":"https:\/\/oroel.com\/fr\/wp-json\/wp\/v2\/media?parent=22480"}],"wp:term":[{"taxonomy":"product_brand","embeddable":true,"href":"https:\/\/oroel.com\/fr\/wp-json\/wp\/v2\/product_brand?post=22480"},{"taxonomy":"product_cat","embeddable":true,"href":"https:\/\/oroel.com\/fr\/wp-json\/wp\/v2\/product_cat?post=22480"},{"taxonomy":"product_tag","embeddable":true,"href":"https:\/\/oroel.com\/fr\/wp-json\/wp\/v2\/product_tag?post=22480"}],"curies":[{"name":"wp","href":"https:\/\/api.w.org\/{rel}","templated":true}]}}