{"id":22473,"date":"2025-06-18T09:46:37","date_gmt":"2025-06-18T09:46:37","guid":{"rendered":"https:\/\/oroel.com\/producto\/sweat-shirt-ferme-avec-isolation-electrique\/"},"modified":"2025-06-18T09:46:37","modified_gmt":"2025-06-18T09:46:37","slug":"sweat-shirt-ferme-avec-isolation-electrique","status":"publish","type":"product","link":"https:\/\/oroel.com\/fr\/producto\/sweat-shirt-ferme-avec-isolation-electrique\/","title":{"rendered":"Sweat-shirt ferm\u00e9 avec isolation \u00e9lectrique"},"content":{"rendered":"","protected":false},"excerpt":{"rendered":"<p>Avec fermeture \u00e9clair et velcro.<br \/>\nComposition&nbsp;: 66&nbsp;% coton &#8211; 33&nbsp;% polyester &#8211; 1&nbsp;% antistatique, 240 g\/ m2<\/p>\n","protected":false},"featured_media":20421,"comment_status":"closed","ping_status":"closed","template":"","meta":{"_acf_changed":false},"product_brand":[],"product_cat":[147,146],"product_tag":[],"class_list":{"0":"post-22473","1":"product","2":"type-product","3":"status-publish","4":"has-post-thumbnail","6":"product_cat-vetements-de-protection-antistatiques","7":"product_cat-vetements-de-travail-industriels","8":"resize-featured-image","9":"sales-flash-overlay","10":"woocommerce-text-align-center","11":"woocommerce-image-align-center","12":"do-quantity-buttons","14":"first","15":"instock","16":"shipping-taxable","17":"product-type-simple"},"acf":[],"_links":{"self":[{"href":"https:\/\/oroel.com\/fr\/wp-json\/wp\/v2\/product\/22473","targetHints":{"allow":["GET"]}}],"collection":[{"href":"https:\/\/oroel.com\/fr\/wp-json\/wp\/v2\/product"}],"about":[{"href":"https:\/\/oroel.com\/fr\/wp-json\/wp\/v2\/types\/product"}],"replies":[{"embeddable":true,"href":"https:\/\/oroel.com\/fr\/wp-json\/wp\/v2\/comments?post=22473"}],"wp:featuredmedia":[{"embeddable":true,"href":"https:\/\/oroel.com\/fr\/wp-json\/wp\/v2\/media\/20421"}],"wp:attachment":[{"href":"https:\/\/oroel.com\/fr\/wp-json\/wp\/v2\/media?parent=22473"}],"wp:term":[{"taxonomy":"product_brand","embeddable":true,"href":"https:\/\/oroel.com\/fr\/wp-json\/wp\/v2\/product_brand?post=22473"},{"taxonomy":"product_cat","embeddable":true,"href":"https:\/\/oroel.com\/fr\/wp-json\/wp\/v2\/product_cat?post=22473"},{"taxonomy":"product_tag","embeddable":true,"href":"https:\/\/oroel.com\/fr\/wp-json\/wp\/v2\/product_tag?post=22473"}],"curies":[{"name":"wp","href":"https:\/\/api.w.org\/{rel}","templated":true}]}}