{"id":22458,"date":"2025-06-18T09:46:39","date_gmt":"2025-06-18T09:46:39","guid":{"rendered":"https:\/\/oroel.com\/producto\/sweat-shirt-multi-poches-pour-travailler-a-lelectricite\/"},"modified":"2025-06-18T09:46:39","modified_gmt":"2025-06-18T09:46:39","slug":"sweat-shirt-multi-poches-pour-travailler-a-lelectricite","status":"publish","type":"product","link":"https:\/\/oroel.com\/fr\/producto\/sweat-shirt-multi-poches-pour-travailler-a-lelectricite\/","title":{"rendered":"Sweat-shirt multi-poches pour travailler \u00e0 l\u2019\u00e9lectricit\u00e9"},"content":{"rendered":"","protected":false},"excerpt":{"rendered":"<p>Avec r\u00e9fl\u00e9chissant, fermeture \u00e9clair et velcro.<br \/>\nComposition : 64&nbsp;% polyester &#8211; 35&nbsp;% coton &#8211; 1&nbsp;% antistatique, 240 g\/m\u00b2<\/p>\n","protected":false},"featured_media":20453,"comment_status":"closed","ping_status":"closed","template":"","meta":{"_acf_changed":false},"product_brand":[],"product_cat":[147,146],"product_tag":[],"class_list":{"0":"post-22458","1":"product","2":"type-product","3":"status-publish","4":"has-post-thumbnail","6":"product_cat-vetements-de-protection-antistatiques","7":"product_cat-vetements-de-travail-industriels","8":"resize-featured-image","9":"sales-flash-overlay","10":"woocommerce-text-align-center","11":"woocommerce-image-align-center","12":"do-quantity-buttons","14":"first","15":"instock","16":"shipping-taxable","17":"product-type-simple"},"acf":[],"_links":{"self":[{"href":"https:\/\/oroel.com\/fr\/wp-json\/wp\/v2\/product\/22458","targetHints":{"allow":["GET"]}}],"collection":[{"href":"https:\/\/oroel.com\/fr\/wp-json\/wp\/v2\/product"}],"about":[{"href":"https:\/\/oroel.com\/fr\/wp-json\/wp\/v2\/types\/product"}],"replies":[{"embeddable":true,"href":"https:\/\/oroel.com\/fr\/wp-json\/wp\/v2\/comments?post=22458"}],"wp:featuredmedia":[{"embeddable":true,"href":"https:\/\/oroel.com\/fr\/wp-json\/wp\/v2\/media\/20453"}],"wp:attachment":[{"href":"https:\/\/oroel.com\/fr\/wp-json\/wp\/v2\/media?parent=22458"}],"wp:term":[{"taxonomy":"product_brand","embeddable":true,"href":"https:\/\/oroel.com\/fr\/wp-json\/wp\/v2\/product_brand?post=22458"},{"taxonomy":"product_cat","embeddable":true,"href":"https:\/\/oroel.com\/fr\/wp-json\/wp\/v2\/product_cat?post=22458"},{"taxonomy":"product_tag","embeddable":true,"href":"https:\/\/oroel.com\/fr\/wp-json\/wp\/v2\/product_tag?post=22458"}],"curies":[{"name":"wp","href":"https:\/\/api.w.org\/{rel}","templated":true}]}}