{"id":22451,"date":"2025-06-18T09:46:54","date_gmt":"2025-06-18T09:46:54","guid":{"rendered":"https:\/\/oroel.com\/producto\/bavoir-multirisque-de-secours-technique\/"},"modified":"2025-06-18T09:46:54","modified_gmt":"2025-06-18T09:46:54","slug":"bavoir-multirisque-de-secours-technique","status":"publish","type":"product","link":"https:\/\/oroel.com\/fr\/producto\/bavoir-multirisque-de-secours-technique\/","title":{"rendered":"Bavoir multirisque de secours technique"},"content":{"rendered":"","protected":false},"excerpt":{"rendered":"<p>Caract\u00e9ristiques de la bavette multirisque pompier<\/p>\n<ul>\n<li>Ceinture \u00e9lastique avec passants de ceinture<\/li>\n<li>Taille relev\u00e9e dans le dos<\/li>\n<li>Bretelles amovibles r\u00e9glables en hauteur avec boucle d\u2019\u00e9metteur<\/li>\n<li>2 poches lat\u00e9rales sur de larges tours de cuisse ferm\u00e9s par rabat et velcro<\/li>\n<li>2 poches avant ferm\u00e9es par fermeture \u00e9clair et rabat<\/li>\n<li>Poche arri\u00e8re droite pour l\u2019\u00e9quipement<br \/>\n de communication<\/li>\n<li>Tissu de visibilit\u00e9 en Jaune Fluor<\/li>\n<li>Bandes r\u00e9fl\u00e9chissantes segment\u00e9es \u00e0 trois bandes<\/li>\n<li>Renforts anti-coupure et anti-perforation 3 couches sur les genoux<\/li>\n<li>Basses renforc\u00e9es<\/li>\n<li>Tissu bi-\u00e9lastique \u00e0 l\u2019entrejambe<\/li>\n<\/ul>\n","protected":false},"featured_media":20485,"comment_status":"closed","ping_status":"closed","template":"","meta":{"_acf_changed":false},"product_brand":[],"product_cat":[143,136],"product_tag":[],"class_list":{"0":"post-22451","1":"product","2":"type-product","3":"status-publish","4":"has-post-thumbnail","6":"product_cat-cuissards-techniques-de-secours","7":"product_cat-vetements-techniques-de-sauvetage","8":"resize-featured-image","9":"sales-flash-overlay","10":"woocommerce-text-align-center","11":"woocommerce-image-align-center","12":"do-quantity-buttons","13":"wc-has-gallery","15":"first","16":"instock","17":"shipping-taxable","18":"product-type-simple"},"acf":[],"_links":{"self":[{"href":"https:\/\/oroel.com\/fr\/wp-json\/wp\/v2\/product\/22451","targetHints":{"allow":["GET"]}}],"collection":[{"href":"https:\/\/oroel.com\/fr\/wp-json\/wp\/v2\/product"}],"about":[{"href":"https:\/\/oroel.com\/fr\/wp-json\/wp\/v2\/types\/product"}],"replies":[{"embeddable":true,"href":"https:\/\/oroel.com\/fr\/wp-json\/wp\/v2\/comments?post=22451"}],"wp:featuredmedia":[{"embeddable":true,"href":"https:\/\/oroel.com\/fr\/wp-json\/wp\/v2\/media\/20485"}],"wp:attachment":[{"href":"https:\/\/oroel.com\/fr\/wp-json\/wp\/v2\/media?parent=22451"}],"wp:term":[{"taxonomy":"product_brand","embeddable":true,"href":"https:\/\/oroel.com\/fr\/wp-json\/wp\/v2\/product_brand?post=22451"},{"taxonomy":"product_cat","embeddable":true,"href":"https:\/\/oroel.com\/fr\/wp-json\/wp\/v2\/product_cat?post=22451"},{"taxonomy":"product_tag","embeddable":true,"href":"https:\/\/oroel.com\/fr\/wp-json\/wp\/v2\/product_tag?post=22451"}],"curies":[{"name":"wp","href":"https:\/\/api.w.org\/{rel}","templated":true}]}}