{"id":22449,"date":"2025-06-18T09:46:54","date_gmt":"2025-06-18T09:46:54","guid":{"rendered":"https:\/\/oroel.com\/producto\/gilet-de-sauvetage-multirisque-pour-pompiers\/"},"modified":"2025-06-18T09:46:54","modified_gmt":"2025-06-18T09:46:54","slug":"gilet-de-sauvetage-multirisque-pour-pompiers","status":"publish","type":"product","link":"https:\/\/oroel.com\/fr\/producto\/gilet-de-sauvetage-multirisque-pour-pompiers\/","title":{"rendered":"Gilet de sauvetage multirisque pour pompiers"},"content":{"rendered":"","protected":false},"excerpt":{"rendered":"<p>Caract\u00e9ristiques de la veste multirisque pour les pompiers B825922<\/p>\n<ul>\n<li>Fermeture \u00e0 glissi\u00e8re rapide<\/li>\n<li>Col rond avec syst\u00e8me de fermeture<\/li>\n<li>2 poches poitrine adapt\u00e9es pour le mat\u00e9riel de communication<\/li>\n<li>2 poches avant<\/li>\n<li>Support de lampe de poche (en option)<\/li>\n<li>Boucles pour \u00e9quipements de communication<\/li>\n<li>Tissu de visibilit\u00e9 en Jaune Fluor<\/li>\n<li>Bandes r\u00e9fl\u00e9chissantes segment\u00e9es \u00e0 trois bandes<\/li>\n<li>Renforts anti-coupure et anti-perforation 3 couches sur le cou, les \u00e9paules, les coudes et l\u2019avant-bras.\u2022 Dos avec soufflet<\/li>\n<li>Tissu bi-\u00e9lastique aux aisselles<\/li>\n<li>Poignet r\u00e9glable<\/li>\n<\/ul>\n","protected":false},"featured_media":20481,"comment_status":"closed","ping_status":"closed","template":"","meta":{"_acf_changed":false},"product_brand":[],"product_cat":[137,136],"product_tag":[],"class_list":{"0":"post-22449","1":"product","2":"type-product","3":"status-publish","4":"has-post-thumbnail","6":"product_cat-gilets-de-sauvetage-techniques","7":"product_cat-vetements-techniques-de-sauvetage","8":"resize-featured-image","9":"sales-flash-overlay","10":"woocommerce-text-align-center","11":"woocommerce-image-align-center","12":"do-quantity-buttons","13":"wc-has-gallery","15":"first","16":"instock","17":"shipping-taxable","18":"product-type-simple"},"acf":[],"_links":{"self":[{"href":"https:\/\/oroel.com\/fr\/wp-json\/wp\/v2\/product\/22449","targetHints":{"allow":["GET"]}}],"collection":[{"href":"https:\/\/oroel.com\/fr\/wp-json\/wp\/v2\/product"}],"about":[{"href":"https:\/\/oroel.com\/fr\/wp-json\/wp\/v2\/types\/product"}],"replies":[{"embeddable":true,"href":"https:\/\/oroel.com\/fr\/wp-json\/wp\/v2\/comments?post=22449"}],"wp:featuredmedia":[{"embeddable":true,"href":"https:\/\/oroel.com\/fr\/wp-json\/wp\/v2\/media\/20481"}],"wp:attachment":[{"href":"https:\/\/oroel.com\/fr\/wp-json\/wp\/v2\/media?parent=22449"}],"wp:term":[{"taxonomy":"product_brand","embeddable":true,"href":"https:\/\/oroel.com\/fr\/wp-json\/wp\/v2\/product_brand?post=22449"},{"taxonomy":"product_cat","embeddable":true,"href":"https:\/\/oroel.com\/fr\/wp-json\/wp\/v2\/product_cat?post=22449"},{"taxonomy":"product_tag","embeddable":true,"href":"https:\/\/oroel.com\/fr\/wp-json\/wp\/v2\/product_tag?post=22449"}],"curies":[{"name":"wp","href":"https:\/\/api.w.org\/{rel}","templated":true}]}}