{"id":22448,"date":"2025-06-18T09:46:39","date_gmt":"2025-06-18T09:46:39","guid":{"rendered":"https:\/\/oroel.com\/producto\/set-impermeable-gris\/"},"modified":"2025-06-18T09:46:39","modified_gmt":"2025-06-18T09:46:39","slug":"set-impermeable-gris","status":"publish","type":"product","link":"https:\/\/oroel.com\/fr\/producto\/set-impermeable-gris\/","title":{"rendered":"Set imperm\u00e9able gris"},"content":{"rendered":"","protected":false},"excerpt":{"rendered":"<p>Veste ferm\u00e9e par fermeture \u00e9clair et velcro. Pantalon \u00e0 soufflet en bas.<br \/>\nComposition : 98&nbsp;% polyester FR &#8211; 2&nbsp;% antistatique, 205 g\/m\u00b2 <\/p>\n","protected":false},"featured_media":20443,"comment_status":"closed","ping_status":"closed","template":"","meta":{"_acf_changed":false},"product_brand":[],"product_cat":[141,147,146],"product_tag":[],"class_list":{"0":"post-22448","1":"product","2":"type-product","3":"status-publish","4":"has-post-thumbnail","6":"product_cat-pantalons-de-travail","7":"product_cat-vetements-de-protection-antistatiques","8":"product_cat-vetements-de-travail-industriels","9":"resize-featured-image","10":"sales-flash-overlay","11":"woocommerce-text-align-center","12":"woocommerce-image-align-center","13":"do-quantity-buttons","15":"first","16":"instock","17":"shipping-taxable","18":"product-type-simple"},"acf":[],"_links":{"self":[{"href":"https:\/\/oroel.com\/fr\/wp-json\/wp\/v2\/product\/22448","targetHints":{"allow":["GET"]}}],"collection":[{"href":"https:\/\/oroel.com\/fr\/wp-json\/wp\/v2\/product"}],"about":[{"href":"https:\/\/oroel.com\/fr\/wp-json\/wp\/v2\/types\/product"}],"replies":[{"embeddable":true,"href":"https:\/\/oroel.com\/fr\/wp-json\/wp\/v2\/comments?post=22448"}],"wp:featuredmedia":[{"embeddable":true,"href":"https:\/\/oroel.com\/fr\/wp-json\/wp\/v2\/media\/20443"}],"wp:attachment":[{"href":"https:\/\/oroel.com\/fr\/wp-json\/wp\/v2\/media?parent=22448"}],"wp:term":[{"taxonomy":"product_brand","embeddable":true,"href":"https:\/\/oroel.com\/fr\/wp-json\/wp\/v2\/product_brand?post=22448"},{"taxonomy":"product_cat","embeddable":true,"href":"https:\/\/oroel.com\/fr\/wp-json\/wp\/v2\/product_cat?post=22448"},{"taxonomy":"product_tag","embeddable":true,"href":"https:\/\/oroel.com\/fr\/wp-json\/wp\/v2\/product_tag?post=22448"}],"curies":[{"name":"wp","href":"https:\/\/api.w.org\/{rel}","templated":true}]}}