{"id":22435,"date":"2025-06-18T09:46:55","date_gmt":"2025-06-18T09:46:55","guid":{"rendered":"https:\/\/oroel.com\/producto\/pantalon-de-sauvetage-technique-leger\/"},"modified":"2025-06-18T09:46:55","modified_gmt":"2025-06-18T09:46:55","slug":"pantalon-de-sauvetage-technique-leger","status":"publish","type":"product","link":"https:\/\/oroel.com\/fr\/producto\/pantalon-de-sauvetage-technique-leger\/","title":{"rendered":"Pantalon de sauvetage technique l\u00e9ger"},"content":{"rendered":"","protected":false},"excerpt":{"rendered":"<p>Caract\u00e9ristiques des pantalons l\u00e9gers<\/p>\n<ul>\n<li>Accessoire suppl\u00e9mentaire imperm\u00e9able et respirant.<\/li>\n<li>Tissu aramide ignifuge avec membrane PTFE &#8211; 165g\/m\u00b2.<\/li>\n<li>Coutures thermosoud\u00e9es<\/li>\n<\/ul>\n","protected":false},"featured_media":20501,"comment_status":"closed","ping_status":"closed","template":"","meta":{"_acf_changed":false},"product_brand":[],"product_cat":[142,141,136],"product_tag":[],"class_list":{"0":"post-22435","1":"product","2":"type-product","3":"status-publish","4":"has-post-thumbnail","6":"product_cat-pantalons-de-sauvetage-techniques","7":"product_cat-pantalons-de-travail","8":"product_cat-vetements-techniques-de-sauvetage","9":"resize-featured-image","10":"sales-flash-overlay","11":"woocommerce-text-align-center","12":"woocommerce-image-align-center","13":"do-quantity-buttons","14":"wc-has-gallery","16":"first","17":"instock","18":"shipping-taxable","19":"product-type-simple"},"acf":[],"_links":{"self":[{"href":"https:\/\/oroel.com\/fr\/wp-json\/wp\/v2\/product\/22435","targetHints":{"allow":["GET"]}}],"collection":[{"href":"https:\/\/oroel.com\/fr\/wp-json\/wp\/v2\/product"}],"about":[{"href":"https:\/\/oroel.com\/fr\/wp-json\/wp\/v2\/types\/product"}],"replies":[{"embeddable":true,"href":"https:\/\/oroel.com\/fr\/wp-json\/wp\/v2\/comments?post=22435"}],"wp:featuredmedia":[{"embeddable":true,"href":"https:\/\/oroel.com\/fr\/wp-json\/wp\/v2\/media\/20501"}],"wp:attachment":[{"href":"https:\/\/oroel.com\/fr\/wp-json\/wp\/v2\/media?parent=22435"}],"wp:term":[{"taxonomy":"product_brand","embeddable":true,"href":"https:\/\/oroel.com\/fr\/wp-json\/wp\/v2\/product_brand?post=22435"},{"taxonomy":"product_cat","embeddable":true,"href":"https:\/\/oroel.com\/fr\/wp-json\/wp\/v2\/product_cat?post=22435"},{"taxonomy":"product_tag","embeddable":true,"href":"https:\/\/oroel.com\/fr\/wp-json\/wp\/v2\/product_tag?post=22435"}],"curies":[{"name":"wp","href":"https:\/\/api.w.org\/{rel}","templated":true}]}}