{"id":22307,"date":"2025-06-10T07:22:13","date_gmt":"2025-06-10T07:22:13","guid":{"rendered":"https:\/\/oroel.com\/gore-tex\/"},"modified":"2025-07-25T08:44:43","modified_gmt":"2025-07-25T08:44:43","slug":"gore-tex","status":"publish","type":"page","link":"https:\/\/oroel.com\/fr\/gore-tex\/","title":{"rendered":"GORE-TEX"},"content":{"rendered":"\n<div class=\"gb-element-ca67adca\" style=\"--inline-bg-image: url(https:\/\/oroel.com\/wp-content\/uploads\/2025\/06\/lideres-en-vestuario-de-proteccion-oroel-goretex.webp)\">\n<div class=\"gb-element-92483910\">\n<div class=\"gb-element-c0884ff7\">\n<h1 class=\"gb-text gb-text-d7d75871\">Leaders dans le domaine des v\u00eatements et des v\u00eatements GORE-TEX<br><\/h1>\n\n\n\n<img loading=\"lazy\" decoding=\"async\" width=\"544\" height=\"321\" class=\"gb-media-fadfce22\" alt=\"\" src=\"https:\/\/oroel.com\/wp-content\/uploads\/2025\/06\/logotipos-03.png\" title=\"Logos-03\" srcset=\"https:\/\/oroel.com\/wp-content\/uploads\/2025\/06\/logotipos-03.png 544w, https:\/\/oroel.com\/wp-content\/uploads\/2025\/06\/logotipos-03-300x177.png 300w\" sizes=\"auto, (max-width: 544px) 100vw, 544px\" \/>\n\n\n\n<div class=\"gb-element-8ed8dde2\">\n<a class=\"gb-text-a8fa0d21\" href=\"https:\/\/oroel.com\/fr\/ropa-proteccion\/en-plein-air\/\"><span class=\"gb-text\"><strong>Voir le catalogue<\/strong><\/span><span class=\"gb-shape\"><svg xmlns=\"http:\/\/www.w3.org\/2000\/svg\" width=\"2rem\" height=\"r2em\" fill=\"#ffffff\" viewbox=\"0 0 256 256\"><path d=\"M200,64V168a8,8,0,0,1-16,0V83.31L69.66,197.66a8,8,0,0,1-11.32-11.32L172.69,72H88a8,8,0,0,1,0-16H192A8,8,0,0,1,200,64Z\"><\/path><\/svg><\/span><\/a>\n<\/div>\n<\/div>\n\n\n\n<div class=\"gb-element-c149efab\"><\/div>\n<\/div>\n<\/div>\n\n<div class=\"gb-element-0a234a4c\">\n<div class=\"gb-element-155c21c2\">\n<p class=\"gb-text gb-text-16a2c2fa\">W.L. Gore &amp; Associates (<strong>Gore<\/strong>), une soci\u00e9t\u00e9 mondiale de science des mat\u00e9riaux, s\u2019est appuy\u00e9e sur&nbsp;<strong>Oroel<\/strong> pour les v\u00eatements de travail et la protection avec des technologies&nbsp;<strong>GORE-TEX<\/strong>,&nbsp;<strong>GORE\u00ae WINDSTOPPER\u00ae<\/strong> et&nbsp;<strong>PYRADE GORE\u00ae. \u00ae<\/strong><br>offre de tissus GORE-TEX&nbsp;<strong>Haute protection et confort<\/strong> dans les environnements de travail exigeants, assurant une r\u00e9sistance au vent, \u00e0 la pluie, au froid extr\u00eame et aux risques thermiques. Con\u00e7u pour &nbsp;<strong>pompiers, policiers, militaires, services d\u2019urgence et exploitants industriels<\/strong>, nos v\u00eatements&nbsp;<strong>S\u00e9curit\u00e9 et performance<\/strong> dans toutes les conditions.<\/p>\n<\/div>\n<\/div>\n\n<div class=\"gb-element-0480e6d6\">\n<div class=\"gb-element-513b4436\">\n<h2 class=\"gb-text gb-text-e27f2783\">Nos v\u00eatements GORE-TEX<\/h2>\n\n\n\n<div class=\"gb-element-3dee0807\">\n<div class=\"gb-element-54d8b835\">\n<img loading=\"lazy\" decoding=\"async\" width=\"500\" height=\"500\" class=\"gb-media-dc0cb1b5\" alt=\"\" src=\"https:\/\/oroel.com\/wp-content\/uploads\/2025\/06\/chaqueta-gore-tex-hombre.webp\" title=\"Gore-Tex-Veste Homme\" srcset=\"https:\/\/oroel.com\/wp-content\/uploads\/2025\/06\/chaqueta-gore-tex-hombre.webp 500w, https:\/\/oroel.com\/wp-content\/uploads\/2025\/06\/chaqueta-gore-tex-hombre-300x300.webp 300w, https:\/\/oroel.com\/wp-content\/uploads\/2025\/06\/chaqueta-gore-tex-hombre-150x150.webp 150w, https:\/\/oroel.com\/wp-content\/uploads\/2025\/06\/chaqueta-gore-tex-hombre-100x100.webp 100w\" sizes=\"auto, (max-width: 500px) 100vw, 500px\" \/>\n\n\n\n<div class=\"gb-element-dbd47bb9\">\n<h3 class=\"gb-text gb-text-fbdde65d\">Arc \u00e9lectrique de classe 2<\/h3>\n<\/div>\n<\/div>\n\n\n\n<div class=\"gb-element-cd7f5866\">\n<img loading=\"lazy\" decoding=\"async\" width=\"500\" height=\"500\" class=\"gb-media-4cda5206\" alt=\"\" src=\"https:\/\/oroel.com\/wp-content\/uploads\/2025\/06\/gore-tex-hombre.webp\" title=\"gore-tex-hommes\" srcset=\"https:\/\/oroel.com\/wp-content\/uploads\/2025\/06\/gore-tex-hombre.webp 500w, https:\/\/oroel.com\/wp-content\/uploads\/2025\/06\/gore-tex-hombre-300x300.webp 300w, https:\/\/oroel.com\/wp-content\/uploads\/2025\/06\/gore-tex-hombre-150x150.webp 150w, https:\/\/oroel.com\/wp-content\/uploads\/2025\/06\/gore-tex-hombre-100x100.webp 100w\" sizes=\"auto, (max-width: 500px) 100vw, 500px\" \/>\n\n\n\n<div class=\"gb-element-8c16033d\">\n<h3 class=\"gb-text gb-text-22ece87c\">Chaleur et flamme<\/h3>\n<\/div>\n<\/div>\n\n\n\n<div class=\"gb-element-1df56ac6\">\n<img loading=\"lazy\" decoding=\"async\" width=\"500\" height=\"500\" class=\"gb-media-4835cb0c\" alt=\"\" src=\"https:\/\/oroel.com\/wp-content\/uploads\/2025\/06\/ropa-goretex.webp\" title=\"V\u00eatements-Goretex\" srcset=\"https:\/\/oroel.com\/wp-content\/uploads\/2025\/06\/ropa-goretex.webp 500w, https:\/\/oroel.com\/wp-content\/uploads\/2025\/06\/ropa-goretex-300x300.webp 300w, https:\/\/oroel.com\/wp-content\/uploads\/2025\/06\/ropa-goretex-150x150.webp 150w, https:\/\/oroel.com\/wp-content\/uploads\/2025\/06\/ropa-goretex-100x100.webp 100w\" sizes=\"auto, (max-width: 500px) 100vw, 500px\" \/>\n\n\n\n<div class=\"gb-element-59ccbb0a\">\n<h3 class=\"gb-text gb-text-ea9ffe01\">En plein air<\/h3>\n<\/div>\n<\/div>\n<\/div>\n<\/div>\n<\/div>\n\n<div>\n<div class=\"gb-element-7d8c9f84\">\n<div class=\"gb-element-9298c0d8\">\n<h2 class=\"gb-text gb-text-df0e8378\">Demande d\u2019informations<\/h2>\n\n\n\n<p class=\"gb-text\">Nous sommes \u00e0 votre disposition pour r\u00e9pondre \u00e0 toutes vos questions sur nos produits.<br>Laissez-nous vos coordonn\u00e9es et un expert saura vous conseiller.<\/p>\n<\/div>\n\n\n\n<div class=\"gb-element-72d685f9\">\n<div class=\"wp-block-contact-form-7-contact-form-selector\">\n<div class=\"wpcf7 no-js\" id=\"wpcf7-f22674-o1\" lang=\"fr-FR\" dir=\"ltr\" data-wpcf7-id=\"22674\">\n<div class=\"screen-reader-response\"><p role=\"status\" aria-live=\"polite\" aria-atomic=\"true\"><\/p> <ul><\/ul><\/div>\n<form action=\"\/fr\/wp-json\/wp\/v2\/pages\/22307#wpcf7-f22674-o1\" method=\"post\" class=\"wpcf7-form init\" aria-label=\"Formulaire de contact\" novalidate=\"novalidate\" data-status=\"init\">\n<fieldset class=\"hidden-fields-container\"><input type=\"hidden\" name=\"_wpcf7\" value=\"22674\" \/><input type=\"hidden\" name=\"_wpcf7_version\" value=\"6.1.5\" \/><input type=\"hidden\" name=\"_wpcf7_locale\" value=\"fr_FR\" \/><input type=\"hidden\" name=\"_wpcf7_unit_tag\" value=\"wpcf7-f22674-o1\" \/><input type=\"hidden\" name=\"_wpcf7_container_post\" value=\"0\" \/><input type=\"hidden\" name=\"_wpcf7_posted_data_hash\" value=\"\" \/>\n<\/fieldset>\n<div id=\"formulario-contacto\" class=\"clearfix\">\n\t<div class=\"form-row\">\n\t\t<div class=\"column-half\">\n\t\t\t<p><span class=\"wpcf7-form-control-wrap\" data-name=\"your-name\"><input size=\"40\" maxlength=\"400\" class=\"wpcf7-form-control wpcf7-text wpcf7-validates-as-required\" aria-required=\"true\" aria-invalid=\"false\" placeholder=\"Nom*\" value=\"\" type=\"text\" name=\"your-name\" \/><\/span>\n\t\t\t<\/p>\n\t\t<\/div>\n\t\t<div class=\"column-half\">\n\t\t\t<p><span class=\"wpcf7-form-control-wrap\" data-name=\"your-email\"><input size=\"40\" maxlength=\"400\" class=\"wpcf7-form-control wpcf7-email wpcf7-validates-as-required wpcf7-text wpcf7-validates-as-email\" aria-required=\"true\" aria-invalid=\"false\" placeholder=\"Messagerie \u00e9lectronique*\" value=\"\" type=\"email\" name=\"your-email\" \/><\/span>\n\t\t\t<\/p>\n\t\t<\/div>\n\t<\/div>\n\t<div class=\"form-row\">\n\t\t<div class=\"column-half\">\n\t\t\t<p><span class=\"wpcf7-form-control-wrap\" data-name=\"your-phone\"><input size=\"40\" maxlength=\"400\" class=\"wpcf7-form-control wpcf7-text wpcf7-validates-as-required\" aria-required=\"true\" aria-invalid=\"false\" placeholder=\"T\u00e9l\u00e9phone*\" value=\"\" type=\"text\" name=\"your-phone\" \/><\/span>\n\t\t\t<\/p>\n\t\t<\/div>\n\t\t<div class=\"column-half\">\n\t\t\t<p><span class=\"wpcf7-form-control-wrap\" data-name=\"your-product\"><input size=\"40\" maxlength=\"400\" class=\"wpcf7-form-control wpcf7-text\" aria-invalid=\"false\" placeholder=\"Code produit\" value=\"\" type=\"text\" name=\"your-product\" \/><\/span>\n\t\t\t<\/p>\n\t\t<\/div>\n\t<\/div>\n\t<div class=\"form-row\">\n\t\t<div class=\"column-full\">\n\t\t\t<p><span class=\"wpcf7-form-control-wrap\" data-name=\"your-message\"><textarea cols=\"40\" rows=\"10\" maxlength=\"2000\" class=\"wpcf7-form-control wpcf7-textarea wpcf7-validates-as-required\" aria-required=\"true\" aria-invalid=\"false\" placeholder=\"Message\" name=\"your-message\"><\/textarea><\/span>\n\t\t\t<\/p>\n\t\t<\/div>\n\t<\/div>\n\t<div class=\"form-row\">\n\t\t<div class=\"column-full\">\n\t\t\t<p><span class=\"wpcf7-form-control-wrap\" data-name=\"acceptance\"><span class=\"wpcf7-form-control wpcf7-acceptance\"><span class=\"wpcf7-list-item\"><label><input type=\"checkbox\" name=\"acceptance\" value=\"1\" aria-invalid=\"false\" \/><span class=\"wpcf7-list-item-label\">J\u2019ai lu et accept\u00e9 la \n        <a href=\"\/politica-de-privacidad\/\" target=\"_blank\">politique de confidentialit\u00e9<\/a>.<\/span><\/label><\/span><\/span><\/span>\n\t\t\t<\/p>\n\t\t<\/div>\n\t<\/div>\n\t<div class=\"form-row\">\n\t\t<div class=\"column-full\">\n\t\t\t<p><input class=\"wpcf7-form-control wpcf7-submit has-spinner\" type=\"submit\" value=\"Envoyer\" \/>\n\t\t\t<\/p>\n\t\t<\/div>\n\t<\/div>\n<\/div><div class=\"wpcf7-response-output\" aria-hidden=\"true\"><\/div>\n<\/form>\n<\/div>\n<\/div>\n<\/div>\n<\/div>\n<\/div>\n\n<div class=\"gb-element-400c4d2b\">\n<div class=\"gb-element-fb3a5abf\">\n<div class=\"gb-element-9aad789e\">\n<img loading=\"lazy\" decoding=\"async\" width=\"623\" height=\"623\" class=\"gb-media-7fe3a5c4\" alt=\"\" src=\"https:\/\/oroel.com\/wp-content\/uploads\/2025\/06\/gore3.png\" title=\"Gore3\" srcset=\"https:\/\/oroel.com\/wp-content\/uploads\/2025\/06\/gore3.png 623w, https:\/\/oroel.com\/wp-content\/uploads\/2025\/06\/gore3-300x300.png 300w, https:\/\/oroel.com\/wp-content\/uploads\/2025\/06\/gore3-150x150.png 150w, https:\/\/oroel.com\/wp-content\/uploads\/2025\/06\/gore3-600x600.png 600w, https:\/\/oroel.com\/wp-content\/uploads\/2025\/06\/gore3-100x100.png 100w\" sizes=\"auto, (max-width: 623px) 100vw, 623px\" \/>\n<\/div>\n\n\n\n<div class=\"gb-element-f88d9fa1\">\n<h2 class=\"gb-text gb-text-c4a2f7d8\">Qu\u2019est-ce que GORE-TEX et pourquoi est-il une r\u00e9f\u00e9rence en mati\u00e8re de protection du travail ?<\/h2>\n\n\n\n<p class=\"gb-text\"><strong>GORE-TEX<\/strong> est une technologie textile de pointe qui se caract\u00e9rise par sa&nbsp;<strong>imperm\u00e9abilit\u00e9, respirabilit\u00e9 et r\u00e9sistance au vent<\/strong>. D\u00e9velopp\u00e9 par &nbsp;<strong>W.L. Gore &amp; Associates<\/strong>, cette membrane est devenue une r\u00e9f\u00e9rence dans le secteur des v\u00eatements techniques et de protection.<\/p>\n\n\n\n<p class=\"gb-text gb-text-a5ce4dc3\">Le tissu&nbsp;<strong>GORE-TEX<\/strong> est compos\u00e9 d\u2019une structure microporeuse avec plus de&nbsp;<strong>1,4 milliard de pores par cm\u00b2<\/strong>, ce qui permet&nbsp;<strong>La sueur est \u00e9vacu\u00e9e sous forme de vapeur<\/strong>, tout en bloquant l\u2019entr\u00e9e de l\u2019eau et d\u2019autres liquides. Cela garantit un &nbsp;<strong>Protection durable dans des conditions m\u00e9t\u00e9orologiques d\u00e9favorables<\/strong>, gardant le porteur au sec et \u00e0 l\u2019aise.<\/p>\n\n\n\n<a class=\"gb-text-2aa922e0\" href=\"https:\/\/oroel.com\/fr\/contact\/\"><span class=\"gb-text\"><strong>En savoir plus<\/strong><\/span><span class=\"gb-shape\"><svg xmlns=\"http:\/\/www.w3.org\/2000\/svg\" width=\"2rem\" height=\"r2em\" fill=\"#ffffff\" viewbox=\"0 0 256 256\"><path d=\"M200,64V168a8,8,0,0,1-16,0V83.31L69.66,197.66a8,8,0,0,1-11.32-11.32L172.69,72H88a8,8,0,0,1,0-16H192A8,8,0,0,1,200,64Z\"><\/path><\/svg><\/span><\/a>\n<\/div>\n<\/div>\n\n\n\n<div class=\"gb-element-ef82f6fb\">\n<div>\n<h3 class=\"gb-text gb-text-a256a6fd\">Principales caract\u00e9ristiques des v\u00eatements GORE-TEX<\/h3>\n<\/div>\n\n\n\n<div class=\"gb-element-f4238169\">\n<div class=\"gb-element-a3718aeb\">\n<p class=\"gb-text\">Les v\u00eatements GORE-TEX sont con\u00e7us pour offrir&nbsp;<strong>Protection maximale<\/strong> dans les environnements de travail exigeants. Sa technologie de pointe garantit &nbsp;<strong>imperm\u00e9abilit\u00e9, respirabilit\u00e9 et r\u00e9sistance thermique<\/strong>, offrant s\u00e9curit\u00e9 et confort dans toutes les conditions.<\/p>\n\n\n\n<p class=\"gb-text\"><strong>&#8211; Imperm\u00e9abilit\u00e9 totale<\/strong> : Protection contre la pluie et l\u2019humidit\u00e9 sans compromettre la respirabilit\u00e9.<br><strong>&#8211; Protection thermique : Isolation<\/strong> efficace contre le froid pour maintenir le confort dans les climats extr\u00eames.<br><strong>&#8211; R\u00e9sistance extr\u00eame<\/strong> : Mat\u00e9riaux de haute qualit\u00e9 qui r\u00e9sistent \u00e0 des conditions de travail intenses.<br><strong>&#8211; Durabilit\u00e9 et r\u00e9sistance<\/strong> : Con\u00e7u pour une utilisation prolong\u00e9e et une exposition \u00e0 des environnements difficiles.<br><strong>&#8211; Certifications de s\u00e9curit\u00e9<\/strong> : Ils r\u00e9pondent aux normes les plus exigeantes des secteurs professionnels.<\/p>\n\n\n\n<p class=\"gb-text\">Cette combinaison de caract\u00e9ristiques fait des v\u00eatements GORE-TEX le choix id\u00e9al pour ceux qui ont besoin d\u2019un \u00e9quipement fiable et durable dans leur travail quotidien.<\/p>\n<\/div>\n\n\n\n<div class=\"gb-element-eb8e6173\">\n<img loading=\"lazy\" decoding=\"async\" width=\"550\" height=\"435\" class=\"gb-media-d903015a\" alt=\"\" src=\"https:\/\/oroel.com\/wp-content\/uploads\/2025\/06\/prendas-goretex.webp\" title=\"V\u00eatements-Goretex\" srcset=\"https:\/\/oroel.com\/wp-content\/uploads\/2025\/06\/prendas-goretex.webp 550w, https:\/\/oroel.com\/wp-content\/uploads\/2025\/06\/prendas-goretex-300x237.webp 300w\" sizes=\"auto, (max-width: 550px) 100vw, 550px\" \/>\n<\/div>\n<\/div>\n<\/div>\n\n\n\n<div class=\"gb-element-53474a1b\">\n<div class=\"gb-element-27645a01\">\n<div class=\"gb-element-96bf9a4e\">\n<img loading=\"lazy\" decoding=\"async\" width=\"623\" height=\"623\" class=\"gb-media-6ed11ca7\" alt=\"\" src=\"https:\/\/oroel.com\/wp-content\/uploads\/2025\/06\/gore6.png\" title=\"Gore6\" srcset=\"https:\/\/oroel.com\/wp-content\/uploads\/2025\/06\/gore6.png 623w, https:\/\/oroel.com\/wp-content\/uploads\/2025\/06\/gore6-300x300.png 300w, https:\/\/oroel.com\/wp-content\/uploads\/2025\/06\/gore6-150x150.png 150w, https:\/\/oroel.com\/wp-content\/uploads\/2025\/06\/gore6-600x600.png 600w, https:\/\/oroel.com\/wp-content\/uploads\/2025\/06\/gore6-100x100.png 100w\" sizes=\"auto, (max-width: 623px) 100vw, 623px\" \/>\n<\/div>\n\n\n\n<div class=\"gb-element-ce3c0718\">\n<h3 class=\"gb-text gb-text-f7019517\">Types de v\u00eatements GORE-TEX en fonction de leur utilisation<\/h3>\n\n\n\n<p class=\"gb-text\">La gamme <strong>de v\u00eatements de travail GORE-TEX<\/strong> comprend diff\u00e9rents v\u00eatements adapt\u00e9s aux besoins de chaque professionnel :<\/p>\n\n\n\n<p class=\"gb-text\">&#8211; <strong>Vestes GORE-TEX<\/strong> : Protection contre le vent, la pluie et les temp\u00e9ratures extr\u00eames.<br><strong>&#8211; Pantalon GORE-TEX<\/strong> : Imperm\u00e9abilit\u00e9 totale sans sacrifier la mobilit\u00e9 ou le confort.<br><strong>&#8211; GORE-TEX Divers<\/strong> : S\u00e9curit\u00e9 compl\u00e8te pour les environnements \u00e0 haut risque.<br><strong>&#8211; V\u00eatements thermiques GORE-TEX<\/strong> : Isolation sup\u00e9rieure pour le travail dans des conditions de froid extr\u00eame.<\/p>\n<\/div>\n<\/div>\n<\/div>\n\n\n\n<div class=\"gb-element-c238c9ec\">\n<div class=\"gb-element-ef77035a\">\n<div class=\"gb-element-f5042ae1\">\n<h3 class=\"gb-text gb-text-36160a9a\">Industries qui misent sur les v\u00eatements GORE-TEX<\/h3>\n\n\n\n<p class=\"gb-text\">Les v\u00eatements GORE-TEX sont utilis\u00e9s dans des <strong>environnements de travail exigeants<\/strong> o\u00f9 la s\u00e9curit\u00e9 est cruciale :<\/p>\n\n\n\n<p class=\"gb-text\">&#8211; <strong>Urgences et secours<\/strong> : pompiers, police et services d\u2019urgence.<br><strong>&#8211; Industrie et construction<\/strong> : exploitants expos\u00e9s \u00e0 des conditions m\u00e9t\u00e9orologiques d\u00e9favorables.<br><strong>&#8211; Secteur de l\u2019\u00e9nergie<\/strong> : travailleurs des raffineries et des centrales \u00e9lectriques.<br><strong>&#8211; Transport et logistique<\/strong> : Professionnels qui travaillent \u00e0 l\u2019ext\u00e9rieur par tous les temps.<\/p>\n\n\n\n<p class=\"gb-text\">Les <strong>v\u00eatements de travail GORE-TEX<\/strong> garantissent un \u00e9quilibre parfait entre protection et confort, permettant aux travailleurs d\u2019effectuer leurs t\u00e2ches en toute s\u00e9curit\u00e9.<\/p>\n<\/div>\n\n\n\n<div class=\"gb-element-8c79cb9e\">\n<img loading=\"lazy\" decoding=\"async\" width=\"623\" height=\"623\" class=\"gb-media-35575529\" alt=\"\" src=\"https:\/\/oroel.com\/wp-content\/uploads\/2025\/06\/gore7.png\" title=\"gore7\" srcset=\"https:\/\/oroel.com\/wp-content\/uploads\/2025\/06\/gore7.png 623w, https:\/\/oroel.com\/wp-content\/uploads\/2025\/06\/gore7-300x300.png 300w, https:\/\/oroel.com\/wp-content\/uploads\/2025\/06\/gore7-150x150.png 150w, https:\/\/oroel.com\/wp-content\/uploads\/2025\/06\/gore7-600x600.png 600w, https:\/\/oroel.com\/wp-content\/uploads\/2025\/06\/gore7-100x100.png 100w\" sizes=\"auto, (max-width: 623px) 100vw, 623px\" \/>\n<\/div>\n<\/div>\n<\/div>\n<\/div>\n","protected":false},"excerpt":{"rendered":"<p>Leaders dans le domaine des v\u00eatements et des v\u00eatements GORE-TEX Voir le catalogue W.L. Gore &amp; Associates (Gore), une soci\u00e9t\u00e9 mondiale de science des mat\u00e9riaux, s\u2019est appuy\u00e9e sur&nbsp;Oroel pour les v\u00eatements de &#8230; <\/p>\n<p class=\"read-more-container\"><a title=\"GORE-TEX\" class=\"read-more button\" href=\"https:\/\/oroel.com\/fr\/gore-tex\/#more-22307\" aria-label=\"En savoir plus sur GORE-TEX\">Lire plus<\/a><\/p>\n","protected":false},"author":1,"featured_media":0,"parent":0,"menu_order":10,"comment_status":"closed","ping_status":"closed","template":"","meta":{"_acf_changed":false,"footnotes":""},"class_list":["post-22307","page","type-page","status-publish"],"acf":[],"_links":{"self":[{"href":"https:\/\/oroel.com\/fr\/wp-json\/wp\/v2\/pages\/22307","targetHints":{"allow":["GET"]}}],"collection":[{"href":"https:\/\/oroel.com\/fr\/wp-json\/wp\/v2\/pages"}],"about":[{"href":"https:\/\/oroel.com\/fr\/wp-json\/wp\/v2\/types\/page"}],"author":[{"embeddable":true,"href":"https:\/\/oroel.com\/fr\/wp-json\/wp\/v2\/users\/1"}],"replies":[{"embeddable":true,"href":"https:\/\/oroel.com\/fr\/wp-json\/wp\/v2\/comments?post=22307"}],"version-history":[{"count":4,"href":"https:\/\/oroel.com\/fr\/wp-json\/wp\/v2\/pages\/22307\/revisions"}],"predecessor-version":[{"id":22981,"href":"https:\/\/oroel.com\/fr\/wp-json\/wp\/v2\/pages\/22307\/revisions\/22981"}],"wp:attachment":[{"href":"https:\/\/oroel.com\/fr\/wp-json\/wp\/v2\/media?parent=22307"}],"curies":[{"name":"wp","href":"https:\/\/api.w.org\/{rel}","templated":true}]}}