{"id":22306,"date":"2025-06-11T08:50:47","date_gmt":"2025-06-11T08:50:47","guid":{"rendered":"https:\/\/oroel.com\/securite\/"},"modified":"2025-07-22T11:42:06","modified_gmt":"2025-07-22T11:42:06","slug":"securite","status":"publish","type":"page","link":"https:\/\/oroel.com\/fr\/securite\/","title":{"rendered":"S\u00e9curit\u00e9"},"content":{"rendered":"\n<div class=\"gb-element-ca67adca\" style=\"--inline-bg-image: url(https:\/\/oroel.com\/wp-content\/uploads\/2025\/06\/normas.png)\">\n<div class=\"gb-element-92483910\">\n<div class=\"gb-element-c0884ff7\">\n<h1 class=\"gb-text gb-text-d7d75871\">Normes<\/h1>\n<\/div>\n\n\n\n<div class=\"gb-element-c149efab\">\n<style>.txt-dcrtn{color:#000}<\/style>\n<\/div>\n<\/div>\n<\/div>\n\n<div class=\"gb-element-400c4d2b\">\n<div class=\"gb-element-fb3a5abf\">\n<div class=\"gb-element-effddb67\">\n<div class=\"gb-element-9aad789e\">\n<a class=\"gb-element-0c3342c6 txt-dcrtn\" href=\"#\">\n<figure class=\"wp-block-image size-full is-resized\"><img loading=\"lazy\" decoding=\"async\" width=\"100\" height=\"100\" src=\"https:\/\/oroel.com\/wp-content\/uploads\/2025\/06\/norma-ce.jpg\" alt=\"\" class=\"wp-image-498\" style=\"width:auto;height:80px\"\/><\/figure>\n\n\n\n<p class=\"gb-text gb-text-9cc419c3\"><strong>R\u00e8glement (UE) 2026\/425<br><\/strong>relative \u00e0 l\u2019\u00e9quipement de protection individuelle.<\/p>\n<\/a>\n\n\n\n<a class=\"gb-element-aadebf8c txt-dcrtn\">\n<figure class=\"wp-block-image size-full is-resized\"><img loading=\"lazy\" decoding=\"async\" width=\"300\" height=\"157\" src=\"https:\/\/oroel.com\/wp-content\/uploads\/2025\/06\/EN-ISO-13688-300x157-1.jpg\" alt=\"\" class=\"wp-image-524\" style=\"width:auto;height:80px\"\/><\/figure>\n\n\n\n<p class=\"gb-text gb-text-11e36b78\"><strong>EN 13688:2013 <br><\/strong>V\u00eatements de protection. Exigences g\u00e9n\u00e9rales. <\/p>\n<\/a>\n\n\n\n<a class=\"gb-element-e3bc06b1 txt-dcrtn\">\n<figure class=\"wp-block-image size-full is-resized\"><img loading=\"lazy\" decoding=\"async\" width=\"84\" height=\"100\" src=\"https:\/\/oroel.com\/wp-content\/uploads\/2025\/06\/en-1149.png\" alt=\"\" class=\"wp-image-499\" style=\"width:auto;height:80px\"\/><\/figure>\n\n\n\n<p class=\"gb-text gb-text-dbf0bddb\"><strong>EN 1149-5:2018 <br><\/strong>V\u00eatements de protection. Propri\u00e9t\u00e9s \u00e9lectrostatiques. Partie 5 : Exigences de comportement des mat\u00e9riaux et de la conception.  <\/p>\n<\/a>\n\n\n\n<a class=\"gb-element-d43bfb07 txt-dcrtn\">\n<figure class=\"wp-block-image size-full is-resized\"><img loading=\"lazy\" decoding=\"async\" width=\"84\" height=\"100\" src=\"https:\/\/oroel.com\/wp-content\/uploads\/2025\/06\/en-343.png\" alt=\"\" class=\"wp-image-502\" style=\"width:auto;height:80px\"\/><\/figure>\n\n\n\n<p class=\"gb-text gb-text-c9a4e073\"><strong>EN 343:2019<br><\/strong>V\u00eatements de protection. Protection contre la pluie. <\/p>\n<\/a>\n\n\n\n<a class=\"gb-element-4a2a2ca7 txt-dcrtn\">\n<figure class=\"wp-block-image size-full is-resized\"><img loading=\"lazy\" decoding=\"async\" width=\"84\" height=\"100\" src=\"https:\/\/oroel.com\/wp-content\/uploads\/2025\/06\/en-13034.png\" alt=\"\" class=\"wp-image-500\" style=\"width:auto;height:80px\"\/><\/figure>\n\n\n\n<p class=\"gb-text gb-text-cafef8d6\"><strong>EN 13034:2005 \/ A1:2009<br><\/strong>V\u00eatements de protection contre les produits chimiques liquides. Exigences de performance pour les v\u00eatements de protection contre les produits chimiques qui offrent une protection limit\u00e9e contre les produits chimiques liquides (\u00e9quipement de type 6). <\/p>\n<\/a>\n\n\n\n<a class=\"gb-element-56ae586e txt-dcrtn\">\n<figure class=\"wp-block-image size-full is-resized\"><img loading=\"lazy\" decoding=\"async\" width=\"84\" height=\"100\" src=\"https:\/\/oroel.com\/wp-content\/uploads\/2025\/06\/iso-27065.jpg\" alt=\"\" class=\"wp-image-495\" style=\"width:auto;height:80px\"\/><\/figure>\n\n\n\n<p class=\"gb-text gb-text-4dc91c1c\"><strong>EN 27065:2017 \/ A1:2019<br><\/strong>V\u00eatements de protection. Exigences de rendement pour les v\u00eatements de protection pour les op\u00e9rateurs qui appliquent des pesticides liquides et pour les travailleurs expos\u00e9s \u00e0 ces pesticides. Modification 1 : Tester le produit chimique de remplacement.  <\/p>\n<\/a>\n\n\n\n<a class=\"gb-element-c2c470dc txt-dcrtn\">\n<figure class=\"wp-block-image size-full is-resized\"><img loading=\"lazy\" decoding=\"async\" width=\"85\" height=\"100\" src=\"https:\/\/oroel.com\/wp-content\/uploads\/2025\/06\/en-471.png\" alt=\"\" class=\"wp-image-496\" style=\"width:auto;height:80px\"\/><\/figure>\n\n\n\n<p class=\"gb-text gb-text-a16b8943\"><strong>EN ISO 20471:2013 \/ A1:2016<br><\/strong>V\u00eatements haute visibilit\u00e9. M\u00e9thodes d\u2019essai et exigences. Modification 1.  <\/p>\n<\/a>\n\n\n\n<a class=\"gb-element-8fcef7b4 txt-dcrtn\">\n<figure class=\"wp-block-image size-full is-resized\"><img loading=\"lazy\" decoding=\"async\" width=\"84\" height=\"100\" src=\"https:\/\/oroel.com\/wp-content\/uploads\/2025\/06\/17353-1.jpg\" alt=\"\" class=\"wp-image-494\" style=\"width:auto;height:80px\"\/><\/figure>\n\n\n\n<p class=\"gb-text gb-text-7fbb72d4\"><strong>EN 17353:2020<br><\/strong>V\u00eatements de protection. \u00c9quipement \u00e0 visibilit\u00e9 accrue pour les situations \u00e0 risque moyen (mod\u00e9r\u00e9). M\u00e9thodes d\u2019essai et exigences.  <\/p>\n<\/a>\n\n\n\n<a class=\"gb-element-dcda7a5d txt-dcrtn\">\n<figure class=\"wp-block-image size-full is-resized\"><img loading=\"lazy\" decoding=\"async\" width=\"84\" height=\"100\" src=\"https:\/\/oroel.com\/wp-content\/uploads\/2025\/06\/en-381_1.png\" alt=\"\" class=\"wp-image-503\" style=\"width:auto;height:80px\"\/><\/figure>\n\n\n\n<p class=\"gb-text gb-text-1a1f3938\"><strong>EN ISO 1139-2:2019<br><\/strong>V\u00eatements de protection pour les utilisateurs de tron\u00e7onneuses manuelles. Partie 2&nbsp;: Exigences et m\u00e9thodes d\u2019essai pour les protecteurs de jambe. <\/p>\n<\/a>\n\n\n\n<a class=\"gb-element-ee324837 txt-dcrtn\">\n<figure class=\"wp-block-image size-full is-resized\"><img loading=\"lazy\" decoding=\"async\" width=\"84\" height=\"100\" src=\"https:\/\/oroel.com\/wp-content\/uploads\/2025\/06\/en-381_1.png\" alt=\"\" class=\"wp-image-503\" style=\"width:auto;height:80px\"\/><\/figure>\n\n\n\n<p class=\"gb-text gb-text-bb75c700\"><strong>EN ISO 1139-6:2019<br><\/strong>V\u00eatements de protection pour les utilisateurs de tron\u00e7onneuses manuelles. Partie 6&nbsp;: M\u00e9thodes d\u2019essai et exigences pour les vestes de protection. <\/p>\n<\/a>\n\n\n\n<a class=\"gb-element-6dcf8384 txt-dcrtn\">\n<figure class=\"wp-block-image size-full is-resized\"><img loading=\"lazy\" decoding=\"async\" width=\"84\" height=\"100\" src=\"https:\/\/oroel.com\/wp-content\/uploads\/2025\/06\/en-iso-11612_0.png\" alt=\"\" class=\"wp-image-505\" style=\"width:auto;height:80px\"\/><\/figure>\n\n\n\n<p class=\"gb-text gb-text-8cf4520a\"><strong>EN ISO 14116:2015<br><\/strong>V\u00eatements de protection. Protection contre les flammes. V\u00eatements, mat\u00e9riaux et ensemble de mat\u00e9riaux avec une propagation limit\u00e9e des flammes.  <\/p>\n<\/a>\n\n\n\n<a class=\"gb-element-28273706 txt-dcrtn\">\n<figure class=\"wp-block-image size-full is-resized\"><img loading=\"lazy\" decoding=\"async\" width=\"84\" height=\"100\" src=\"https:\/\/oroel.com\/wp-content\/uploads\/2025\/06\/en-iso-11612_0.png\" alt=\"\" class=\"wp-image-505\" style=\"width:auto;height:80px\"\/><\/figure>\n\n\n\n<p class=\"gb-text gb-text-cc090e11\"><strong>EN ISO 11612:2015<br><\/strong>V\u00eatements de protection. V\u00eatements de protection contre la chaleur et les flammes. Exigences minimales de performance.  <\/p>\n<\/a>\n\n\n\n<a class=\"gb-element-e7179d6b txt-dcrtn\">\n<figure class=\"wp-block-image size-full is-resized\"><img loading=\"lazy\" decoding=\"async\" width=\"100\" height=\"85\" src=\"https:\/\/oroel.com\/wp-content\/uploads\/2025\/06\/en-469.png\" alt=\"\" class=\"wp-image-497\" style=\"width:auto;height:80px\"\/><\/figure>\n\n\n\n<p class=\"gb-text gb-text-5569f8c0\"><strong>EN ISO 15384:2020<br><\/strong>V\u00eatements de protection pour les pompiers. M\u00e9thodes d\u2019essai en laboratoire et exigences de performance pour les v\u00eatements forestiers. <\/p>\n<\/a>\n\n\n\n<a class=\"gb-element-c0845081 txt-dcrtn\">\n<figure class=\"wp-block-image size-full is-resized\"><img loading=\"lazy\" decoding=\"async\" width=\"100\" height=\"85\" src=\"https:\/\/oroel.com\/wp-content\/uploads\/2025\/06\/en-469.png\" alt=\"\" class=\"wp-image-497\" style=\"width:auto;height:80px\"\/><\/figure>\n\n\n\n<p class=\"gb-text gb-text-e9555750\"><strong>EN ISO 469:2020<br><\/strong>V\u00eatements de protection pour les pompiers. Exigences de performance pour les v\u00eatements de protection dans la lutte contre les incendies. <\/p>\n<\/a>\n\n\n\n<a class=\"gb-element-9c49b61c txt-dcrtn\">\n<figure class=\"wp-block-image size-full is-resized\"><img loading=\"lazy\" decoding=\"async\" width=\"100\" height=\"85\" src=\"https:\/\/oroel.com\/wp-content\/uploads\/2025\/06\/en-469.png\" alt=\"\" class=\"wp-image-497\" style=\"width:auto;height:80px\"\/><\/figure>\n\n\n\n<p class=\"gb-text gb-text-fbf07569\"><strong>EN 13911:2017<br><\/strong>V\u00eatements de protection pour les pompiers. Exigences et m\u00e9thodes d\u2019essai pour les capots de protection contre l\u2019incendie pour les pompiers. <\/p>\n<\/a>\n\n\n\n<a class=\"gb-element-062516b8 txt-dcrtn\">\n<figure class=\"wp-block-image size-full is-resized\"><img loading=\"lazy\" decoding=\"async\" width=\"100\" height=\"85\" src=\"https:\/\/oroel.com\/wp-content\/uploads\/2025\/06\/en-469.png\" alt=\"\" class=\"wp-image-497\" style=\"width:auto;height:80px\"\/><\/figure>\n\n\n\n<p class=\"gb-text gb-text-c25cbe9a\"><strong>EN 16689:2017<br><\/strong>V\u00eatements de protection pour les pompiers. Exigences de performance pour les v\u00eatements de protection pour les sauvetages techniques. <\/p>\n<\/a>\n\n\n\n<a class=\"gb-element-a67bcb77 txt-dcrtn\">\n<figure class=\"wp-block-image size-full is-resized\"><img loading=\"lazy\" decoding=\"async\" width=\"84\" height=\"100\" src=\"https:\/\/oroel.com\/wp-content\/uploads\/2025\/06\/iec-61482.jpg\" alt=\"\" class=\"wp-image-501\" style=\"width:auto;height:80px\"\/><\/figure>\n\n\n\n<p class=\"gb-text gb-text-f63bc591\"><strong>CEI 61482-2:2018<br><\/strong>V\u00eatements de protection contre les risques thermiques d\u2019un arc \u00e9lectrique. Partie 2 : Exigences. <\/p>\n<\/a>\n\n\n\n<a class=\"gb-element-4bfdbb81 txt-dcrtn\">\n<figure class=\"wp-block-image size-full is-resized\"><img loading=\"lazy\" decoding=\"async\" width=\"84\" height=\"100\" src=\"https:\/\/oroel.com\/wp-content\/uploads\/2025\/06\/iec-61482.jpg\" alt=\"\" class=\"wp-image-501\" style=\"width:auto;height:80px\"\/><\/figure>\n\n\n\n<p class=\"gb-text gb-text-5e0ddaca\"><strong>EN 61482-1-1<\/strong><br>Travaillez en tension. V\u00eatements de protection contre les risques thermiques d\u2019un arc \u00e9lectrique. Partie 1-1&nbsp;: M\u00e9thodes d\u2019essai. D\u00e9termination de la valeur de protection par arc ouvert.   <\/p>\n<\/a>\n\n\n\n<a class=\"gb-element-3dad5cfe txt-dcrtn\">\n<figure class=\"wp-block-image size-full is-resized\"><img loading=\"lazy\" decoding=\"async\" width=\"84\" height=\"100\" src=\"https:\/\/oroel.com\/wp-content\/uploads\/2025\/06\/iec-61482.jpg\" alt=\"\" class=\"wp-image-501\" style=\"width:auto;height:80px\"\/><\/figure>\n\n\n\n<p class=\"gb-text gb-text-b5b49868\"><strong>EN 61482-1-2<\/strong><br>Travaillez en tension. V\u00eatements de protection contre les risques thermiques d\u2019un arc \u00e9lectrique. Partie 1-2&nbsp;: M\u00e9thodes d\u2019essai. D\u00e9termination de la classe de protection par arc confin\u00e9 (essai de bo\u00eete).   <\/p>\n<\/a>\n\n\n\n<a class=\"gb-element-1c3589fd txt-dcrtn\">\n<figure class=\"wp-block-image size-full is-resized\"><img loading=\"lazy\" decoding=\"async\" width=\"84\" height=\"100\" src=\"https:\/\/oroel.com\/wp-content\/uploads\/2025\/06\/en-iso-11611.png\" alt=\"\" class=\"wp-image-493\" style=\"width:auto;height:80px\"\/><\/figure>\n\n\n\n<p class=\"gb-text gb-text-0e68c24f\"><strong>EN ISO 11611:2015<br><\/strong>V\u00eatements de protection utilis\u00e9s pendant le soudage et les processus connexes.<\/p>\n<\/a>\n\n\n\n<a class=\"gb-element-e8c56eed txt-dcrtn\">\n<figure class=\"wp-block-image size-full is-resized\"><img loading=\"lazy\" decoding=\"async\" width=\"84\" height=\"100\" src=\"https:\/\/oroel.com\/wp-content\/uploads\/2025\/06\/en-342_1.png\" alt=\"\" class=\"wp-image-492\" style=\"width:auto;height:80px\"\/><\/figure>\n\n\n\n<p class=\"gb-text gb-text-8243039b\"><strong>EN 342:2017<br><\/strong>V\u00eatements de protection. Ensembles et v\u00eatements de protection contre le froid. <\/p>\n<\/a>\n\n\n\n<a class=\"gb-element-fc92e7e5 txt-dcrtn\">\n<figure class=\"wp-block-image size-full is-resized\"><img loading=\"lazy\" decoding=\"async\" width=\"84\" height=\"100\" src=\"https:\/\/oroel.com\/wp-content\/uploads\/2025\/06\/en-342_1.png\" alt=\"\" class=\"wp-image-492\" style=\"width:auto;height:80px\"\/><\/figure>\n\n\n\n<p class=\"gb-text gb-text-5404e6f4\"><strong>EN 14058:2017<br><\/strong>V\u00eatements de protection. V\u00eatements de protection contre les environnements froids. <\/p>\n<\/a>\n\n\n\n<a class=\"gb-element-506dacb4 txt-dcrtn\">\n<figure class=\"wp-block-image size-full is-resized\"><img loading=\"lazy\" decoding=\"async\" width=\"84\" height=\"100\" src=\"https:\/\/oroel.com\/wp-content\/uploads\/2025\/06\/en-510.png\" alt=\"\" class=\"wp-image-504\" style=\"width:auto;height:80px\"\/><\/figure>\n\n\n\n<p class=\"gb-text gb-text-be3b49d1\"><strong>EN 510:2019<br><\/strong>Sp\u00e9cifications des v\u00eatements de protection contre les risques d\u2019\u00eatre coinc\u00e9 par des pi\u00e8ces de machine en mouvement.<\/p>\n<\/a>\n<\/div>\n<\/div>\n<\/div>\n<\/div>\n","protected":false},"excerpt":{"rendered":"<p>Normes R\u00e8glement (UE) 2026\/425relative \u00e0 l\u2019\u00e9quipement de protection individuelle. EN 13688:2013 V\u00eatements de protection. Exigences g\u00e9n\u00e9rales. EN 1149-5:2018 V\u00eatements de protection. Propri\u00e9t\u00e9s \u00e9lectrostatiques. Partie 5 : Exigences de comportement des mat\u00e9riaux et &#8230; <\/p>\n<p class=\"read-more-container\"><a title=\"S\u00e9curit\u00e9\" class=\"read-more button\" href=\"https:\/\/oroel.com\/fr\/securite\/#more-22306\" aria-label=\"En savoir plus sur S\u00e9curit\u00e9\">Lire plus<\/a><\/p>\n","protected":false},"author":1,"featured_media":0,"parent":0,"menu_order":10,"comment_status":"closed","ping_status":"closed","template":"","meta":{"_acf_changed":false,"footnotes":""},"class_list":["post-22306","page","type-page","status-publish"],"acf":[],"_links":{"self":[{"href":"https:\/\/oroel.com\/fr\/wp-json\/wp\/v2\/pages\/22306","targetHints":{"allow":["GET"]}}],"collection":[{"href":"https:\/\/oroel.com\/fr\/wp-json\/wp\/v2\/pages"}],"about":[{"href":"https:\/\/oroel.com\/fr\/wp-json\/wp\/v2\/types\/page"}],"author":[{"embeddable":true,"href":"https:\/\/oroel.com\/fr\/wp-json\/wp\/v2\/users\/1"}],"replies":[{"embeddable":true,"href":"https:\/\/oroel.com\/fr\/wp-json\/wp\/v2\/comments?post=22306"}],"version-history":[{"count":1,"href":"https:\/\/oroel.com\/fr\/wp-json\/wp\/v2\/pages\/22306\/revisions"}],"predecessor-version":[{"id":22308,"href":"https:\/\/oroel.com\/fr\/wp-json\/wp\/v2\/pages\/22306\/revisions\/22308"}],"wp:attachment":[{"href":"https:\/\/oroel.com\/fr\/wp-json\/wp\/v2\/media?parent=22306"}],"curies":[{"name":"wp","href":"https:\/\/api.w.org\/{rel}","templated":true}]}}