{"id":22299,"date":"2025-06-11T07:26:53","date_gmt":"2025-06-11T07:26:53","guid":{"rendered":"https:\/\/oroel.com\/eco2oel\/"},"modified":"2025-07-22T11:42:06","modified_gmt":"2025-07-22T11:42:06","slug":"eco2oel","status":"publish","type":"page","link":"https:\/\/oroel.com\/fr\/eco2oel\/","title":{"rendered":"ECO2OEL"},"content":{"rendered":"\n<div class=\"gb-element-07186313\" style=\"--inline-bg-image: url(https:\/\/oroel.com\/wp-content\/uploads\/2025\/06\/eco2oel2.png)\">\n<div class=\"gb-element-92483910\">\n<div class=\"gb-element-c0884ff7\">\n<h1 class=\"gb-text gb-text-d7d75871\">V\u00eatements de protection individuelle issus de l\u2019\u00e9coconception (ECO2OEL)<\/h1>\n<\/div>\n\n\n\n<div class=\"gb-element-c149efab\"><\/div>\n<\/div>\n<\/div>\n\n<div>\n<div class=\"gb-element-155c21c2\">\n<h2 class=\"gb-text\"><strong>PR\u00c9SENTATION ET OBJECTIFS :<\/strong><\/h2>\n\n\n\n<p class=\"gb-text\">La strat\u00e9gie espagnole d\u2019\u00e9conomie circulaire \u00ab Espagne 2030 \u00bb a \u00e9t\u00e9 approuv\u00e9e par le Conseil des ministres le 2 juin 2020, jetant les bases de la promotion d\u2019un nouveau mod\u00e8le de production et de consommation dans lequel la valeur des produits, des mat\u00e9riaux et des ressources est maintenue dans l\u2019\u00e9conomie le plus longtemps possible, dans lequel la production de d\u00e9chets est r\u00e9duite au minimum et ceux qui ne sont pas utilis\u00e9s le plus largement possible sont utilis\u00e9s Ils peuvent \u00eatre \u00e9vit\u00e9s. Bien que la strat\u00e9gie en mati\u00e8re d\u2019\u00e9conomie circulaire soit de nature transversale, elle identifie six secteurs prioritaires, l\u2019un d\u2019entre eux \u00e9tant le secteur du textile et de l\u2019habillement dans le cadre de cette initiative. <\/p>\n\n\n\n<p class=\"gb-text\">L\u2019industrie textile est consid\u00e9r\u00e9e comme l\u2019un des secteurs qui ont le plus grand impact sur l\u2019\u00e9cosyst\u00e8me, \u00e9tant compt\u00e9e comme le quatri\u00e8me ayant le plus grand impact sur l\u2019environnement et le changement climatique. C\u2019est pourquoi la Commission europ\u00e9enne s\u2019y concentre afin qu\u2019il puisse \u00eatre r\u00e9glement\u00e9 pour le rendre plus durable par le biais de diverses initiatives et directives. <\/p>\n\n\n\n<p class=\"gb-text\">L\u2019OROEL vise \u00e0 \u00e9tablir un mod\u00e8le d\u2019\u00e9conomie circulaire bas\u00e9 sur la recherche et le prototypage d\u2019une nouvelle gamme de produits durables gr\u00e2ce \u00e0 l\u2019\u00e9co-conception de v\u00eatements techniques de protection potentiellement recyclables ; et l\u2019utilisation de d\u00e9chets textiles et non textiles g\u00e9n\u00e9r\u00e9s \u00e0 la fois dans la production de v\u00eatements et dans ceux g\u00e9n\u00e9r\u00e9s apr\u00e8s la fin de leur vie utile. Ces d\u00e9chets repr\u00e9sentent une fraction importante des textiles pr\u00e9-consommation provenant des garnitures de v\u00eatements et des textiles pr\u00e9 et post-consommation provenant des \u00e9quipements de protection individuelle en fin de vie (v\u00eatements de protection). <\/p>\n\n\n\n<p class=\"gb-text\">Par ailleurs, il est important de noter que les mat\u00e9riaux \u00e9tudi\u00e9s dans ce projet sont des tissus techniques \u00e0 forte valeur ajout\u00e9e, les m\u00eames que ceux utilis\u00e9s dans les industries a\u00e9rospatiale, militaire, a\u00e9ronautique ou automobile. C\u2019est le point de diff\u00e9renciation qui marque l\u2019originalit\u00e9 et le degr\u00e9 d\u2019innovation du projet, puisque les mat\u00e9riaux textiles utilis\u00e9s et qui sont le r\u00e9sultat de la recherche, sont des textiles techniques sp\u00e9ciaux. <\/p>\n\n\n\n<p class=\"gb-text\">L\u2019objectif de ce projet est double. Le premier objectif serait d\u2019aborder la circularit\u00e9 sous l\u2019angle du produit et de ses processus, c\u2019est-\u00e0-dire de quantifier, puis de r\u00e9duire, l\u2019impact environnemental des v\u00eatements de protection con\u00e7us et fabriqu\u00e9s par OROEL et celui de ses processus de fabrication et de logistique associ\u00e9s. <\/p>\n\n\n\n<p class=\"gb-text\">Le deuxi\u00e8me objectif serait d\u2019aborder le projet sous l\u2019angle de l\u2019environnement et de l\u2019impr\u00e9gnation de la cha\u00eene de valeur. D\u2019une part, en lien avec les r\u00e9sultats obtenus dans le premier bloc, la mise en \u0153uvre syst\u00e9mique de l\u2019\u00e9coconception et de la circularit\u00e9 dans OROEL en tant que strat\u00e9gie d\u2019entreprise sera abord\u00e9e, \u00e0 travers la cr\u00e9ation d\u2019un outil de calcul simplifi\u00e9 qui permet de syst\u00e9matiser l\u2019analyse et d\u2019optimiser les conceptions et les processus, toujours avec des crit\u00e8res environnementaux et de circularit\u00e9. D\u2019autre part, des t\u00e2ches li\u00e9es \u00e0 la communication et \u00e0 la diffusion de ces connaissances \u00e0 la cha\u00eene de valeur des produits seront entreprises pour permettre aux diff\u00e9rents acteurs impliqu\u00e9s, ce qui permettra de prendre de meilleures d\u00e9cisions sur la base de connaissances sp\u00e9cifiques sur le profil environnemental et circulaire des produits. Ce dernier peut \u00eatre envisag\u00e9 \u00e0 travers le d\u00e9veloppement d\u2019un syst\u00e8me de communication d\u2019informations pertinentes sur le produit, sur son utilisation correcte pour assurer une longue dur\u00e9e de vie et, enfin, sur sa gestion correcte pour faciliter une r\u00e9cup\u00e9ration ad\u00e9quate des mat\u00e9riaux.   <\/p>\n\n\n\n<p class=\"gb-text\">Le groupe Oroel est un groupe d\u2019entreprises 100&nbsp;% aragonais compos\u00e9 d\u2019un groupe d\u2019entreprises situ\u00e9es dans diff\u00e9rents pays et continents dont l\u2019activit\u00e9 principale est la conception, la fabrication, la commercialisation et l\u2019entretien de v\u00eatements de protection individuelle. Le groupe a \u00e9t\u00e9 fond\u00e9 en 2004 lorsque Confecciones Oroel, S.A. (ci-apr\u00e8s OROEL) a eu besoin d\u2019\u00e9largir son portefeuille pour inclure de nouveaux services et march\u00e9s. La soci\u00e9t\u00e9 fondatrice est Confecciones Oroel S.A., n\u00e9e en 1980. D\u00e8s le d\u00e9but, elle s\u2019est sp\u00e9cialis\u00e9e dans une autre garde-robe de travail, beaucoup plus technique que celle fabriqu\u00e9e jusque-l\u00e0 en Espagne.   <\/p>\n\n\n\n<p class=\"gb-text\">L\u2019OROEL joue le r\u00f4le de coordinateur du projet et aborde l\u2019effort d\u2019innovation avec la collaboration scientifique du centre technologique de r\u00e9f\u00e9rence d\u2019Aragon dans le domaine de la recherche et du d\u00e9veloppement des mat\u00e9riaux.<\/p>\n<\/div>\n<\/div>\n\n<div class=\"gb-element-afac688b\">\n<div class=\"gb-element-8429ba27\">\n<div class=\"gb-element-ccdb96e2\">\n<figure class=\"wp-block-image size-full\"><img loading=\"lazy\" decoding=\"async\" width=\"1024\" height=\"70\" src=\"https:\/\/oroel.com\/wp-content\/uploads\/2025\/06\/Encabezado-FEDER_Hacienda-1024x70-1.png\" alt=\"\" class=\"wp-image-440\" style=\"object-fit:cover\" srcset=\"https:\/\/oroel.com\/wp-content\/uploads\/2025\/06\/Encabezado-FEDER_Hacienda-1024x70-1.png 1024w, https:\/\/oroel.com\/wp-content\/uploads\/2025\/06\/Encabezado-FEDER_Hacienda-1024x70-1-300x21.png 300w, https:\/\/oroel.com\/wp-content\/uploads\/2025\/06\/Encabezado-FEDER_Hacienda-1024x70-1-768x53.png 768w, https:\/\/oroel.com\/wp-content\/uploads\/2025\/06\/Encabezado-FEDER_Hacienda-1024x70-1-600x41.png 600w\" sizes=\"auto, (max-width: 1024px) 100vw, 1024px\" \/><\/figure>\n<\/div>\n<\/div>\n<\/div>\n\n<div class=\"gb-element-b25457ea\">\n<div class=\"gb-element-69af305f\">\n<div class=\"gb-element-d9c3b378\">\n<img loading=\"lazy\" decoding=\"async\" width=\"166\" height=\"139\" class=\"gb-media-5b71b7b7\" alt=\"\" src=\"https:\/\/oroel.com\/wp-content\/uploads\/2025\/06\/Imagen2.png\" title=\"L\u2019image2\">\n<\/div>\n\n\n\n<div class=\"gb-element-f35beed1\">\n<div class=\"gb-element-33194b8a\">\n<p class=\"gb-text gb-text-16a2c2fa\"><strong>DONN\u00c9ES G\u00c9N\u00c9RALES&nbsp;:<\/strong><br>Programme&nbsp;: ECONOMIE CIRCULAIRE R+D+i DGA<br>R\u00e9f\u00e9rence&nbsp;: EC-09-2023 et EC-18-2024<br>Date de r\u00e9solution : 01\/08\/2023<br>Date d\u2019ex\u00e9cution : 06\/2023-30\/09\/2025<\/p>\n<\/div>\n\n\n\n<div class=\"gb-element-bfe34610\">\n<p class=\"gb-text gb-text-d3a2d88d\"><strong>ENTIT\u00c9S PARTICIPANTES :<\/strong><br>Confecciones Oroel SA<br>Institut Technologique d\u2019Aragon (ITA)<br>Institut de Technologie Textile (AITEX)<\/p>\n\n\n\n<p class=\"gb-text gb-text-9ba61c54\"><strong>BUDGET:<\/strong><br>Budget total du projet&nbsp;: 518.900,00 \u20ac<\/p>\n<\/div>\n\n\n\n<div class=\"gb-element-480cfbfc\">\n<p class=\"gb-text gb-text-cba2ecdc\"><strong>FINANCEMENT:<\/strong><br>Financement pour la p\u00e9riode 2023 : 42 400,00 \u20ac<br>Financement pour la p\u00e9riode 2024 : 121 500,00 \u20ac<br>Le projet Eco2oel a \u00e9t\u00e9 financ\u00e9 par le minist\u00e8re de l\u2019\u00c9conomie, de la Planification et de l\u2019Emploi du gouvernement d\u2019Aragon, dont les dossiers vis\u00e9s sont EC-09-2023 et EC-18-2024.<\/p>\n<\/div>\n<\/div>\n<\/div>\n<\/div>\n","protected":false},"excerpt":{"rendered":"<p>V\u00eatements de protection individuelle issus de l\u2019\u00e9coconception (ECO2OEL) PR\u00c9SENTATION ET OBJECTIFS : La strat\u00e9gie espagnole d\u2019\u00e9conomie circulaire \u00ab Espagne 2030 \u00bb a \u00e9t\u00e9 approuv\u00e9e par le Conseil des ministres le 2 juin &#8230; <\/p>\n<p class=\"read-more-container\"><a title=\"ECO2OEL\" class=\"read-more button\" href=\"https:\/\/oroel.com\/fr\/eco2oel\/#more-22299\" aria-label=\"En savoir plus sur ECO2OEL\">Lire plus<\/a><\/p>\n","protected":false},"author":1,"featured_media":0,"parent":0,"menu_order":10,"comment_status":"closed","ping_status":"closed","template":"","meta":{"_acf_changed":false,"footnotes":""},"class_list":["post-22299","page","type-page","status-publish"],"acf":[],"_links":{"self":[{"href":"https:\/\/oroel.com\/fr\/wp-json\/wp\/v2\/pages\/22299","targetHints":{"allow":["GET"]}}],"collection":[{"href":"https:\/\/oroel.com\/fr\/wp-json\/wp\/v2\/pages"}],"about":[{"href":"https:\/\/oroel.com\/fr\/wp-json\/wp\/v2\/types\/page"}],"author":[{"embeddable":true,"href":"https:\/\/oroel.com\/fr\/wp-json\/wp\/v2\/users\/1"}],"replies":[{"embeddable":true,"href":"https:\/\/oroel.com\/fr\/wp-json\/wp\/v2\/comments?post=22299"}],"version-history":[{"count":1,"href":"https:\/\/oroel.com\/fr\/wp-json\/wp\/v2\/pages\/22299\/revisions"}],"predecessor-version":[{"id":22301,"href":"https:\/\/oroel.com\/fr\/wp-json\/wp\/v2\/pages\/22299\/revisions\/22301"}],"wp:attachment":[{"href":"https:\/\/oroel.com\/fr\/wp-json\/wp\/v2\/media?parent=22299"}],"curies":[{"name":"wp","href":"https:\/\/api.w.org\/{rel}","templated":true}]}}