{"id":22287,"date":"2025-06-11T08:06:15","date_gmt":"2025-06-11T08:06:15","guid":{"rendered":"https:\/\/oroel.com\/certifications\/"},"modified":"2025-10-14T14:13:34","modified_gmt":"2025-10-14T14:13:34","slug":"certifications","status":"publish","type":"page","link":"https:\/\/oroel.com\/fr\/certifications\/","title":{"rendered":"Certifications"},"content":{"rendered":"\n<div class=\"gb-element-07186313\" style=\"--inline-bg-image: url(https:\/\/oroel.com\/wp-content\/uploads\/2025\/06\/calidad.png)\">\n<div class=\"gb-element-92483910\">\n<div class=\"gb-element-c0884ff7\">\n<h1 class=\"gb-text gb-text-d7d75871\">Qualit\u00e9 et durabilit\u00e9<\/h1>\n<\/div>\n\n\n\n<div class=\"gb-element-c149efab\"><\/div>\n<\/div>\n<\/div>\n\n\n\n<div class=\"gb-element-afac688b\">\n<div class=\"gb-element-8429ba27\">\n<figure class=\"wp-block-gallery has-nested-images columns-8 is-cropped wp-block-gallery-1 is-layout-flex wp-block-gallery-is-layout-flex\">\n<figure class=\"wp-block-image size-large is-style-default\"><img loading=\"lazy\" decoding=\"async\" width=\"724\" height=\"1024\" data-id=\"471\" src=\"https:\/\/oroel.com\/wp-content\/uploads\/2025\/06\/CertificadoER0258-724x1024.jpg\" alt=\"\" class=\"wp-image-471\" srcset=\"https:\/\/oroel.com\/wp-content\/uploads\/2025\/06\/CertificadoER0258-724x1024.jpg 724w, https:\/\/oroel.com\/wp-content\/uploads\/2025\/06\/CertificadoER0258-212x300.jpg 212w, https:\/\/oroel.com\/wp-content\/uploads\/2025\/06\/CertificadoER0258-768x1086.jpg 768w, https:\/\/oroel.com\/wp-content\/uploads\/2025\/06\/CertificadoER0258-1086x1536.jpg 1086w, https:\/\/oroel.com\/wp-content\/uploads\/2025\/06\/CertificadoER0258-600x849.jpg 600w, https:\/\/oroel.com\/wp-content\/uploads\/2025\/06\/CertificadoER0258.jpg 1241w\" sizes=\"auto, (max-width: 724px) 100vw, 724px\" \/><\/figure>\n\n\n\n<figure class=\"wp-block-image size-large\"><img loading=\"lazy\" decoding=\"async\" width=\"724\" height=\"1024\" data-id=\"472\" src=\"https:\/\/oroel.com\/wp-content\/uploads\/2025\/06\/CertificadoER0258-1-724x1024.jpg\" alt=\"\" class=\"wp-image-472\" srcset=\"https:\/\/oroel.com\/wp-content\/uploads\/2025\/06\/CertificadoER0258-1-724x1024.jpg 724w, https:\/\/oroel.com\/wp-content\/uploads\/2025\/06\/CertificadoER0258-1-212x300.jpg 212w, https:\/\/oroel.com\/wp-content\/uploads\/2025\/06\/CertificadoER0258-1-768x1086.jpg 768w, https:\/\/oroel.com\/wp-content\/uploads\/2025\/06\/CertificadoER0258-1-1086x1536.jpg 1086w, https:\/\/oroel.com\/wp-content\/uploads\/2025\/06\/CertificadoER0258-1-600x849.jpg 600w, https:\/\/oroel.com\/wp-content\/uploads\/2025\/06\/CertificadoER0258-1.jpg 1241w\" sizes=\"auto, (max-width: 724px) 100vw, 724px\" \/><\/figure>\n\n\n\n<figure class=\"wp-block-image size-large\"><img loading=\"lazy\" decoding=\"async\" width=\"724\" height=\"1024\" data-id=\"473\" src=\"https:\/\/oroel.com\/wp-content\/uploads\/2025\/06\/CertificadoRC-2020-0010_ES_2023-06-01_AENOR-724x1024.jpg\" alt=\"\" class=\"wp-image-473\" srcset=\"https:\/\/oroel.com\/wp-content\/uploads\/2025\/06\/CertificadoRC-2020-0010_ES_2023-06-01_AENOR-724x1024.jpg 724w, https:\/\/oroel.com\/wp-content\/uploads\/2025\/06\/CertificadoRC-2020-0010_ES_2023-06-01_AENOR-212x300.jpg 212w, https:\/\/oroel.com\/wp-content\/uploads\/2025\/06\/CertificadoRC-2020-0010_ES_2023-06-01_AENOR-768x1086.jpg 768w, https:\/\/oroel.com\/wp-content\/uploads\/2025\/06\/CertificadoRC-2020-0010_ES_2023-06-01_AENOR-1086x1536.jpg 1086w, https:\/\/oroel.com\/wp-content\/uploads\/2025\/06\/CertificadoRC-2020-0010_ES_2023-06-01_AENOR-600x849.jpg 600w, https:\/\/oroel.com\/wp-content\/uploads\/2025\/06\/CertificadoRC-2020-0010_ES_2023-06-01_AENOR.jpg 1241w\" sizes=\"auto, (max-width: 724px) 100vw, 724px\" \/><\/figure>\n\n\n\n<figure class=\"wp-block-image size-large\"><img loading=\"lazy\" decoding=\"async\" width=\"725\" height=\"1024\" data-id=\"474\" src=\"https:\/\/oroel.com\/wp-content\/uploads\/2025\/06\/CertificadoRC-2020-0010_ES_2023-06-01_page-0001-725x1024.jpg\" alt=\"\" class=\"wp-image-474\" srcset=\"https:\/\/oroel.com\/wp-content\/uploads\/2025\/06\/CertificadoRC-2020-0010_ES_2023-06-01_page-0001-725x1024.jpg 725w, https:\/\/oroel.com\/wp-content\/uploads\/2025\/06\/CertificadoRC-2020-0010_ES_2023-06-01_page-0001-212x300.jpg 212w, https:\/\/oroel.com\/wp-content\/uploads\/2025\/06\/CertificadoRC-2020-0010_ES_2023-06-01_page-0001-768x1085.jpg 768w, https:\/\/oroel.com\/wp-content\/uploads\/2025\/06\/CertificadoRC-2020-0010_ES_2023-06-01_page-0001-1087x1536.jpg 1087w, https:\/\/oroel.com\/wp-content\/uploads\/2025\/06\/CertificadoRC-2020-0010_ES_2023-06-01_page-0001-600x848.jpg 600w, https:\/\/oroel.com\/wp-content\/uploads\/2025\/06\/CertificadoRC-2020-0010_ES_2023-06-01_page-0001.jpg 1241w\" sizes=\"auto, (max-width: 725px) 100vw, 725px\" \/><\/figure>\n\n\n\n<figure class=\"wp-block-image size-large\"><img loading=\"lazy\" decoding=\"async\" width=\"724\" height=\"1024\" data-id=\"475\" src=\"https:\/\/oroel.com\/wp-content\/uploads\/2025\/06\/CertificadoRC-2020-0010_IN_2023-06-05_page-0001-724x1024.jpg\" alt=\"\" class=\"wp-image-475\" srcset=\"https:\/\/oroel.com\/wp-content\/uploads\/2025\/06\/CertificadoRC-2020-0010_IN_2023-06-05_page-0001-724x1024.jpg 724w, https:\/\/oroel.com\/wp-content\/uploads\/2025\/06\/CertificadoRC-2020-0010_IN_2023-06-05_page-0001-212x300.jpg 212w, https:\/\/oroel.com\/wp-content\/uploads\/2025\/06\/CertificadoRC-2020-0010_IN_2023-06-05_page-0001-768x1086.jpg 768w, https:\/\/oroel.com\/wp-content\/uploads\/2025\/06\/CertificadoRC-2020-0010_IN_2023-06-05_page-0001-1086x1536.jpg 1086w, https:\/\/oroel.com\/wp-content\/uploads\/2025\/06\/CertificadoRC-2020-0010_IN_2023-06-05_page-0001-600x849.jpg 600w, https:\/\/oroel.com\/wp-content\/uploads\/2025\/06\/CertificadoRC-2020-0010_IN_2023-06-05_page-0001.jpg 1241w\" sizes=\"auto, (max-width: 724px) 100vw, 724px\" \/><\/figure>\n\n\n\n<figure class=\"wp-block-image size-large\"><img loading=\"lazy\" decoding=\"async\" width=\"724\" height=\"1024\" data-id=\"476\" src=\"https:\/\/oroel.com\/wp-content\/uploads\/2025\/06\/IQNetES-2016-0265_2022-09-26_page-0001-724x1024.jpg\" alt=\"\" class=\"wp-image-476\" srcset=\"https:\/\/oroel.com\/wp-content\/uploads\/2025\/06\/IQNetES-2016-0265_2022-09-26_page-0001-724x1024.jpg 724w, https:\/\/oroel.com\/wp-content\/uploads\/2025\/06\/IQNetES-2016-0265_2022-09-26_page-0001-212x300.jpg 212w, https:\/\/oroel.com\/wp-content\/uploads\/2025\/06\/IQNetES-2016-0265_2022-09-26_page-0001-768x1086.jpg 768w, https:\/\/oroel.com\/wp-content\/uploads\/2025\/06\/IQNetES-2016-0265_2022-09-26_page-0001-1086x1536.jpg 1086w, https:\/\/oroel.com\/wp-content\/uploads\/2025\/06\/IQNetES-2016-0265_2022-09-26_page-0001-600x849.jpg 600w, https:\/\/oroel.com\/wp-content\/uploads\/2025\/06\/IQNetES-2016-0265_2022-09-26_page-0001.jpg 1241w\" sizes=\"auto, (max-width: 724px) 100vw, 724px\" \/><\/figure>\n\n\n\n<figure class=\"wp-block-image size-large\"><img loading=\"lazy\" decoding=\"async\" width=\"724\" height=\"1024\" data-id=\"477\" src=\"https:\/\/oroel.com\/wp-content\/uploads\/2025\/06\/IQNetES-0258-724x1024.jpg\" alt=\"\" class=\"wp-image-477\" srcset=\"https:\/\/oroel.com\/wp-content\/uploads\/2025\/06\/IQNetES-0258-724x1024.jpg 724w, https:\/\/oroel.com\/wp-content\/uploads\/2025\/06\/IQNetES-0258-212x300.jpg 212w, https:\/\/oroel.com\/wp-content\/uploads\/2025\/06\/IQNetES-0258-768x1086.jpg 768w, https:\/\/oroel.com\/wp-content\/uploads\/2025\/06\/IQNetES-0258-1086x1536.jpg 1086w, https:\/\/oroel.com\/wp-content\/uploads\/2025\/06\/IQNetES-0258-600x849.jpg 600w, https:\/\/oroel.com\/wp-content\/uploads\/2025\/06\/IQNetES-0258.jpg 1241w\" sizes=\"auto, (max-width: 724px) 100vw, 724px\" \/><\/figure>\n\n\n\n<figure class=\"wp-block-image size-large\"><img loading=\"lazy\" decoding=\"async\" width=\"724\" height=\"1024\" data-id=\"478\" src=\"https:\/\/oroel.com\/wp-content\/uploads\/2025\/06\/CertificadoGA-2016-0265_ES_2022-09-26_page-0001-724x1024.jpg\" alt=\"\" class=\"wp-image-478\" srcset=\"https:\/\/oroel.com\/wp-content\/uploads\/2025\/06\/CertificadoGA-2016-0265_ES_2022-09-26_page-0001-724x1024.jpg 724w, https:\/\/oroel.com\/wp-content\/uploads\/2025\/06\/CertificadoGA-2016-0265_ES_2022-09-26_page-0001-212x300.jpg 212w, https:\/\/oroel.com\/wp-content\/uploads\/2025\/06\/CertificadoGA-2016-0265_ES_2022-09-26_page-0001-768x1086.jpg 768w, https:\/\/oroel.com\/wp-content\/uploads\/2025\/06\/CertificadoGA-2016-0265_ES_2022-09-26_page-0001-1086x1536.jpg 1086w, https:\/\/oroel.com\/wp-content\/uploads\/2025\/06\/CertificadoGA-2016-0265_ES_2022-09-26_page-0001-600x849.jpg 600w, https:\/\/oroel.com\/wp-content\/uploads\/2025\/06\/CertificadoGA-2016-0265_ES_2022-09-26_page-0001.jpg 1241w\" sizes=\"auto, (max-width: 724px) 100vw, 724px\" \/><\/figure>\n<\/figure>\n<\/div>\n<\/div>\n\n\n\n<div>\n<div class=\"gb-element-155c21c2\">\n<p class=\"gb-text\">Au sein du Groupe Oroel, nous disposons d\u2019un syst\u00e8me de gestion de la qualit\u00e9 certifi\u00e9 selon la norme ISO 9001:2015, ce qui nous permet de :<\/p>\n\n\n\n<ul class=\"wp-block-list\">\n<li>Avoir une orientation claire vers l\u2019am\u00e9lioration<\/li>\n\n\n\n<li>Une plus grande assurance de r\u00e9pondre aux exigences en mati\u00e8re de produits et de services et de comprendre les attentes des clients pour accro\u00eetre leur satisfaction<\/li>\n\n\n\n<li>Mieux comprendre le contexte dans lequel nous exer\u00e7ons notre activit\u00e9<\/li>\n\n\n\n<li>Aborder les risques et les opportunit\u00e9s qui s\u2019offrent \u00e0 nous avec plus de confiance.<\/li>\n<\/ul>\n\n\n\n<p class=\"gb-text\">La mise en \u0153uvre d\u2019un syst\u00e8me de gestion environnementale \u00e0 Confecciones Oroel, S.A. selon la norme ISO 14001:2015, qui prend en compte le cycle de vie de nos activit\u00e9s, produits et services, a contribu\u00e9 \u00e0 am\u00e9liorer chaque ann\u00e9e notre performance environnementale.<\/p>\n\n\n\n<p class=\"gb-text\">Dans le cadre de nos efforts pour adopter des pratiques qui minimisent l\u2019impact environnemental d\u00e9riv\u00e9 de notre activit\u00e9, nous disposons du certificat AENOR Zero Waste, qui reconna\u00eet que nous r\u00e9cup\u00e9rons les d\u00e9chets que nous g\u00e9n\u00e9rons, dans le cadre d\u00e9fini, en \u00e9vitant d\u2019avoir l\u2019\u00e9limination dans les d\u00e9charges comme destination finale.<\/p>\n\n\n\n<h2 class=\"gb-text\"><strong><strong><u>Norme ISO 14001 et performance environnementale Oroel<\/u><\/strong> <strong>(mise \u00e0 jour 2025)<\/strong><\/strong><\/h2>\n\n\n\n<p class=\"gb-text\">En raison de notre engagement en faveur de l\u2019environnement, chez Confecciones Oroel S.A., nous avons mis en place un syst\u00e8me de gestion environnementale conforme \u00e0 la norme ISO 14001. Ce syst\u00e8me vise la \u00ab <strong>Protection de l\u2019Environnement \u00bb.<\/strong> Ceci est r\u00e9alis\u00e9 gr\u00e2ce \u00e0 une strat\u00e9gie d\u00e9finie de  &nbsp;<strong>la gestion des risques environnementaux<\/strong> pouvant d\u00e9couler de notre activit\u00e9.<\/p>\n\n\n\n<p class=\"gb-text\">Pour se conformer aux exigences de la pr\u00e9sente norme, l\u2019organisme doit <strong>communiquer \u00e0 l\u2019externe et \u00e0 l\u2019interne les informations pertinentes \u00e0 sa performance environnementale.<\/strong><\/p>\n\n\n\n<p class=\"gb-text\">Vous trouverez ci-dessous des informations sur les efforts d\u00e9ploy\u00e9s par Confecciones Oroel pour am\u00e9liorer ses performances environnementales :<\/p>\n\n\n\n<ul class=\"wp-block-list\">\n<li>Maintien <a href=\"https:\/\/www.aenor.com\/certificacion\/medio-ambiente\/residuo-cero\" target=\"_blank\" rel=\"noreferrer noopener\">de la certification <strong>z\u00e9ro d\u00e9chet<\/strong><\/a>. Selon le rapport de v\u00e9rification publi\u00e9 par AENOR, en 2023, 96,74 % des d\u00e9chets g\u00e9n\u00e9r\u00e9s \u00e0 Confecciones Oroel S.A. \u00e9taient destin\u00e9s \u00e0 la valorisation <\/li>\n\n\n\n<li>Inscription au <strong>Registre des Projets Empreinte Carbone<\/strong>, Compensation et Absorption de<sub>CO2<\/sub> du Minist\u00e8re de la Transition Ecologique et du D\u00e9fi D\u00e9mographique pour le scope 1+2 pour la p\u00e9riode 2023. Le sceau \u00ab CALCUL \/ COMPENSATION \u00bb a \u00e9t\u00e9 obtenu <\/li>\n\n\n\n<li>Nous nous engageons \u00e0 <strong>consommer du papier recycl\u00e9<\/strong>. D\u2019ici 2024, 96,29 % du papier de bureau consomm\u00e9 chez Confecciones Oroel est recycl\u00e9. <\/li>\n\n\n\n<li><strong>Les sacs fabriqu\u00e9s \u00e0 partir de plastique 100 %<\/strong> <strong>recycl\u00e9<\/strong> sont utilis\u00e9s comme emballage primaire. De plus, des sacs 100&nbsp;% biod\u00e9gradables et compostables en mati\u00e8res v\u00e9g\u00e9tales renouvelables (f\u00e9cule de pomme de terre) sont disponibles conform\u00e9ment \u00e0 la norme EN 13432. <\/li>\n\n\n\n<li>Augmentation du chiffre d\u2019affaires des clients <strong>louant des<\/strong> <a href=\"https:\/\/oroel.com\/ropa-de-proteccion\/\">v\u00eatements de protection<\/a>.<\/li>\n\n\n\n<li>Projet <strong>de recherche ECO2OEL<\/strong>. avec lequel nous avons l\u2019intention de faire progresser nos produits vers l\u2019\u00e9conomie circulaire et la durabilit\u00e9 bas\u00e9e sur la science, avec des r\u00e9sultats mesurables qui s\u2019\u00e9loignent du greenwashing bien connu, en abordant la recyclabilit\u00e9, l\u2019utilisation de mat\u00e9riaux recycl\u00e9s et le moment de l\u2019utilisation des v\u00eatements afin qu\u2019ils puissent \u00eatre efficacement contr\u00f4l\u00e9s par nous-m\u00eames. <\/li>\n<\/ul>\n\n\n\n<p class=\"gb-text\"><strong>Des informations sur notre performance environnementale sont \u00e0 la disposition des personnes int\u00e9ress\u00e9es<\/strong>. Pour en faire la demande, vous devez envoyer un e-mail \u00e0 l\u2019adresse &nbsp;<a href=\"mailto:calidad@oroel.com\">calidad@oroel.com<\/a>, en indiquant les donn\u00e9es environnementales demand\u00e9es et le motif de la demande. Nous r\u00e9pondrons \u00e0 vos demandes dans les plus brefs d\u00e9lais. <\/p>\n<\/div>\n<\/div>\n","protected":false},"excerpt":{"rendered":"<p>Qualit\u00e9 et durabilit\u00e9 Au sein du Groupe Oroel, nous disposons d\u2019un syst\u00e8me de gestion de la qualit\u00e9 certifi\u00e9 selon la norme ISO 9001:2015, ce qui nous permet de : La mise en &#8230; <\/p>\n<p class=\"read-more-container\"><a title=\"Certifications\" class=\"read-more button\" href=\"https:\/\/oroel.com\/fr\/certifications\/#more-22287\" aria-label=\"En savoir plus sur Certifications\">Lire plus<\/a><\/p>\n","protected":false},"author":1,"featured_media":0,"parent":0,"menu_order":10,"comment_status":"closed","ping_status":"closed","template":"","meta":{"_acf_changed":false,"footnotes":""},"class_list":["post-22287","page","type-page","status-publish"],"acf":[],"_links":{"self":[{"href":"https:\/\/oroel.com\/fr\/wp-json\/wp\/v2\/pages\/22287","targetHints":{"allow":["GET"]}}],"collection":[{"href":"https:\/\/oroel.com\/fr\/wp-json\/wp\/v2\/pages"}],"about":[{"href":"https:\/\/oroel.com\/fr\/wp-json\/wp\/v2\/types\/page"}],"author":[{"embeddable":true,"href":"https:\/\/oroel.com\/fr\/wp-json\/wp\/v2\/users\/1"}],"replies":[{"embeddable":true,"href":"https:\/\/oroel.com\/fr\/wp-json\/wp\/v2\/comments?post=22287"}],"version-history":[{"count":2,"href":"https:\/\/oroel.com\/fr\/wp-json\/wp\/v2\/pages\/22287\/revisions"}],"predecessor-version":[{"id":23233,"href":"https:\/\/oroel.com\/fr\/wp-json\/wp\/v2\/pages\/22287\/revisions\/23233"}],"wp:attachment":[{"href":"https:\/\/oroel.com\/fr\/wp-json\/wp\/v2\/media?parent=22287"}],"curies":[{"name":"wp","href":"https:\/\/api.w.org\/{rel}","templated":true}]}}