{"id":22279,"date":"2025-06-11T11:16:02","date_gmt":"2025-06-11T11:16:02","guid":{"rendered":"https:\/\/oroel.com\/contact\/"},"modified":"2025-07-25T08:53:02","modified_gmt":"2025-07-25T08:53:02","slug":"contact","status":"publish","type":"page","link":"https:\/\/oroel.com\/fr\/contact\/","title":{"rendered":"Contact"},"content":{"rendered":"\n<div class=\"gb-element-ca67adca\" style=\"--inline-bg-image: url(https:\/\/oroel.com\/wp-content\/uploads\/2025\/06\/contacto.png)\">\n<div class=\"gb-element-92483910\">\n<div class=\"gb-element-c0884ff7\">\n<h1 class=\"gb-text gb-text-d7d75871\">Contact<\/h1>\n<\/div>\n\n\n\n<div class=\"gb-element-c149efab\"><\/div>\n<\/div>\n<\/div>\n\n<div class=\"gb-element-640e3e41\">\n<div class=\"gb-element-0480e6d6\">\n<div class=\"gb-element-c8cbc132\">\n<h2 class=\"gb-text gb-text-716cdea1\">Contactez-nous<\/h2>\n\n\n\n<div class=\"gb-element-3dee0807\">\n<div class=\"gb-element-54d8b835\">\n<div class=\"gb-element-dbd47bb9\">\n<h2 class=\"gb-text gb-text-55eadd83\">ESPAGNE<\/h2>\n<\/div>\n\n\n\n<p class=\"gb-text gb-text-997eb4ed\">T\u00e9l. : <a href=\"tel:34976149260\">+34 976 149 260<\/a><\/p>\n\n\n\n<p class=\"gb-text gb-text-ea0ebab8\">Courriel : <a href=\"mailto:INFO@OROEL.COM\">INFO@OROEL.COM<\/a><\/p>\n\n\n\n<p class=\"gb-text gb-text-2493182c\">Whatsapp : <a href=\"https:\/\/api.whatsapp.com\/send?phone=+34689379386&amp;text=Necesito%20ayuda%20con%20vestuario%20de%20protecci%C3%B3n%20\" target=\"_blank\" rel=\"noreferrer noopener\">+34 689 37 93 86<\/a><\/p>\n<\/div>\n\n\n\n<div class=\"gb-element-4f77e0ee\">\n<div class=\"gb-element-11875631\">\n<h2 class=\"gb-text gb-text-4a1fc712\">MAROC<\/h2>\n<\/div>\n\n\n\n<p class=\"gb-text gb-text-af0a8e54\">T\u00e9l. : <a href=\"tel:212539350153\">+212 5393-50153<\/a><\/p>\n\n\n\n<p class=\"gb-text gb-text-5914177a\">Courriel : <a href=\"mailto:COMERCIAL@OROELMAROC.COM\">COMERCIAL@OROELMAROC.COM<\/a><\/p>\n\n\n\n<p class=\"gb-text gb-text-b7bd9cbb\">Whatsapp : +212 6611-71054<\/p>\n<\/div>\n\n\n\n<div class=\"gb-element-133132f3\">\n<div class=\"gb-element-8dcc4b21\">\n<h2 class=\"gb-text gb-text-daf36d92\">COLOMBIE<\/h2>\n<\/div>\n\n\n\n<p class=\"gb-text gb-text-4b9f66df\">T\u00e9l. : <a href=\"tel:212539350153\"><\/a><a href=\"tel:573008308583\">+57 (300) 830-8583<\/a><\/p>\n\n\n\n<p class=\"gb-text gb-text-4298e949\">Courriel : <a href=\"mailto:GGOMEZ@OROELCOLOMBIA.COM\">GGOMEZ@OROELCOLOMBIA.COM<\/a><\/p>\n\n\n\n<p class=\"gb-text gb-text-c70c813f\">Whatsapp : +57 (300) 830-8583<\/p>\n<\/div>\n\n\n\n<div class=\"gb-element-3c5b5612\">\n<div class=\"gb-element-61baae29\">\n<h2 class=\"gb-text gb-text-35900d8b\">CHILI<\/h2>\n<\/div>\n\n\n\n<p class=\"gb-text gb-text-54fcb5cc\">T\u00e9l. : <a href=\"tel:212539350153\"><\/a><a href=\"tel:56961418953\">+56 961 41 8953<\/a><\/p>\n\n\n\n<p class=\"gb-text gb-text-4cbb1518\">Courriel : <a href=\"mailto:DMARCO@OROEL.COM\">DMARCO@OROEL.COM<\/a><\/p>\n\n\n\n<p class=\"gb-text gb-text-99d69e3a\">Whatsapp : +56 961 41 8953<\/p>\n<\/div>\n<\/div>\n<\/div>\n\n\n\n<div class=\"gb-element-513b4436\">\n<h2 class=\"gb-text gb-text-c4a2f7d8\">ou nous vous contacterons<\/h2>\n\n\n\n<div class=\"gb-element-7d8c9f84\">\n<div class=\"gb-element-9298c0d8\">\n<p class=\"gb-text\">Nous sommes \u00e0 votre disposition pour r\u00e9pondre \u00e0 toutes vos questions sur nos produits.<br>Laissez-nous vos coordonn\u00e9es et un expert saura vous conseiller.<\/p>\n<\/div>\n\n\n\n<div class=\"gb-element-72d685f9\">\n<div class=\"wp-block-contact-form-7-contact-form-selector\">\n<div class=\"wpcf7 no-js\" id=\"wpcf7-f22674-o1\" lang=\"fr-FR\" dir=\"ltr\" data-wpcf7-id=\"22674\">\n<div class=\"screen-reader-response\"><p role=\"status\" aria-live=\"polite\" aria-atomic=\"true\"><\/p> <ul><\/ul><\/div>\n<form action=\"\/fr\/wp-json\/wp\/v2\/pages\/22279#wpcf7-f22674-o1\" method=\"post\" class=\"wpcf7-form init\" aria-label=\"Formulaire de contact\" novalidate=\"novalidate\" data-status=\"init\">\n<fieldset class=\"hidden-fields-container\"><input type=\"hidden\" name=\"_wpcf7\" value=\"22674\" \/><input type=\"hidden\" name=\"_wpcf7_version\" value=\"6.1.5\" \/><input type=\"hidden\" name=\"_wpcf7_locale\" value=\"fr_FR\" \/><input type=\"hidden\" name=\"_wpcf7_unit_tag\" value=\"wpcf7-f22674-o1\" \/><input type=\"hidden\" name=\"_wpcf7_container_post\" value=\"0\" \/><input type=\"hidden\" name=\"_wpcf7_posted_data_hash\" value=\"\" \/>\n<\/fieldset>\n<div id=\"formulario-contacto\" class=\"clearfix\">\n\t<div class=\"form-row\">\n\t\t<div class=\"column-half\">\n\t\t\t<p><span class=\"wpcf7-form-control-wrap\" data-name=\"your-name\"><input size=\"40\" maxlength=\"400\" class=\"wpcf7-form-control wpcf7-text wpcf7-validates-as-required\" aria-required=\"true\" aria-invalid=\"false\" placeholder=\"Nom*\" value=\"\" type=\"text\" name=\"your-name\" \/><\/span>\n\t\t\t<\/p>\n\t\t<\/div>\n\t\t<div class=\"column-half\">\n\t\t\t<p><span class=\"wpcf7-form-control-wrap\" data-name=\"your-email\"><input size=\"40\" maxlength=\"400\" class=\"wpcf7-form-control wpcf7-email wpcf7-validates-as-required wpcf7-text wpcf7-validates-as-email\" aria-required=\"true\" aria-invalid=\"false\" placeholder=\"Messagerie \u00e9lectronique*\" value=\"\" type=\"email\" name=\"your-email\" \/><\/span>\n\t\t\t<\/p>\n\t\t<\/div>\n\t<\/div>\n\t<div class=\"form-row\">\n\t\t<div class=\"column-half\">\n\t\t\t<p><span class=\"wpcf7-form-control-wrap\" data-name=\"your-phone\"><input size=\"40\" maxlength=\"400\" class=\"wpcf7-form-control wpcf7-text wpcf7-validates-as-required\" aria-required=\"true\" aria-invalid=\"false\" placeholder=\"T\u00e9l\u00e9phone*\" value=\"\" type=\"text\" name=\"your-phone\" \/><\/span>\n\t\t\t<\/p>\n\t\t<\/div>\n\t\t<div class=\"column-half\">\n\t\t\t<p><span class=\"wpcf7-form-control-wrap\" data-name=\"your-product\"><input size=\"40\" maxlength=\"400\" class=\"wpcf7-form-control wpcf7-text\" aria-invalid=\"false\" placeholder=\"Code produit\" value=\"\" type=\"text\" name=\"your-product\" \/><\/span>\n\t\t\t<\/p>\n\t\t<\/div>\n\t<\/div>\n\t<div class=\"form-row\">\n\t\t<div class=\"column-full\">\n\t\t\t<p><span class=\"wpcf7-form-control-wrap\" data-name=\"your-message\"><textarea cols=\"40\" rows=\"10\" maxlength=\"2000\" class=\"wpcf7-form-control wpcf7-textarea wpcf7-validates-as-required\" aria-required=\"true\" aria-invalid=\"false\" placeholder=\"Message\" name=\"your-message\"><\/textarea><\/span>\n\t\t\t<\/p>\n\t\t<\/div>\n\t<\/div>\n\t<div class=\"form-row\">\n\t\t<div class=\"column-full\">\n\t\t\t<p><span class=\"wpcf7-form-control-wrap\" data-name=\"acceptance\"><span class=\"wpcf7-form-control wpcf7-acceptance\"><span class=\"wpcf7-list-item\"><label><input type=\"checkbox\" name=\"acceptance\" value=\"1\" aria-invalid=\"false\" \/><span class=\"wpcf7-list-item-label\">J\u2019ai lu et accept\u00e9 la \n        <a href=\"\/politica-de-privacidad\/\" target=\"_blank\">politique de confidentialit\u00e9<\/a>.<\/span><\/label><\/span><\/span><\/span>\n\t\t\t<\/p>\n\t\t<\/div>\n\t<\/div>\n\t<div class=\"form-row\">\n\t\t<div class=\"column-full\">\n\t\t\t<p><input class=\"wpcf7-form-control wpcf7-submit has-spinner\" type=\"submit\" value=\"Envoyer\" \/>\n\t\t\t<\/p>\n\t\t<\/div>\n\t<\/div>\n<\/div><div class=\"wpcf7-response-output\" aria-hidden=\"true\"><\/div>\n<\/form>\n<\/div>\n<\/div>\n<\/div>\n<\/div>\n<\/div>\n<\/div>\n<\/div>\n","protected":false},"excerpt":{"rendered":"<p>Contact Contactez-nous ESPAGNE T\u00e9l. : +34 976 149 260 Courriel : INFO@OROEL.COM Whatsapp : +34 689 37 93 86 MAROC T\u00e9l. : +212 5393-50153 Courriel : COMERCIAL@OROELMAROC.COM Whatsapp : +212 6611-71054 COLOMBIE &#8230; <\/p>\n<p class=\"read-more-container\"><a title=\"Contact\" class=\"read-more button\" href=\"https:\/\/oroel.com\/fr\/contact\/#more-22279\" aria-label=\"En savoir plus sur Contact\">Lire plus<\/a><\/p>\n","protected":false},"author":1,"featured_media":0,"parent":0,"menu_order":10,"comment_status":"closed","ping_status":"closed","template":"","meta":{"_acf_changed":false,"footnotes":""},"class_list":["post-22279","page","type-page","status-publish"],"acf":[],"_links":{"self":[{"href":"https:\/\/oroel.com\/fr\/wp-json\/wp\/v2\/pages\/22279","targetHints":{"allow":["GET"]}}],"collection":[{"href":"https:\/\/oroel.com\/fr\/wp-json\/wp\/v2\/pages"}],"about":[{"href":"https:\/\/oroel.com\/fr\/wp-json\/wp\/v2\/types\/page"}],"author":[{"embeddable":true,"href":"https:\/\/oroel.com\/fr\/wp-json\/wp\/v2\/users\/1"}],"replies":[{"embeddable":true,"href":"https:\/\/oroel.com\/fr\/wp-json\/wp\/v2\/comments?post=22279"}],"version-history":[{"count":2,"href":"https:\/\/oroel.com\/fr\/wp-json\/wp\/v2\/pages\/22279\/revisions"}],"predecessor-version":[{"id":22989,"href":"https:\/\/oroel.com\/fr\/wp-json\/wp\/v2\/pages\/22279\/revisions\/22989"}],"wp:attachment":[{"href":"https:\/\/oroel.com\/fr\/wp-json\/wp\/v2\/media?parent=22279"}],"curies":[{"name":"wp","href":"https:\/\/api.w.org\/{rel}","templated":true}]}}