{"id":22278,"date":"2025-06-11T13:45:52","date_gmt":"2025-06-11T13:45:52","guid":{"rendered":"https:\/\/oroel.com\/oroel\/"},"modified":"2025-07-22T11:35:47","modified_gmt":"2025-07-22T11:35:47","slug":"oroel","status":"publish","type":"page","link":"https:\/\/oroel.com\/fr\/oroel\/","title":{"rendered":"Oroel"},"content":{"rendered":"\n<div class=\"gb-element-ca67adca\" style=\"--inline-bg-image: url(https:\/\/oroel.com\/wp-content\/uploads\/2025\/06\/nosotros.png)\">\n<div class=\"gb-element-92483910\">\n<div class=\"gb-element-c0884ff7\">\n<h1 class=\"gb-text gb-text-d7d75871\">Faites connaissance avec Oroel<\/h1>\n<\/div>\n\n\n\n<div class=\"gb-element-c149efab\"><\/div>\n<\/div>\n<\/div>\n\n<div>\n<div class=\"gb-element-155c21c2\">\n<h2 class=\"gb-text gb-text-e27f2783\">nous<\/h2>\n\n\n\n<p class=\"gb-text\">Oroel est un groupe d\u2019entreprises implant\u00e9es dans diff\u00e9rents pays et continents dont l\u2019activit\u00e9 principale est la fabrication, la commercialisation et <a href=\"https:\/\/oroel.com\/\">l\u2019entretien de v\u00eatements de protection individuelle<\/a> , en int\u00e9grant l\u2019\u00e9conomie circulaire dans tous les processus.<\/p>\n\n\n\n<p class=\"gb-text\">Plus de deux mille clients, un million d\u2019utilisateurs, cent cinquante collaborateurs, la pr\u00e9sence physique d\u2019entreprises sur trois continents&#8230; sont le r\u00e9sultat de plus de 40 ans de maintien de nos concepts sur la protection et la s\u00e9curit\u00e9 des travailleurs.<\/p>\n\n\n\n<div class=\"gb-element-a70484a7\">\n<div class=\"gb-element-a391ed16\">\n<img loading=\"lazy\" decoding=\"async\" width=\"1200\" height=\"628\" class=\"gb-media-9001fd09\" alt=\"\" src=\"https:\/\/oroel.com\/wp-content\/uploads\/2025\/06\/oroel-fabricante-vestuario-de-proteccion.jpg\" title=\"Oroel-maker-v\u00eatements-de-protection\" srcset=\"https:\/\/oroel.com\/wp-content\/uploads\/2025\/06\/oroel-fabricante-vestuario-de-proteccion.jpg 1200w, https:\/\/oroel.com\/wp-content\/uploads\/2025\/06\/oroel-fabricante-vestuario-de-proteccion-300x157.jpg 300w, https:\/\/oroel.com\/wp-content\/uploads\/2025\/06\/oroel-fabricante-vestuario-de-proteccion-1024x536.jpg 1024w, https:\/\/oroel.com\/wp-content\/uploads\/2025\/06\/oroel-fabricante-vestuario-de-proteccion-768x402.jpg 768w, https:\/\/oroel.com\/wp-content\/uploads\/2025\/06\/oroel-fabricante-vestuario-de-proteccion-600x314.jpg 600w\" sizes=\"auto, (max-width: 1200px) 100vw, 1200px\" \/>\n<\/div>\n\n\n\n<div class=\"gb-element-a62873f2\">\n<p class=\"gb-text\">La volont\u00e9 de prot\u00e9ger, l\u2019int\u00e9grit\u00e9, la volont\u00e9 d\u2019apprendre et de s\u2019am\u00e9liorer, l\u2019innovation, le travail d\u2019\u00e9quipe et la volont\u00e9 de servir nos clients constituent les piliers essentiels de notre philosophie.<\/p>\n\n\n\n<p class=\"gb-text\">La capacit\u00e9 de conception et de fabrication d\u2019Oroel nous permet d\u2019apporter une meilleure r\u00e9ponse technique aux besoins de nos clients, dans la forme et dans le temps.<\/p>\n\n\n\n<p class=\"gb-text\">L\u2019\u00e9quipe technique poss\u00e8de une grande exp\u00e9rience dans le domaine et dans les produits. Elle est sp\u00e9cialis\u00e9e pour tous les types de secteurs industriels et de services, ce qui nous donne la force d\u2019une grande connaissance de la r\u00e9glementation en vigueur, des mat\u00e9riaux appropri\u00e9s pour couvrir les risques, de la conception et de l\u2019image de marque des clients. <\/p>\n<\/div>\n<\/div>\n\n\n\n<p class=\"gb-text\">Nous sommes heureux de vous pr\u00e9senter le chemin parcouru, mais nous sommes encore plus enthousiastes \u00e0 l\u2019id\u00e9e de voir les attentes futures que nous esp\u00e9rons r\u00e9aliser dans votre entreprise gr\u00e2ce \u00e0 notre merveilleuse \u00e9quipe, \u00e0 nos clients et \u00e0 nos partenaires.<\/p>\n<\/div>\n<\/div>\n\n<div class=\"gb-element-0480e6d6\" id=\"historia\">\n<div class=\"gb-element-513b4436\">\n<h2 class=\"gb-text gb-text-e408a4c8\">histoire<\/h2>\n\n\n\n<style>\/* ================ The Timeline ================ *\/\n    .timeline {\n        position: relative;\n        width: 660px;\n        margin: 0 auto;\n        margin-top: 20px;\n        padding: 1em 0;\n        list-style-type: none;\n    }\n\n    .timeline:before {\n        position: absolute;\n        left: 50%;\n        top: 0;\n        content: ' ';\n        display: block;\n        width: 6px;\n        height: 100%;\n        margin-left: -3px;\n        background: rgb(80, 80, 80);\n        background: -moz-linear-gradient(top, rgba(80, 80, 80, 0) 0%, rgba(0, 0, 0, 0.32) 8%, rgba(0, 0, 0, 0.32) 92%, rgba(80, 80, 80, 0) 100%);\n        background: -webkit-gradient(linear, left top, left bottom, color-stop(0%, rgba(30, 87, 153, 1)), color-stop(100%, rgba(125, 185, 232, 1)));\n        background: -webkit-linear-gradient(top, rgba(80, 80, 80, 0) 0%, rgba(0, 0, 0, 0.32) 8%, rgba(0, 0, 0, 0.32) 92%, rgba(80, 80, 80, 0) 100%);\n        background: -o-linear-gradient(top, rgba(80, 80, 80, 0) 0%, rgba(0, 0, 0, 0.32) 8%, rgba(0, 0, 0, 0.32) 92%, rgba(80, 80, 80, 0) 100%);\n        background: -ms-linear-gradient(top, rgba(80, 80, 80, 0) 0%, rgba(0, 0, 0, 0.32) 8%, rgba(0, 0, 0, 0.32) 92%, rgba(80, 80, 80, 0) 100%);\n        background: linear-gradient(to bottom, rgba(80, 80, 80, 0) 0%, rgba(0, 0, 0, 0.32) 8%, rgba(0, 0, 0, 0.32) 92%, rgba(80, 80, 80, 0) 100%);\n\n        z-index: 5;\n    }\n\n    .timeline li {\n        padding: 1.5em 0;\n    }\n\n    .timeline li:after {\n        content: \"\";\n        display: block;\n        height: 0;\n        clear: both;\n        visibility: hidden;\n    }\n\n    .direction-l {\n        position: relative;\n        width: 300px;\n        float: left;\n        text-align: right;\n    }\n\n    .direction-r {\n        position: relative;\n        width: 300px;\n        float: right;\n    }\n\n    .flag-wrapper {\n        position: relative;\n        display: inline-block;\n\n        text-align: center;\n    }\n\n    .flag {\n        position: relative;\n        display: inline;\n        background: #2C3D71;\n        padding: 6px 10px;\n        border-radius: 5px;\n        font-weight: 600;\n        text-align: left;\n        color: #fff;\n    }\n\n    .direction-l .flag {\n        -webkit-box-shadow: -1px 1px 1px rgba(0, 0, 0, 0.15), 0 0 1px rgba(0, 0, 0, 0.15);\n        -moz-box-shadow: -1px 1px 1px rgba(0, 0, 0, 0.15), 0 0 1px rgba(0, 0, 0, 0.15);\n        box-shadow: -1px 1px 1px rgba(0, 0, 0, 0.15), 0 0 1px rgba(0, 0, 0, 0.15);\n    }\n\n    .direction-r .flag {\n        -webkit-box-shadow: 1px 1px 1px rgba(0, 0, 0, 0.15), 0 0 1px rgba(0, 0, 0, 0.15);\n        -moz-box-shadow: 1px 1px 1px rgba(0, 0, 0, 0.15), 0 0 1px rgba(0, 0, 0, 0.15);\n        box-shadow: 1px 1px 1px rgba(0, 0, 0, 0.15), 0 0 1px rgba(0, 0, 0, 0.15);\n    }\n\n    .direction-l .flag:before,\n    .direction-r .flag:before {\n        position: absolute;\n        top: 50%;\n        right: -40px;\n        content: ' ';\n        display: block;\n        width: 20px;\n        height: 20px;\n        margin-top: -10px;\n        background: #fff;\n        border-radius: 10px;\n        border: 4px solid #2C3D71;\n        z-index: 10;\n    }\n\n    .direction-r .flag:before {\n        left: -40px;\n    }\n\n    .direction-l .flag:after {\n        content: \"\";\n        position: absolute;\n        left: 99.5%;\n        top: 50%;\n        height: 0;\n        width: 0;\n        margin-top: -8px;\n        border: solid transparent;\n        border-left-color: #2C3D71;\n        border-width: 8px;\n        pointer-events: none;\n    }\n\n    .direction-r .flag:after {\n        content: \"\";\n        position: absolute;\n        right: 99%;\n        top: 50%;\n        height: 0;\n        width: 0;\n        margin-top: -8px;\n        border: solid transparent;\n        border-right-color: #2C3D71;\n        border-width: 8px;\n        pointer-events: none;\n    }\n\n    .time-wrapper {\n        display: inline;\n\n        line-height: 1em;\n        font-size: 0.66666em;\n        color: #2C3D71;\n        vertical-align: middle;\n    }\n\n    .direction-l .time-wrapper {\n        float: left;\n    }\n\n    .direction-r .time-wrapper {\n        float: right;\n    }\n\n    .time {\n        display: inline-block;\n        padding: 4px 6px;\n        background: #dedfe3;\n    }\n\n    .desc {\n        font-size: 0.77777em;\n        font-style: italic;\n        line-height: 1.5em;\n        margin-top: 16px;\n    }\n\n\n    \/* ================ Timeline Media Queries ================ *\/\n\n    @media screen and (max-width: 660px) {\n\n        .timeline {\n            width: 100%;\n            padding: 4em 0 1em 0;\n        }\n\n        .timeline li {\n            padding: 2.5em 0;\n        }\n\n        .direction-l,\n        .direction-r {\n            float: none;\n            width: 100%;\n\n            text-align: center;\n        }\n\n        .flag-wrapper {\n            text-align: center;\n        }\n\n        .flag {\n            z-index: 15;\n        }\n\n        .direction-l .flag:before,\n        .direction-r .flag:before {\n            position: absolute;\n            top: -20px;\n            left: 50%;\n            content: ' ';\n            display: block;\n            width: 12px;\n            height: 12px;\n            margin-left: -6px;\n            background: #fff;\n            border-radius: 10px;\n            border: 4px solid #2C3D71;\n            z-index: 10;\n        }\n\n        .direction-l .flag:after,\n        .direction-r .flag:after {\n            content: \"\";\n            position: absolute;\n            left: 50%;\n            top: -8px;\n            height: 0;\n            width: 0;\n            margin-left: -7px;\n            border: solid transparent;\n            border-bottom-color: #2C3D71;\n            border-width: 8px;\n            pointer-events: none;\n        }\n\n        .time-wrapper {\n            display: block;\n            position: relative;\n            margin: 4px 0 0 0;\n            z-index: 14;\n        }\n\n        .direction-l .time-wrapper {\n            float: none;\n        }\n\n        .direction-r .time-wrapper {\n            float: none;\n        }\n\n        .desc {\n            position: relative;\n            padding: 1em;\n            background: #e9e9e9;\n            -webkit-box-shadow: 0 0 1px rgba(0, 0, 0, 0.20);\n            -moz-box-shadow: 0 0 1px rgba(0, 0, 0, 0.20);\n            box-shadow: 0 0 1px rgba(0, 0, 0, 0.20);\n            z-index: 15;\n            margin-top: 8px;\n        }\n\n        .direction-l .desc,\n        .direction-r .desc {\n            position: relative;\n            padding: 1em;\n            z-index: 15;\n        }\n\n    }\n<\/style><!-- The Timeline --><ul class=\"timeline\"><!-- Item 1 --><li><div class=\"direction-r\"><div class=\"flag-wrapper\"><span class=\"flag\">Nacimiento<\/span><span class=\"time-wrapper\"><span class=\"time\">1980<\/span><\/span><\/div><div class=\"desc\">Algo de informaci\u00f3n sobre el nacimiento de Oroel<\/div><\/div><\/li><!-- Item 2 --><li><div class=\"direction-l\"><div class=\"flag-wrapper\"><span class=\"flag\">Soluciones Arco el\u00e9ctrico<\/span><span class=\"time-wrapper\"><span class=\"time\">1989<\/span><\/span><\/div><div class=\"desc\">Algo de informaci\u00f3n sobre esto<\/div><\/div><\/li><!-- Item 3 --><li><div class=\"direction-r\"><div class=\"flag-wrapper\"><span class=\"flag\">1er certificado vestuario<\/span><span class=\"time-wrapper\"><span class=\"time\">1992<\/span><\/span><\/div><div class=\"desc\">Algo de informaci\u00f3n sobre esto<\/div><\/div><\/li><!-- Item 2 --><li><div class=\"direction-l\"><div class=\"flag-wrapper\"><span class=\"flag\">Vestuarios forstales<\/span><span class=\"time-wrapper\"><span class=\"time\">1995<\/span><\/span><\/div><div class=\"desc\">Algo de informaci\u00f3n sobre esto<\/div><\/div><\/li><!-- Item 3 --><li><div class=\"direction-r\"><div class=\"flag-wrapper\"><span class=\"flag\">1er certificado<\/span><span class=\"time-wrapper\"><span class=\"time\">1999<\/span><\/span><\/div><div class=\"desc\">Primer certificado de calidad al vestuario de Protecci\u00f3n<\/div><\/div><\/li><!-- Item 2 --><li><div class=\"direction-l\"><div class=\"flag-wrapper\"><span class=\"flag\">Renting<\/span><span class=\"time-wrapper\"><span class=\"time\">2000<\/span><\/span><\/div><div class=\"desc\">Algo de informaci\u00f3n sobre esto<\/div><\/div><\/li><!-- Item 3 --><li><div class=\"direction-r\"><div class=\"flag-wrapper\"><span class=\"flag\">F\u00e1brica en T\u00e1nger<\/span><span class=\"time-wrapper\"><span class=\"time\">2004<\/span><\/span><\/div><div class=\"desc\">Algo de informaci\u00f3n sobre esto<\/div><\/div><\/li><!-- Item 2 --><li><div class=\"direction-l\"><div class=\"flag-wrapper\"><span class=\"flag\">Internacional<\/span><span class=\"time-wrapper\"><span class=\"time\">2010<\/span><\/span><\/div><div class=\"desc\">Algo de informaci\u00f3n sobre esto<\/div><\/div><\/li><!-- Item 3 --><li><div class=\"direction-r\"><div class=\"flag-wrapper\"><span class=\"flag\">Econom\u00eda Circular<\/span><span class=\"time-wrapper\"><span class=\"time\">2020<\/span><\/span><\/div><div class=\"desc\">Algo de informaci\u00f3n sobre esto<\/div><\/div><\/li><!-- Item 2 --><li><div class=\"direction-l\"><div class=\"flag-wrapper\"><span class=\"flag\">Responsabilidad Social<\/span><span class=\"time-wrapper\"><span class=\"time\">2025<\/span><\/span><\/div><div class=\"desc\">Algo de informaci\u00f3n sobre esto<\/div><\/div><\/li><\/ul>\n<\/div>\n<\/div>\n\n<div id=\"oroel-mundo\">\n<div class=\"gb-element-41b114d0\">\n<h2 class=\"gb-text gb-text-396f4688\">Oroel dans le monde<\/h2>\n\n\n\n<div class=\"gb-element-3b34148b\"><\/div>\n\n\n\n<div class=\"wp-block-interactive-geo-maps-display-map\"><div class=\"map_wrapper\" id=\"map_wrapper_545\">\n<div class=\"map_box\" style=\"max-width:2000px\">\n<div class=\"map_aspect_ratio\" style=\"padding-top:56%\" data-padding-top=\"56%\" data-padding-top-mobile=\"0%\">\n<div class=\"map_container\">\n<div class=\"map_render map_loading\" id=\"map_545\"><\/div>\n<\/div>\n<\/div>\n<\/div>\n<\/div><\/div>\n<\/div>\n<\/div>\n\n<div class=\"gb-element-42c28b14\">\n<div class=\"gb-element-c183e30e\" id=\"compromiso\">\n<h2 class=\"gb-text gb-text-ae90fe6b\">Notre engagement<\/h2>\n\n\n\n<div class=\"gb-element-41a2c10e\">\n<div class=\"gb-element-ec00265a\">\n<h3 class=\"gb-text gb-text-362fb66a\">durabilit\u00e9<\/h3>\n\n\n\n<ul class=\"wp-block-list\">\n<li><em>Nous prenons en compte les impacts sociaux, environnementaux et \u00e9conomiques de l\u2019activit\u00e9.<\/em><br\/><\/li>\n<\/ul>\n\n\n\n<h3 class=\"gb-text gb-text-3bb0a213\">BIEN-\u00caTRE ET RESPONSABILIT\u00c9 SOCIALE DES ENTREPRISES<\/h3>\n\n\n\n<ul class=\"wp-block-list\">\n<li><em>Nous respectons les droits de l\u2019homme.<\/em><\/li>\n\n\n\n<li><em>Nous rejetons tout type de travail des enfants, forc\u00e9 ou forc\u00e9.<\/em><\/li>\n\n\n\n<li><em>Nous respectons la loi qui r\u00e9git les pays o\u00f9 Oroel exerce l\u2019activit\u00e9.<\/em><\/li>\n<\/ul>\n\n\n\n<h3 class=\"gb-text gb-text-5dfeff76\">QUALIT\u00c9 ET ENVIRONNEMENT<\/h3>\n\n\n\n<ul class=\"wp-block-list\">\n<li><em>Nous effectuons nos processus en toute s\u00e9curit\u00e9, en respectant la l\u00e9gislation et toute autre exigence \u00e0 laquelle nous souscrivons volontairement.<\/em><\/li>\n\n\n\n<li><em>Nous favorisons l\u2019am\u00e9lioration continue des syst\u00e8mes, des processus et du produit ou du service.<\/em><\/li>\n\n\n\n<li><em>Nous mettons en \u0153uvre de bonnes pratiques pour la protection de l\u2019environnement, qui contribuent \u00e0 r\u00e9duire l\u2019impact de nos activit\u00e9s et \u00e0 pr\u00e9venir la pollution.<\/em><\/li>\n<\/ul>\n<\/div>\n\n\n\n<div class=\"gb-element-6b1dd280\">\n<h3 class=\"gb-text gb-text-ffbdeabd\">CONNAISSANCE DU MARCH\u00c9<\/h3>\n\n\n\n<ul class=\"wp-block-list\">\n<li><em>Lien avec ce que nous faisons d\u00e9j\u00e0 et ce que nous devrions prendre en compte \u00e0 l\u2019avenir.<\/em><\/li>\n<\/ul>\n\n\n\n<h3 class=\"gb-text gb-text-85356f7d\">ORIENTATION CLIENT<\/h3>\n\n\n\n<ul class=\"wp-block-list\">\n<li><em>Recherche de nouvelles opportunit\u00e9s sur le march\u00e9 et vocation pour un excellent service.<\/em><\/li>\n<\/ul>\n\n\n\n<h3 class=\"gb-text gb-text-1cdfb5ee\">LEADERSHIP<\/h3>\n\n\n\n<ul class=\"wp-block-list\">\n<li><em>Volont\u00e9 d\u2019\u00eatre une r\u00e9f\u00e9rence dans la g\u00e9n\u00e9ration des meilleures solutions et capacit\u00e9 \u00e0 prendre les bonnes d\u00e9cisions dans nos p\u00e9rim\u00e8tres de responsabilit\u00e9.<\/em><\/li>\n\n\n\n<li><em>Oser voir les opportunit\u00e9s et avoir le courage de les aborder avec d\u00e9termination et passion.<\/em><\/li>\n<\/ul>\n\n\n\n<h3 class=\"gb-text gb-text-e0884582\">INNOVATION<\/h3>\n\n\n\n<ul class=\"wp-block-list\">\n<li><em>Une \u00e9quipe innovante \u00e0 l\u2019avant-garde de la conception, de la fabrication et de la commercialisation de produits textiles de pointe.<\/em><\/li>\n<\/ul>\n<\/div>\n<\/div>\n<\/div>\n<\/div>\n\n<div class=\"gb-element-76706ce0\" id=\"cultura\">\n<div class=\"gb-element-eeb23374\">\n<h2 class=\"gb-text gb-text-51aba4dc\">Culture d\u2019entreprise<\/h2>\n\n\n\n<div class=\"gb-element-6ccfe92e\">\n<div class=\"gb-element-6a97909b\">\n<img loading=\"lazy\" decoding=\"async\" width=\"1920\" height=\"1080\" class=\"gb-media-752fd24b\" alt=\"\" src=\"https:\/\/oroel.com\/wp-content\/uploads\/2025\/06\/trabajador-de-almacen-con-caja-de-carton-en-el-almacen.webp\" title=\"ouvrier-d-entre-avec-bo\u00eete-en-carton-dans-l-entre-the-warehouse\" srcset=\"https:\/\/oroel.com\/wp-content\/uploads\/2025\/06\/trabajador-de-almacen-con-caja-de-carton-en-el-almacen.webp 1920w, https:\/\/oroel.com\/wp-content\/uploads\/2025\/06\/trabajador-de-almacen-con-caja-de-carton-en-el-almacen-300x169.webp 300w, https:\/\/oroel.com\/wp-content\/uploads\/2025\/06\/trabajador-de-almacen-con-caja-de-carton-en-el-almacen-1024x576.webp 1024w, https:\/\/oroel.com\/wp-content\/uploads\/2025\/06\/trabajador-de-almacen-con-caja-de-carton-en-el-almacen-768x432.webp 768w, https:\/\/oroel.com\/wp-content\/uploads\/2025\/06\/trabajador-de-almacen-con-caja-de-carton-en-el-almacen-1536x864.webp 1536w, https:\/\/oroel.com\/wp-content\/uploads\/2025\/06\/trabajador-de-almacen-con-caja-de-carton-en-el-almacen-600x338.webp 600w\" sizes=\"auto, (max-width: 1920px) 100vw, 1920px\" \/>\n\n\n\n<h3 class=\"gb-text gb-text-3caf5fe8\"><strong>ENGAGEMENT ENVERS NOS CLIENTS<\/strong><\/h3>\n\n\n\n<p class=\"gb-text\">D\u00e9vouement et responsabilit\u00e9 envers nos clients. Il s\u2019agit de rester fid\u00e8le aux engagements pris, de s\u2019acquitter des responsabilit\u00e9s qui vous sont confi\u00e9es et de travailler avec pers\u00e9v\u00e9rance et d\u00e9termination pour atteindre les objectifs fix\u00e9s. <\/p>\n<\/div>\n\n\n\n<div class=\"gb-element-664b8709\">\n<img loading=\"lazy\" decoding=\"async\" width=\"1000\" height=\"667\" class=\"gb-media-7d34d2c3\" alt=\"\" src=\"https:\/\/oroel.com\/wp-content\/uploads\/2025\/06\/aguja-banda-de-rodadura-y-dedal-con-tela-de-yute-en-mesa-de-madera.webp\" title=\"Bande de roulement et d\u00e9 \u00e0 coudre-aiguille-avec-tissu-de-jute-sur-table-de-bois-\" srcset=\"https:\/\/oroel.com\/wp-content\/uploads\/2025\/06\/aguja-banda-de-rodadura-y-dedal-con-tela-de-yute-en-mesa-de-madera.webp 1000w, https:\/\/oroel.com\/wp-content\/uploads\/2025\/06\/aguja-banda-de-rodadura-y-dedal-con-tela-de-yute-en-mesa-de-madera-300x200.webp 300w, https:\/\/oroel.com\/wp-content\/uploads\/2025\/06\/aguja-banda-de-rodadura-y-dedal-con-tela-de-yute-en-mesa-de-madera-768x512.webp 768w, https:\/\/oroel.com\/wp-content\/uploads\/2025\/06\/aguja-banda-de-rodadura-y-dedal-con-tela-de-yute-en-mesa-de-madera-600x400.webp 600w\" sizes=\"auto, (max-width: 1000px) 100vw, 1000px\" \/>\n\n\n\n<h3 class=\"gb-text gb-text-ba5783df\"><strong>IND\u00c9PENDANCE ET \u00c9THIQUE<\/strong><\/h3>\n\n\n\n<p class=\"gb-text\">La culture et le maintien d\u2019un esprit ouvert et critique, ainsi que le courage de d\u00e9fendre ses convictions et ses valeurs, m\u00eame lorsque celles-ci diff\u00e8rent de l\u2019opinion dominante ou des attentes de la soci\u00e9t\u00e9.<\/p>\n<\/div>\n\n\n\n<div class=\"gb-element-4c367451\">\n<img loading=\"lazy\" decoding=\"async\" width=\"1920\" height=\"1280\" class=\"gb-media-10a7f2a4\" alt=\"\" src=\"https:\/\/oroel.com\/wp-content\/uploads\/2025\/06\/trabajador-de-una-fabrica-textil-cambiando-el-carrete-de-hilo-en-una-maquina-de-tejer-industrial.webp\" title=\"ouvrier-d-une-usine-textile-changeant-la-bobine-de-fil-dans-une-machine-de-tissage-industrielle\" srcset=\"https:\/\/oroel.com\/wp-content\/uploads\/2025\/06\/trabajador-de-una-fabrica-textil-cambiando-el-carrete-de-hilo-en-una-maquina-de-tejer-industrial.webp 1920w, https:\/\/oroel.com\/wp-content\/uploads\/2025\/06\/trabajador-de-una-fabrica-textil-cambiando-el-carrete-de-hilo-en-una-maquina-de-tejer-industrial-300x200.webp 300w, https:\/\/oroel.com\/wp-content\/uploads\/2025\/06\/trabajador-de-una-fabrica-textil-cambiando-el-carrete-de-hilo-en-una-maquina-de-tejer-industrial-1024x683.webp 1024w, https:\/\/oroel.com\/wp-content\/uploads\/2025\/06\/trabajador-de-una-fabrica-textil-cambiando-el-carrete-de-hilo-en-una-maquina-de-tejer-industrial-768x512.webp 768w, https:\/\/oroel.com\/wp-content\/uploads\/2025\/06\/trabajador-de-una-fabrica-textil-cambiando-el-carrete-de-hilo-en-una-maquina-de-tejer-industrial-1536x1024.webp 1536w, https:\/\/oroel.com\/wp-content\/uploads\/2025\/06\/trabajador-de-una-fabrica-textil-cambiando-el-carrete-de-hilo-en-una-maquina-de-tejer-industrial-600x400.webp 600w\" sizes=\"auto, (max-width: 1920px) 100vw, 1920px\" \/>\n\n\n\n<h3 class=\"gb-text gb-text-eff30c0c\"><strong>FLEXIBILIT\u00c9 ET EXCELLENCE DANS LA GESTION<\/strong><\/h3>\n\n\n\n<p class=\"gb-text\">Adaptation et r\u00e9ponse agiles et efficaces aux changements, d\u00e9fis et nouvelles circonstances. Il s\u2019agit de maintenir un esprit r\u00e9ceptif aux nouvelles id\u00e9es, approches et perspectives, ainsi qu\u2019une volont\u00e9 d\u2019ajuster les plans, les m\u00e9thodes et les objectifs au besoin pour obtenir des r\u00e9sultats optimaux. <br><\/p>\n<\/div>\n<\/div>\n<\/div>\n<\/div>\n","protected":false},"excerpt":{"rendered":"<p>Faites connaissance avec Oroel nous Oroel est un groupe d\u2019entreprises implant\u00e9es dans diff\u00e9rents pays et continents dont l\u2019activit\u00e9 principale est la fabrication, la commercialisation et l\u2019entretien de v\u00eatements de protection individuelle , &#8230; <\/p>\n<p class=\"read-more-container\"><a title=\"Oroel\" class=\"read-more button\" href=\"https:\/\/oroel.com\/fr\/oroel\/#more-22278\" aria-label=\"En savoir plus sur Oroel\">Lire plus<\/a><\/p>\n","protected":false},"author":1,"featured_media":0,"parent":0,"menu_order":10,"comment_status":"closed","ping_status":"closed","template":"","meta":{"_acf_changed":false,"footnotes":""},"class_list":["post-22278","page","type-page","status-publish"],"acf":[],"_links":{"self":[{"href":"https:\/\/oroel.com\/fr\/wp-json\/wp\/v2\/pages\/22278","targetHints":{"allow":["GET"]}}],"collection":[{"href":"https:\/\/oroel.com\/fr\/wp-json\/wp\/v2\/pages"}],"about":[{"href":"https:\/\/oroel.com\/fr\/wp-json\/wp\/v2\/types\/page"}],"author":[{"embeddable":true,"href":"https:\/\/oroel.com\/fr\/wp-json\/wp\/v2\/users\/1"}],"replies":[{"embeddable":true,"href":"https:\/\/oroel.com\/fr\/wp-json\/wp\/v2\/comments?post=22278"}],"version-history":[{"count":1,"href":"https:\/\/oroel.com\/fr\/wp-json\/wp\/v2\/pages\/22278\/revisions"}],"predecessor-version":[{"id":22280,"href":"https:\/\/oroel.com\/fr\/wp-json\/wp\/v2\/pages\/22278\/revisions\/22280"}],"wp:attachment":[{"href":"https:\/\/oroel.com\/fr\/wp-json\/wp\/v2\/media?parent=22278"}],"curies":[{"name":"wp","href":"https:\/\/api.w.org\/{rel}","templated":true}]}}