{"id":22261,"date":"2025-06-26T08:01:46","date_gmt":"2025-06-26T08:01:46","guid":{"rendered":"https:\/\/oroel.com\/politique-de-cookies\/"},"modified":"2025-07-22T11:35:24","modified_gmt":"2025-07-22T11:35:24","slug":"politique-de-cookies","status":"publish","type":"page","link":"https:\/\/oroel.com\/fr\/politique-de-cookies\/","title":{"rendered":"Politique de cookies"},"content":{"rendered":"\n<div>\n<div class=\"gb-element-84e8b808\">\n<h1 class=\"wp-block-heading\">Politique de cookies<\/h1>\n\n\n\n<h2 class=\"wp-block-heading\">Que sont les cookies ?<\/h2>\n\n\n\n<p>Un cookie est un fichier ou un appareil qui est t\u00e9l\u00e9charg\u00e9 sur l\u2019\u00e9quipement terminal d\u2019un utilisateur afin de stocker des donn\u00e9es qui peuvent \u00eatre mises \u00e0 jour et r\u00e9cup\u00e9r\u00e9es par l\u2019entit\u00e9 responsable de son installation.<\/p>\n\n\n\n<p>En d\u2019autres termes, il s\u2019agit d\u2019un fichier qui est t\u00e9l\u00e9charg\u00e9 sur votre ordinateur lorsque vous acc\u00e9dez \u00e0 certaines pages Web.<\/p>\n\n\n\n<p>Les cookies permettent \u00e0 un site web, entre autres, de stocker et de r\u00e9cup\u00e9rer des informations sur les habitudes de navigation d\u2019un utilisateur ou de son ordinateur et, en fonction des informations qu\u2019ils contiennent et de la mani\u00e8re dont ils utilisent leur \u00e9quipement, ils peuvent \u00eatre utilis\u00e9s pour reconna\u00eetre l\u2019utilisateur.<\/p>\n\n\n\n<h2 class=\"wp-block-heading\">Types de cookies.<\/h2>\n\n\n\n<p>Il existe diff\u00e9rents types de cookies en fonction de leur nature, \u00e0 titre indicatif, entre autres, les suivants :<\/p>\n\n\n\n<p><strong>Selon le calendrier :  <\/strong><\/p>\n\n\n\n<ul class=\"wp-block-list\">\n<li>Cookies de session : il s\u2019agit de ceux con\u00e7us pour collecter et stocker des donn\u00e9es pendant que l\u2019utilisateur acc\u00e8de \u00e0 un site web. Ils sont g\u00e9n\u00e9ralement utilis\u00e9s pour stocker des informations qui ne sont int\u00e9ress\u00e9es \u00e0 conserver que pour la fourniture du service demand\u00e9 par l\u2019utilisateur \u00e0 une seule occasion (par exemple, une liste de produits achet\u00e9s) et disparaissent \u00e0 la fin de la session. <\/li>\n\n\n\n<li>Cookies persistants : il s\u2019agit de ceux dans lesquels les donn\u00e9es sont toujours stock\u00e9es sur le terminal et peuvent \u00eatre consult\u00e9es et trait\u00e9es pendant une dur\u00e9e d\u00e9finie par le responsable du cookie, qui peut aller de quelques minutes \u00e0 plusieurs ann\u00e9es.<\/li>\n<\/ul>\n\n\n\n<p><strong>Selon leur objectif :<\/strong><\/p>\n\n\n\n<ul class=\"wp-block-list\">\n<li>Cookies techniques : ce sont ceux qui permettent \u00e0 l\u2019utilisateur de naviguer sur un site web, une plateforme ou une application et d\u2019utiliser les diff\u00e9rentes options ou services qui y existent, y compris ceux que l\u2019\u00e9diteur utilise pour permettre la gestion et le fonctionnement du site web et activer ses fonctions et services (tels que, par exemple,  contr\u00f4ler le trafic et la communication de donn\u00e9es, identifier la session, l\u2019acc\u00e8s aux parties \u00e0 acc\u00e8s restreint et \u00e0 d\u2019autres fins similaires de nature technique).<\/li>\n\n\n\n<li>Cookies de personnalisation : ce sont ceux qui permettent de m\u00e9moriser des informations afin que l\u2019utilisateur puisse acc\u00e9der au service avec certaines caract\u00e9ristiques qui peuvent diff\u00e9rencier son exp\u00e9rience de celle des autres utilisateurs, telles que, par exemple, la langue, le nombre de r\u00e9sultats \u00e0 afficher lorsque l\u2019utilisateur effectue une recherche, l\u2019apparence ou le contenu du service en fonction du type de navigateur par lequel l\u2019utilisateur acc\u00e8de au service ou de la r\u00e9gion \u00e0 partir de laquelle il acc\u00e8de au service, etc.<\/li>\n\n\n\n<li>Cookies d\u2019analyse : ce sont ceux qui permettent \u00e0 leur responsable de suivre et d\u2019analyser le comportement des utilisateurs des sites web auxquels ils sont li\u00e9s, y compris la quantification des impacts des publicit\u00e9s. Les informations collect\u00e9es par le biais de ce type de cookies sont utilis\u00e9es pour mesurer l\u2019activit\u00e9 des sites web, des applications ou des plateformes, afin d\u2019introduire des am\u00e9liorations bas\u00e9es sur l\u2019analyse des donn\u00e9es d\u2019utilisation effectu\u00e9es par les utilisateurs du service. <\/li>\n\n\n\n<li>Cookies de publicit\u00e9 comportementale : ce sont ceux qui stockent des informations sur le comportement des utilisateurs obtenues gr\u00e2ce \u00e0 l\u2019observation continue de leurs habitudes de navigation, ce qui permet de d\u00e9velopper un profil sp\u00e9cifique pour afficher de la publicit\u00e9 sur la base de celui-ci.<\/li>\n<\/ul>\n\n\n\n<p><strong>Selon l\u2019entit\u00e9 qui les g\u00e8re :<\/strong><\/p>\n\n\n\n<ul class=\"wp-block-list\">\n<li>Cookies de premi\u00e8re partie : ce sont ceux qui sont envoy\u00e9s \u00e0 l\u2019\u00e9quipement terminal de l\u2019utilisateur \u00e0 partir d\u2019un ordinateur ou d\u2019un domaine g\u00e9r\u00e9 par l\u2019\u00e9diteur lui-m\u00eame et \u00e0 partir duquel le service demand\u00e9 par l\u2019utilisateur est fourni.<\/li>\n\n\n\n<li>Cookies tiers : il s\u2019agit de ceux qui sont envoy\u00e9s \u00e0 l\u2019\u00e9quipement terminal de l\u2019utilisateur \u00e0 partir d\u2019un ordinateur ou d\u2019un domaine qui n\u2019est pas g\u00e9r\u00e9 par l\u2019\u00e9diteur, mais par une autre entit\u00e9 qui traite les donn\u00e9es obtenues par le biais des cookies.<\/li>\n<\/ul>\n\n\n\n<h2 class=\"wp-block-heading\">Quel type de cookies ce site utilise-t-il ?<\/h2>\n\n\n\n<p>Ce site web utilise des cookies qui facilitent l\u2019utilisation et la navigation de l\u2019utilisateur, garantissent l\u2019acc\u00e8s \u00e0 certains services, ainsi que pour am\u00e9liorer la configuration fonctionnelle du site web.<\/p>\n\n\n\n<p>Plus pr\u00e9cis\u00e9ment, ce site web utilise les cookies suivants :<\/p>\n\n\n\n<figure class=\"wp-block-table\"><table><tbody><tr><td>MEC<\/td><td>NOM<\/td><td>Dur\u00e9e<\/td><td>PROPRES\/TIERS<\/td><\/tr><tr><td>Analyse<\/td><td>Google Analytics : _gat<\/td><td>1 minute<\/td><td>Tiers<\/td><\/tr><tr><td>Analyse<\/td><td>Google Analytics : _gid<\/td><td>1 jour<\/td><td>Tiers<\/td><\/tr><tr><td>Analyse<\/td><td>Google Analytics : _ga<\/td><td>2 ans<\/td><td>Tiers<\/td><\/tr><\/tbody><\/table><\/figure>\n\n\n\n<ul class=\"wp-block-list\">\n<li><strong>Le _gat cookie<\/strong>, d\u00e9fini par Google Analytics et Google Tag Manager pour permettre aux propri\u00e9taires de sites Web de suivre le comportement des visiteurs et de mesurer les performances du site. L\u2019\u00e9l\u00e9ment pattern dans le nom contient le num\u00e9ro d\u2019identification unique du compte ou du site Web auquel il se rapporte. <\/li>\n\n\n\n<li><strong>Le cookie _gid<\/strong> stocke des informations sur la fa\u00e7on dont les visiteurs utilisent un site web et cr\u00e9e en m\u00eame temps un rapport analytique des performances du site web. Certaines des donn\u00e9es collect\u00e9es comprennent le nombre de visiteurs, leur source et les pages qu\u2019ils visitent de mani\u00e8re anonyme. <\/li>\n\n\n\n<li><strong>Le cookie _ga<\/strong> calcule les donn\u00e9es des visiteurs, des sessions et des campagnes et suit \u00e9galement l\u2019utilisation du site pour le rapport d\u2019analyse du site. Le cookie stocke des informations de mani\u00e8re anonyme et attribue un num\u00e9ro g\u00e9n\u00e9r\u00e9 de mani\u00e8re al\u00e9atoire pour reconna\u00eetre les visiteurs uniques. <\/li>\n<\/ul>\n\n\n\n<h2 class=\"wp-block-heading\">Comment g\u00e9rer les param\u00e8tres des cookies ?<\/h2>\n\n\n\n<p>Cette section fournit une br\u00e8ve explication de la mani\u00e8re de consulter et de configurer le syst\u00e8me de cookies en relation avec les navigateurs les plus courants ou les plus utilis\u00e9s par les utilisateurs<\/p>\n\n\n\n<p>En ce sens, pratiquement tous les navigateurs permettent \u00e0 l\u2019utilisateur d\u2019obtenir des informations g\u00e9n\u00e9rales sur les cookies install\u00e9s sur un site web, notamment pour v\u00e9rifier leur existence, leur dur\u00e9e ou le syst\u00e8me de suppression. \u00c0 cet \u00e9gard, \u00e0 titre d\u2019information, une s\u00e9rie de liens connexes sont fournis : <\/p>\n\n\n\n<ul class=\"wp-block-list\">\n<li><a href=\"https:\/\/support.google.com\/chrome\/answer\/95647?hl=es\" target=\"_blank\" rel=\"noreferrer noopener\">Google Chrome<\/a><\/li>\n\n\n\n<li><a href=\"https:\/\/support.mozilla.org\/es\/kb\/cookies-informacion-que-los-sitios-web-guardan-en-\" target=\"_blank\" rel=\"noreferrer noopener\">Mozilla Firefox<\/a><\/li>\n\n\n\n<li><a href=\"https:\/\/support.mozilla.org\/es\/kb\/cookies-informacion-que-los-sitios-web-guardan-en-\" target=\"_blank\" rel=\"noreferrer noopener\">Internet Explorer<\/a><\/li>\n\n\n\n<li><a href=\"https:\/\/support.apple.com\/es-es\/guide\/safari\/sfri11471\/mac\" target=\"_blank\" rel=\"noreferrer noopener\">Safari<\/a><\/li>\n<\/ul>\n\n\n\n<p>D\u2019autre part, l\u2019utilisateur peut autoriser, bloquer ou supprimer les cookies install\u00e9s sur son ordinateur en modifiant la configuration de son navigateur conform\u00e9ment aux instructions qui y sont indiqu\u00e9es. Pour information, il est indiqu\u00e9 que la configuration des cookies s\u2019effectue g\u00e9n\u00e9ralement dans le menu \u00ab\u00a0Pr\u00e9f\u00e9rences\u00a0\u00bb ou \u00ab\u00a0Outils\u00a0\u00bb de chaque navigateur, dans tous les cas, vous pouvez toujours aller \u00e0 l\u2019aide de votre navigateur pour r\u00e9soudre ou r\u00e9soudre les doutes qui sont g\u00e9n\u00e9r\u00e9s \u00e0 cet \u00e9gard. <\/p>\n\n\n\n<p>Il convient de garder \u00e0 l\u2019esprit que, si l\u2019installation de tous les cookies est emp\u00each\u00e9e, le contenu du site web ainsi que certaines fonctionnalit\u00e9s et services fournis par celui-ci peuvent \u00eatre affect\u00e9s.<\/p>\n\n\n\n<h2 class=\"wp-block-heading\">Dur\u00e9e de conservation<\/h2>\n\n\n\n<p>Le stockage des donn\u00e9es collect\u00e9es par le biais des cookies sera li\u00e9 \u00e0 la finalit\u00e9 pour laquelle elles sont collect\u00e9es, sans pr\u00e9judice de ce qui est \u00e9tabli par la loi.<\/p>\n\n\n\n<p>Pour plus d\u2019informations sur le traitement des donn\u00e9es personnelles, vous pouvez consulter notre <a href=\"https:\/\/oroel.com\/politica-de-privacidad\/\" target=\"_blank\" rel=\"noreferrer noopener\">Politique de confidentialit\u00e9<\/a>. Le Propri\u00e9taire vous informe de sa politique de confidentialit\u00e9 concernant le traitement et la protection des donn\u00e9es personnelles des utilisateurs qui peuvent \u00eatre collect\u00e9es lors de la navigation sur le site Web : <a href=\"https:\/\/oroel.com\/politica-de-privacidad\/\">https:\/\/oroel.com<\/a> <\/p>\n<\/div>\n<\/div>\n","protected":false},"excerpt":{"rendered":"<p>Politique de cookies Que sont les cookies ? Un cookie est un fichier ou un appareil qui est t\u00e9l\u00e9charg\u00e9 sur l\u2019\u00e9quipement terminal d\u2019un utilisateur afin de stocker des donn\u00e9es qui peuvent \u00eatre &#8230; <\/p>\n<p class=\"read-more-container\"><a title=\"Politique de cookies\" class=\"read-more button\" href=\"https:\/\/oroel.com\/fr\/politique-de-cookies\/#more-22261\" aria-label=\"En savoir plus sur Politique de cookies\">Lire plus<\/a><\/p>\n","protected":false},"author":1,"featured_media":0,"parent":0,"menu_order":99,"comment_status":"closed","ping_status":"closed","template":"","meta":{"_acf_changed":false,"footnotes":""},"class_list":["post-22261","page","type-page","status-publish"],"acf":[],"_links":{"self":[{"href":"https:\/\/oroel.com\/fr\/wp-json\/wp\/v2\/pages\/22261","targetHints":{"allow":["GET"]}}],"collection":[{"href":"https:\/\/oroel.com\/fr\/wp-json\/wp\/v2\/pages"}],"about":[{"href":"https:\/\/oroel.com\/fr\/wp-json\/wp\/v2\/types\/page"}],"author":[{"embeddable":true,"href":"https:\/\/oroel.com\/fr\/wp-json\/wp\/v2\/users\/1"}],"replies":[{"embeddable":true,"href":"https:\/\/oroel.com\/fr\/wp-json\/wp\/v2\/comments?post=22261"}],"version-history":[{"count":1,"href":"https:\/\/oroel.com\/fr\/wp-json\/wp\/v2\/pages\/22261\/revisions"}],"predecessor-version":[{"id":22265,"href":"https:\/\/oroel.com\/fr\/wp-json\/wp\/v2\/pages\/22261\/revisions\/22265"}],"wp:attachment":[{"href":"https:\/\/oroel.com\/fr\/wp-json\/wp\/v2\/media?parent=22261"}],"curies":[{"name":"wp","href":"https:\/\/api.w.org\/{rel}","templated":true}]}}