{"id":22260,"date":"2025-06-18T08:24:48","date_gmt":"2025-06-18T08:24:48","guid":{"rendered":"https:\/\/oroel.com\/oroel-en-chiffres\/"},"modified":"2025-07-22T11:35:24","modified_gmt":"2025-07-22T11:35:24","slug":"oroel-en-chiffres","status":"publish","type":"page","link":"https:\/\/oroel.com\/fr\/oroel-en-chiffres\/","title":{"rendered":"Oroel en chiffres"},"content":{"rendered":"\n<div class=\"gb-element-ca67adca\" style=\"--inline-bg-image: url(https:\/\/oroel.com\/wp-content\/uploads\/2025\/06\/nosotros.png)\">\n<div class=\"gb-element-92483910\">\n<div class=\"gb-element-c0884ff7\">\n<h1 class=\"gb-text gb-text-d7d75871\">Oroel en chiffres<\/h1>\n<\/div>\n\n\n\n<div class=\"gb-element-c149efab\"><\/div>\n<\/div>\n<\/div>\n\n<div>\n<div class=\"gb-element-3dee0807\">\n<div class=\"gb-element-54d8b835\">\n<img loading=\"lazy\" decoding=\"async\" width=\"480\" height=\"480\" class=\"gb-media-dc0cb1b5\" alt=\"\" src=\"https:\/\/oroel.com\/wp-content\/uploads\/2025\/06\/svgexport-6.svg\" title=\"svgexport-6\">\n\n\n\n<h3 class=\"gb-text gb-text-fbdde65d\">Bureaux principaux \u00e0 Saragosse avec 4 000 m2 de surface au sol, 800 m2 de bureaux et notre propre laboratoire<br><\/h3>\n<\/div>\n\n\n\n<div class=\"gb-element-6263e6f2\">\n<img loading=\"lazy\" decoding=\"async\" width=\"128\" height=\"128\" class=\"gb-media-ceba0d75\" alt=\"\" src=\"https:\/\/oroel.com\/wp-content\/uploads\/2025\/06\/svgexport-7.svg\" title=\"svgexport-7\">\n\n\n\n<h3 class=\"gb-text gb-text-39c4acd7\">Fabriqu\u00e9 \u00e0 Tanger, Maroc<\/h3>\n<\/div>\n\n\n\n<div class=\"gb-element-81874e16\">\n<img loading=\"lazy\" decoding=\"async\" width=\"511\" height=\"511\" class=\"gb-media-1e370314\" alt=\"\" src=\"https:\/\/oroel.com\/wp-content\/uploads\/2025\/06\/svgexport-8.svg\" title=\"svgexport-8\">\n\n\n\n<h3 class=\"gb-text gb-text-23a95db7\">150 travailleurs, dont 40 % de femmes<\/h3>\n<\/div>\n\n\n\n<div class=\"gb-element-8e203b0a\">\n<img loading=\"lazy\" decoding=\"async\" width=\"512\" height=\"512\" class=\"gb-media-00b481bd\" alt=\"\" src=\"https:\/\/oroel.com\/wp-content\/uploads\/2025\/06\/svgexport-9.svg\" title=\"svgexport-9\">\n\n\n\n<h3 class=\"gb-text gb-text-75660425\">Plus de 2100 articles diff\u00e9rents<\/h3>\n<\/div>\n\n\n\n<div class=\"gb-element-0e28a743\">\n<img loading=\"lazy\" decoding=\"async\" width=\"511\" height=\"511\" class=\"gb-media-1e16d1c2\" alt=\"\" src=\"https:\/\/oroel.com\/wp-content\/uploads\/2025\/06\/svgexport-10.svg\" title=\"svgexport-10\">\n\n\n\n<h3 class=\"gb-text gb-text-ae256861\">Plus de 700 000 v\u00eatements par an<\/h3>\n<\/div>\n\n\n\n<div class=\"gb-element-f930d161\">\n<img loading=\"lazy\" decoding=\"async\" width=\"494\" height=\"494\" class=\"gb-media-33966a25\" alt=\"\" src=\"https:\/\/oroel.com\/wp-content\/uploads\/2025\/06\/svgexport-11.svg\" title=\"svgexport-11\">\n\n\n\n<h3 class=\"gb-text gb-text-0c5b565b\">Plus de 1 000 mod\u00e8les certifi\u00e9s CE<\/h3>\n<\/div>\n\n\n\n<div class=\"gb-element-76299664\">\n<img loading=\"lazy\" decoding=\"async\" width=\"96\" height=\"96\" class=\"gb-media-77556637\" alt=\"\" src=\"https:\/\/oroel.com\/wp-content\/uploads\/2025\/06\/svgexport-12.svg\" title=\"svgexport-12\">\n\n\n\n<h3 class=\"gb-text gb-text-ba4b4987\">Plus de 500 fournisseurs du monde entier<\/h3>\n<\/div>\n\n\n\n<div class=\"gb-element-681ab300\">\n<img loading=\"lazy\" decoding=\"async\" width=\"512\" height=\"512\" class=\"gb-media-f24495f9\" alt=\"\" src=\"https:\/\/oroel.com\/wp-content\/uploads\/2025\/06\/svgexport-13.svg\" title=\"svgexport-13\">\n\n\n\n<h3 class=\"gb-text gb-text-2b0cf5af\">Plus de 2 000 clients<\/h3>\n<\/div>\n\n\n\n<div class=\"gb-element-77988b78\">\n<img loading=\"lazy\" decoding=\"async\" width=\"512\" height=\"512\" class=\"gb-media-1980f64a\" alt=\"\" src=\"https:\/\/oroel.com\/wp-content\/uploads\/2025\/06\/svgexport-14.svg\" title=\"svgexport-14\">\n\n\n\n<h3 class=\"gb-text gb-text-220c56d6\">Plus de 1 000 000 de travailleurs prot\u00e9g\u00e9s<\/h3>\n<\/div>\n<\/div>\n<\/div>\n","protected":false},"excerpt":{"rendered":"<p>Oroel en chiffres Bureaux principaux \u00e0 Saragosse avec 4 000 m2 de surface au sol, 800 m2 de bureaux et notre propre laboratoire Fabriqu\u00e9 \u00e0 Tanger, Maroc 150 travailleurs, dont 40 % &#8230; <\/p>\n<p class=\"read-more-container\"><a title=\"Oroel en chiffres\" class=\"read-more button\" href=\"https:\/\/oroel.com\/fr\/oroel-en-chiffres\/#more-22260\" aria-label=\"En savoir plus sur Oroel en chiffres\">Lire plus<\/a><\/p>\n","protected":false},"author":1,"featured_media":0,"parent":0,"menu_order":10,"comment_status":"closed","ping_status":"closed","template":"","meta":{"_acf_changed":false,"footnotes":""},"class_list":["post-22260","page","type-page","status-publish"],"acf":[],"_links":{"self":[{"href":"https:\/\/oroel.com\/fr\/wp-json\/wp\/v2\/pages\/22260","targetHints":{"allow":["GET"]}}],"collection":[{"href":"https:\/\/oroel.com\/fr\/wp-json\/wp\/v2\/pages"}],"about":[{"href":"https:\/\/oroel.com\/fr\/wp-json\/wp\/v2\/types\/page"}],"author":[{"embeddable":true,"href":"https:\/\/oroel.com\/fr\/wp-json\/wp\/v2\/users\/1"}],"replies":[{"embeddable":true,"href":"https:\/\/oroel.com\/fr\/wp-json\/wp\/v2\/comments?post=22260"}],"version-history":[{"count":1,"href":"https:\/\/oroel.com\/fr\/wp-json\/wp\/v2\/pages\/22260\/revisions"}],"predecessor-version":[{"id":22264,"href":"https:\/\/oroel.com\/fr\/wp-json\/wp\/v2\/pages\/22260\/revisions\/22264"}],"wp:attachment":[{"href":"https:\/\/oroel.com\/fr\/wp-json\/wp\/v2\/media?parent=22260"}],"curies":[{"name":"wp","href":"https:\/\/api.w.org\/{rel}","templated":true}]}}